{"id":6947,"date":"2018-06-28T06:54:26","date_gmt":"2018-06-28T06:54:26","guid":{"rendered":"http:\/\/wpderm.dermatologie-isarklinikum.de\/?page_id=6947"},"modified":"2021-02-25T13:01:19","modified_gmt":"2021-02-25T13:01:19","slug":"photodynamische-therapie","status":"publish","type":"page","link":"https:\/\/dermatologie-isarklinikum.de\/ru\/photodynamische-therapie\/","title":{"rendered":"Photodynamische Therapie"},"content":{"rendered":"<p>[vc_row][vc_column width=&#8221;1\/3&#8243;][vc_empty_space height=&#8221;8&#8243; css=&#8221;.vc_custom_1529664459266{margin-top: -9px !important;}&#8221;]\n<h2 class=\"edgtf-custom-font-holder\" style=\"font-weight: 400;text-transform: Uppercase;text-align: left\" >\n\t\n\tPhotodynamische Therapie\n\t\t\n\t<\/h2><div class=\"edgtf-separator-holder clearfix  edgtf-separator-left\">\n\t<div class=\"edgtf-separator\" style=\"border-color: #1dbadf;border-style: solid;width: 75px;border-bottom-width: 2pxpx;margin-top: 22px;margin-bottom: 25px\"><\/div>\n<\/div>\n[\/vc_column][vc_column width=&#8221;2\/3&#8243;][vc_column_text]In den letzten Jahren hat sich die Photodynamische Therapie (PDT) zur Behandlung von <a href=\"https:\/\/dermatologie-isarklinikum.de\/heller-hautkrebs\/\"><strong>Aktinischen Keratosen<\/strong><\/a> bew\u00e4hrt. Der Vorteil ist, dass gro\u00dfe Fl\u00e4chen wie zum Beispiel die Kopfhaut, Stirn- oder Wangenpartie behandelt werden k\u00f6nnen und nicht nur einzelne Ver\u00e4nderungen. Die sichtbaren aktinischen Keratosen stellen meist nur die Spitze des Eisberges dar und der bereits vorhandene Sonnenschaden betrifft das gesamte sonnenbeschienene Areal, nur dass hier die Sch\u00e4den in der Haut schon vorhanden, aber noch nicht sichtbar sind. Aus diesem Grund macht die Fl\u00e4chentherapie einer Region wie z.B. der Kopfhaut viel Sinn.[\/vc_column_text][vc_empty_space height=&#8221;20px&#8221;][vc_column_text]Der Nachteil der sehr wirksamen PDT-Behandlung war in der Vergangenheit die gro\u00dfe Schmerzhaftigkeit der Therapie, die f\u00fcr viele Patienten nicht gut zu tolerieren war. Aus diesem Grund bieten wir nun mit der sogenannten Tageslicht- (Daylight) PDT einen neuen Qualit\u00e4tsstandard in der photodynamischen Behandlung von aktinischen Keratosen an. Diese neuartige Lichtkabine erlaubt eine schmerzfreie und homogene Belichtung von <a href=\"https:\/\/dermatologie-isarklinikum.de\/heller-hautkrebs\/\"><strong>aktinischen Keratosen<\/strong><\/a> unabh\u00e4ngig vom Tagslicht draussen und ganzj\u00e4hrig durchf\u00fchrbar.[\/vc_column_text][vc_empty_space height=&#8221;20px&#8221;][vc_column_text]Bei dieser Behandlung wird &#8211; wie bei der herk\u00f6mmlichen PDT &#8211; das zu behandelnde Areal mit einer photosenisibilisierenden Creme vorbehandelt. Nach der Einwirkzeit kann dann die schonende Belichtung in der Lichtkabine erfolgen. Die erw\u00fcnschten Behandlungsreaktionen mit R\u00f6tungen, Schwellungen und Abschuppung der Haut treten dann in den Folgetagen auf und zeigen uns, dass die Behandlung wirkungsvoll war. Hier begleiten und betreuen wir Sie nat\u00fcrlich gerne.[\/vc_column_text][vc_empty_space height=&#8221;75px&#8221;][\/vc_column][\/vc_row][vc_row content_width=&#8221;grid&#8221;][vc_column offset=&#8221;vc_hidden-xs&#8221;]\t<div class=\"edgtf-call-to-action normal\" style=\"background: -webkit-linear-gradient(left,#c0954b,#e7bd74);background: -o-linear-gradient(right,#c0954b,#e7bd74);background: -moz-linear-gradient(right,#c0954b,#e7bd74);background: linear-gradient(to right,#c0954b,#e7bd74);\">\n\t\t<div class=\"edgtf-call-to-action-inset\" style=\"border-color:#ffffff\"><\/div>\n\t\t\n\t\t\t<div class=\"edgtf-call-to-action-together\" style=\"padding: 20px 10px;text-align:center\">\n\t\t\t\t<div class=\"edgtf-text-wrapper edgtf-call-to-action-column1 edgtf-call-to-action-cell\">\n\t\t\t\t\t\t\t\t\t<div class=\"edgtf-call-to-action-text\" style=\"font-size: 24px;color: #ffffff\">\n<h3 style=\"color: #fff; letter-spacing: 0.02em;\">JETZT TERMIN ONLINE VEREINBAREN<\/h3>\n<\/div>\n\t\t\t\t<\/div>\n\n\t\t\t\t\t\t\t\t\t<div class=\"edgtf-button-wrapper edgtf-call-to-action-column2 edgtf-call-to-action-cell\" style =\"text-align: right ;\">\n\t\t\t\t\t\t<a href=\"https:\/\/www.doctolib.de\/praxis\/muenchen\/dermatologie-im-isarklinikum\" target=\"_blank\" style=\"color: #ffffff\" class=\"edgtf-btn edgtf-btn-medium edgtf-btn-outline edgtf-has-hover edgtf-btn-custom-hover-color\" data-hover-color=\"#ffffff\" >    <span class=\"edgtf-btn-text\">Termin buchen<\/span>    <span class=\"edgtf-btn-background-holder\" style=\"border: 1px solid #ffffff\"><\/span>    <span class=\"edgtf-btn-background-hover-holder\" style=\"background: none;background-color: #1dbadf;border: 1px solid #ffffff\"><\/span><\/a>\t\t\t\t\t<\/div>\n\t\t\t\t\t\t\t<\/div>\n\t\t\t<\/div>\n[vc_empty_space height=&#8221;50px&#8221;][\/vc_column][\/vc_row][vc_row content_width=&#8221;grid&#8221;][vc_column offset=&#8221;vc_hidden-lg vc_hidden-md vc_hidden-sm&#8221;]\t<div class=\"edgtf-call-to-action normal\" style=\"background: -webkit-linear-gradient(left,#c0954b,#e7bd74);background: -o-linear-gradient(right,#c0954b,#e7bd74);background: -moz-linear-gradient(right,#c0954b,#e7bd74);background: linear-gradient(to right,#c0954b,#e7bd74);\">\n\t\t<div class=\"edgtf-call-to-action-inset\" style=\"border-color:#ffffff\"><\/div>\n\t\t\t\t<div class=\"edgtf-container-inner\">\n\t\t\n\t\t\t<div class=\"edgtf-call-to-action-together\" style=\"padding: 10px 10px 19px 10px;text-align:center\">\n\t\t\t\t<div class=\"edgtf-text-wrapper edgtf-call-to-action-column1 edgtf-call-to-action-cell\">\n\t\t\t\t\t\t\t\t\t<div class=\"edgtf-call-to-action-text\" style=\"font-size: 24px;color: #ffffff\"><\/div>\n\t\t\t\t<\/div>\n\n\t\t\t\t\t\t\t\t\t<div class=\"edgtf-button-wrapper edgtf-call-to-action-column2 edgtf-call-to-action-cell\" style =\"text-align: right ;\">\n\t\t\t\t\t\t<a href=\"https:\/\/www.doctolib.de\/praxis\/muenchen\/dermatologie-im-isarklinikum\" target=\"_blank\" style=\"color: #ffffff\" class=\"edgtf-btn edgtf-btn-medium edgtf-btn-outline edgtf-has-hover edgtf-btn-custom-hover-color\" data-hover-color=\"#ffffff\" >    <span class=\"edgtf-btn-text\">Termin buchen<\/span>    <span class=\"edgtf-btn-background-holder\" style=\"border: 1px solid #ffffff\"><\/span>    <span class=\"edgtf-btn-background-hover-holder\" style=\"background: none;background-color: #1dbadf;border: 1px solid #ffffff\"><\/span><\/a>\t\t\t\t\t<\/div>\n\t\t\t\t\t\t\t<\/div>\n\t\t\t\t<\/div>\n\t\t\t<\/div>\n[vc_empty_space height=&#8221;50px&#8221;][\/vc_column][\/vc_row]<\/p>\n","protected":false},"excerpt":{"rendered":"<p>[vc_row][vc_column width=&#8221;1\/3&#8243;][vc_empty_space height=&#8221;8&#8243; css=&#8221;.vc_custom_1529664459266{margin-top: -9px !important;}&#8221;][\/vc_column][vc_column width=&#8221;2\/3&#8243;][vc_column_text]In den letzten Jahren hat sich die Photodynamische Therapie (PDT) zur Behandlung von Aktinischen Keratosen bew\u00e4hrt. Der Vorteil ist, dass gro\u00dfe Fl\u00e4chen wie zum Beispiel die Kopfhaut, Stirn- oder Wangenpartie behandelt werden k\u00f6nnen und nicht nur einzelne Ver\u00e4nderungen. Die&#8230;<\/p>\n","protected":false},"author":1,"featured_media":0,"parent":0,"menu_order":0,"comment_status":"closed","ping_status":"closed","template":"","meta":{"footnotes":""},"class_list":["post-6947","page","type-page","status-publish","hentry"],"translation":{"provider":"WPGlobus","version":"3.0.2","language":"ru","enabled_languages":["de","ar","ru"],"languages":{"de":{"title":true,"content":true,"excerpt":false},"ar":{"title":false,"content":false,"excerpt":false},"ru":{"title":false,"content":false,"excerpt":false}}},"aioseo_notices":[],"_links":{"self":[{"href":"https:\/\/dermatologie-isarklinikum.de\/ru\/wp-json\/wp\/v2\/pages\/6947","targetHints":{"allow":["GET"]}}],"collection":[{"href":"https:\/\/dermatologie-isarklinikum.de\/ru\/wp-json\/wp\/v2\/pages"}],"about":[{"href":"https:\/\/dermatologie-isarklinikum.de\/ru\/wp-json\/wp\/v2\/types\/page"}],"author":[{"embeddable":true,"href":"https:\/\/dermatologie-isarklinikum.de\/ru\/wp-json\/wp\/v2\/users\/1"}],"replies":[{"embeddable":true,"href":"https:\/\/dermatologie-isarklinikum.de\/ru\/wp-json\/wp\/v2\/comments?post=6947"}],"version-history":[{"count":9,"href":"https:\/\/dermatologie-isarklinikum.de\/ru\/wp-json\/wp\/v2\/pages\/6947\/revisions"}],"predecessor-version":[{"id":7801,"href":"https:\/\/dermatologie-isarklinikum.de\/ru\/wp-json\/wp\/v2\/pages\/6947\/revisions\/7801"}],"wp:attachment":[{"href":"https:\/\/dermatologie-isarklinikum.de\/ru\/wp-json\/wp\/v2\/media?parent=6947"}],"curies":[{"name":"wp","href":"https:\/\/api.w.org\/{rel}","templated":true}]}}