{"id":6833,"date":"2018-06-26T08:49:53","date_gmt":"2018-06-26T08:49:53","guid":{"rendered":"http:\/\/wpderm.dermatologie-isarklinikum.de\/?page_id=6833"},"modified":"2021-02-25T12:14:08","modified_gmt":"2021-02-25T12:14:08","slug":"faltenbehandlung","status":"publish","type":"page","link":"https:\/\/dermatologie-isarklinikum.de\/ru\/faltenbehandlung\/","title":{"rendered":"Faltenbehandlung"},"content":{"rendered":"<p>[vc_row][vc_column width=&#8221;1\/3&#8243;][vc_empty_space height=&#8221;8&#8243; css=&#8221;.vc_custom_1529613544507{margin-top: -9px !important;}&#8221;]\n<h2 class=\"edgtf-custom-font-holder\" style=\"font-weight: 400;text-transform: Uppercase;text-align: left\" >\n\t\n\tBotulinumtoxin\n\t\t\n\t<\/h2><div class=\"edgtf-separator-holder clearfix  edgtf-separator-left\">\n\t<div class=\"edgtf-separator\" style=\"border-color: #1dbadf;border-style: solid;width: 75px;border-bottom-width: 2pxpx;margin-top: 22px;margin-bottom: 25px\"><\/div>\n<\/div>\n[\/vc_column][vc_column width=&#8221;2\/3&#8243;][vc_column_text]Nachdem das Nervengift Botulinumtoxin seit Jahrzehnten f\u00fcr medizinische Krankheitsbilder wie Schiefhals, Dystonien oder Muskelspasmen und auch bei Migr\u00e4ne eingesetzt wurde, gibt es mittlerweile auch langj\u00e4hrige Erfahrungen auf dem Gebiet der Faltenbehandlung. Hierbei werden kleinste Mengen des Toxins in die Haut und mimischen Muskeln injiziert. Auch zur Behandlung der Hyperhidrose (verst\u00e4rkte Schwei\u00dfneigung) in Achseln, an H\u00e4nden und F\u00fc\u00dfen eignet sich Botulinumtoxin, da es die Produktion der Schwei\u00dfdr\u00fcsen zuverl\u00e4ssig f\u00fcr einige Monate hemmt.[\/vc_column_text][vc_empty_space height=&#8221;20px&#8221;][vc_column_text]Eine besonders geeignete Region f\u00fcr die Behandlung mit Botulinumtoxin ist die <em><strong>Zornesfalte<\/strong><\/em> (Glabellafalte). Mittels mehrerer kleiner Injektionen in diesem Bereich l\u00e4sst sich eine Gl\u00e4ttung der Region erreichen, die 3-6 Monate anh\u00e4lt und einen freundlichen und entspannten Gesichtsausdruck verleiht. <em><strong>Stirnfalten<\/strong><\/em> sind eine weitere sehr gute Indikation f\u00fcr Botulinumtoxin, wenige kleine Injektionen f\u00fchren bereits nach 1 Woche zu einer deutlichen Gl\u00e4ttung der Stirnpartie. Desweiteren kann die Behandlung von <em><strong>Kr\u00e4henf\u00fc\u00dfen<\/strong><\/em> mittels Botulinumtoxin erfolgen.[\/vc_column_text][vc_empty_space height=&#8221;20px&#8221;][vc_column_text]F\u00fcr uns steht eine schonende und nat\u00fcrliche Behandlung im Vordergrund. Aus diesem Grund empfehlen wir die gemeinsame Erstellung eines Konzeptes f\u00fcr Ihre Faltenbehandlung, bei dem wir Ihre W\u00fcnsche ber\u00fccksichtigen und Ihnen einen Behandlungsvorschlag erstellen.[\/vc_column_text][vc_empty_space height=&#8221;50px&#8221;][\/vc_column][\/vc_row][vc_row css=&#8221;.vc_custom_1529578639056{background-color: #f9f9f9 !important;}&#8221;][vc_column][vc_empty_space height=&#8221;3px&#8221;][\/vc_column][\/vc_row][vc_row css=&#8221;.vc_custom_1529612762213{padding-top: 50px !important;}&#8221;][vc_column width=&#8221;1\/3&#8243;][vc_empty_space height=&#8221;8&#8243; css=&#8221;.vc_custom_1529614631316{margin-top: -9px !important;}&#8221;]\n<h2 class=\"edgtf-custom-font-holder\" style=\"font-weight: 400;text-transform: Uppercase;text-align: left\" >\n\t\n\tHyalurons\u00e4ure-Filler\n\t\t\n\t<\/h2><div class=\"edgtf-separator-holder clearfix  edgtf-separator-left\">\n\t<div class=\"edgtf-separator\" style=\"border-color: #1dbadf;border-style: solid;width: 75px;border-bottom-width: 2pxpx;margin-top: 22px;margin-bottom: 25px\"><\/div>\n<\/div>\n[\/vc_column][vc_column width=&#8221;2\/3&#8243;][vc_column_text]Um ein nat\u00fcrliches Gesamtergebnis zu erreichen, kann die Kombination der Toxinbehandlung mit einem Hyalurons\u00e4ure-Filler sinnvoll sein. Hyalurons\u00e4ure-Filler eignen sich zur Aufpolsterung von Falten, wie z.B. der Nasolabialfalte. Diese kann direkt durch Auff\u00fcllung, aber auch indirekt durch Aufbau der Wangenregion gegl\u00e4ttet werden. Weitere M\u00f6glichkeiten sind die Behandlung z.B. der Lippenregion und Kinnfalten. Hier beraten wir Sie gerne.[\/vc_column_text][vc_empty_space height=&#8221;75px&#8221;][\/vc_column][\/vc_row][vc_row content_width=&#8221;grid&#8221;][vc_column offset=&#8221;vc_hidden-xs&#8221;]\t<div class=\"edgtf-call-to-action normal\" style=\"background: -webkit-linear-gradient(left,#c0954b,#e7bd74);background: -o-linear-gradient(right,#c0954b,#e7bd74);background: -moz-linear-gradient(right,#c0954b,#e7bd74);background: linear-gradient(to right,#c0954b,#e7bd74);\">\n\t\t<div class=\"edgtf-call-to-action-inset\" style=\"border-color:#ffffff\"><\/div>\n\t\t\n\t\t\t<div class=\"edgtf-call-to-action-together\" style=\"padding: 20px 10px;text-align:center\">\n\t\t\t\t<div class=\"edgtf-text-wrapper edgtf-call-to-action-column1 edgtf-call-to-action-cell\">\n\t\t\t\t\t\t\t\t\t<div class=\"edgtf-call-to-action-text\" style=\"font-size: 24px;color: #ffffff\">\n<h3 style=\"color: #fff; letter-spacing: 0.02em;\">JETZT TERMIN ONLINE VEREINBAREN<\/h3>\n<\/div>\n\t\t\t\t<\/div>\n\n\t\t\t\t\t\t\t\t\t<div class=\"edgtf-button-wrapper edgtf-call-to-action-column2 edgtf-call-to-action-cell\" style =\"text-align: right ;\">\n\t\t\t\t\t\t<a href=\"https:\/\/www.doctolib.de\/praxis\/muenchen\/dermatologie-im-isarklinikum\" target=\"_blank\" style=\"color: #ffffff\" class=\"edgtf-btn edgtf-btn-medium edgtf-btn-outline edgtf-has-hover edgtf-btn-custom-hover-color\" data-hover-color=\"#ffffff\" >    <span class=\"edgtf-btn-text\">Termin buchen<\/span>    <span class=\"edgtf-btn-background-holder\" style=\"border: 1px solid #ffffff\"><\/span>    <span class=\"edgtf-btn-background-hover-holder\" style=\"background: none;background-color: #1dbadf;border: 1px solid #ffffff\"><\/span><\/a>\t\t\t\t\t<\/div>\n\t\t\t\t\t\t\t<\/div>\n\t\t\t<\/div>\n[vc_empty_space height=&#8221;50px&#8221;][\/vc_column][\/vc_row][vc_row content_width=&#8221;grid&#8221;][vc_column offset=&#8221;vc_hidden-lg vc_hidden-md vc_hidden-sm&#8221;]\t<div class=\"edgtf-call-to-action normal\" style=\"background: -webkit-linear-gradient(left,#c0954b,#e7bd74);background: -o-linear-gradient(right,#c0954b,#e7bd74);background: -moz-linear-gradient(right,#c0954b,#e7bd74);background: linear-gradient(to right,#c0954b,#e7bd74);\">\n\t\t<div class=\"edgtf-call-to-action-inset\" style=\"border-color:#ffffff\"><\/div>\n\t\t\t\t<div class=\"edgtf-container-inner\">\n\t\t\n\t\t\t<div class=\"edgtf-call-to-action-together\" style=\"padding: 10px 10px 19px 10px;text-align:center\">\n\t\t\t\t<div class=\"edgtf-text-wrapper edgtf-call-to-action-column1 edgtf-call-to-action-cell\">\n\t\t\t\t\t\t\t\t\t<div class=\"edgtf-call-to-action-text\" style=\"font-size: 24px;color: #ffffff\"><\/div>\n\t\t\t\t<\/div>\n\n\t\t\t\t\t\t\t\t\t<div class=\"edgtf-button-wrapper edgtf-call-to-action-column2 edgtf-call-to-action-cell\" style =\"text-align: right ;\">\n\t\t\t\t\t\t<a href=\"https:\/\/www.doctolib.de\/praxis\/muenchen\/dermatologie-im-isarklinikum\" target=\"_blank\" style=\"color: #ffffff\" class=\"edgtf-btn edgtf-btn-medium edgtf-btn-outline edgtf-has-hover edgtf-btn-custom-hover-color\" data-hover-color=\"#ffffff\" >    <span class=\"edgtf-btn-text\">Termin buchen<\/span>    <span class=\"edgtf-btn-background-holder\" style=\"border: 1px solid #ffffff\"><\/span>    <span class=\"edgtf-btn-background-hover-holder\" style=\"background: none;background-color: #1dbadf;border: 1px solid #ffffff\"><\/span><\/a>\t\t\t\t\t<\/div>\n\t\t\t\t\t\t\t<\/div>\n\t\t\t\t<\/div>\n\t\t\t<\/div>\n[vc_empty_space height=&#8221;50px&#8221;][\/vc_column][\/vc_row]<\/p>\n","protected":false},"excerpt":{"rendered":"<p>[vc_row][vc_column width=&#8221;1\/3&#8243;][vc_empty_space height=&#8221;8&#8243; css=&#8221;.vc_custom_1529613544507{margin-top: -9px !important;}&#8221;][\/vc_column][vc_column width=&#8221;2\/3&#8243;][vc_column_text]Nachdem das Nervengift Botulinumtoxin seit Jahrzehnten f\u00fcr medizinische Krankheitsbilder wie Schiefhals, Dystonien oder Muskelspasmen und auch bei Migr\u00e4ne eingesetzt wurde, gibt es mittlerweile auch langj\u00e4hrige Erfahrungen auf dem Gebiet der Faltenbehandlung. Hierbei werden kleinste Mengen des Toxins in die&#8230;<\/p>\n","protected":false},"author":1,"featured_media":0,"parent":0,"menu_order":0,"comment_status":"closed","ping_status":"closed","template":"","meta":{"footnotes":""},"class_list":["post-6833","page","type-page","status-publish","hentry"],"translation":{"provider":"WPGlobus","version":"3.0.2","language":"ru","enabled_languages":["de","ar","ru"],"languages":{"de":{"title":true,"content":true,"excerpt":false},"ar":{"title":false,"content":false,"excerpt":false},"ru":{"title":false,"content":false,"excerpt":false}}},"aioseo_notices":[],"_links":{"self":[{"href":"https:\/\/dermatologie-isarklinikum.de\/ru\/wp-json\/wp\/v2\/pages\/6833","targetHints":{"allow":["GET"]}}],"collection":[{"href":"https:\/\/dermatologie-isarklinikum.de\/ru\/wp-json\/wp\/v2\/pages"}],"about":[{"href":"https:\/\/dermatologie-isarklinikum.de\/ru\/wp-json\/wp\/v2\/types\/page"}],"author":[{"embeddable":true,"href":"https:\/\/dermatologie-isarklinikum.de\/ru\/wp-json\/wp\/v2\/users\/1"}],"replies":[{"embeddable":true,"href":"https:\/\/dermatologie-isarklinikum.de\/ru\/wp-json\/wp\/v2\/comments?post=6833"}],"version-history":[{"count":8,"href":"https:\/\/dermatologie-isarklinikum.de\/ru\/wp-json\/wp\/v2\/pages\/6833\/revisions"}],"predecessor-version":[{"id":7789,"href":"https:\/\/dermatologie-isarklinikum.de\/ru\/wp-json\/wp\/v2\/pages\/6833\/revisions\/7789"}],"wp:attachment":[{"href":"https:\/\/dermatologie-isarklinikum.de\/ru\/wp-json\/wp\/v2\/media?parent=6833"}],"curies":[{"name":"wp","href":"https:\/\/api.w.org\/{rel}","templated":true}]}}