{"id":6749,"date":"2018-06-21T20:28:57","date_gmt":"2018-06-21T20:28:57","guid":{"rendered":"http:\/\/wpderm.dermatologie-isarklinikum.de\/?page_id=6749"},"modified":"2021-02-25T12:40:17","modified_gmt":"2021-02-25T12:40:17","slug":"heller-hautkrebs","status":"publish","type":"page","link":"https:\/\/dermatologie-isarklinikum.de\/ru\/heller-hautkrebs\/","title":{"rendered":"Heller Hautkrebs"},"content":{"rendered":"<p>[vc_row][vc_column width=&#8221;1\/3&#8243;][vc_empty_space height=&#8221;8&#8243; css=&#8221;.vc_custom_1529613513363{margin-top: -9px !important;}&#8221;]\n<h2 class=\"edgtf-custom-font-holder\" style=\"font-weight: 400;text-transform: Uppercase;text-align: left\" >\n\t\n\tAktinische Keratosen\n\t\t\n\t<\/h2><div class=\"edgtf-separator-holder clearfix  edgtf-separator-left\">\n\t<div class=\"edgtf-separator\" style=\"border-color: #1dbadf;border-style: solid;width: 75px;border-bottom-width: 2pxpx;margin-top: 22px;margin-bottom: 25px\"><\/div>\n<\/div>\n[\/vc_column][vc_column width=&#8221;2\/3&#8243;][vc_column_text]Die aktinischen Keratosen (auch: Lichtschwielen) sind eine Reaktion der Haut auf chronische und verst\u00e4rkte Lichtexposition. Sie stellen Hautkrebsvorstufen dar, da sie bei Nichtbehandlung in ein invasives <strong>Plattenepithelkarzinom<\/strong> (siehe unten) mit dem Potential zur Metastasierung \u00fcbergehen k\u00f6nnen.[\/vc_column_text][vc_empty_space height=&#8221;20px&#8221;][vc_column_text]Die aktinischen Keratosen treten meist nicht einzeln sondern vielfach in sonnenbeschienen Arealen wie z.B. dem nicht-behaarten Oberkopf, Stirn, Wangen, Nase, aber auch Handr\u00fccken und Dekollet\u00e9 auf. Ab dem 60. Lebensjahr sind aktinische Keratosen sehr h\u00e4ufig, sie k\u00f6nnen aber auch schon bei j\u00fcngeren Personen um die 40 Jahre auftreten.[\/vc_column_text][vc_empty_space height=&#8221;20px&#8221;][vc_column_text]Neben einem hellen Hauttyp sind besonders Menschen mit beruflicher Sonnenexposition wie z.B. Tennislehrer, Skilehrer, Landwirte, Dachdecker, Piloten, aber auch Personen mit gesteigerten Outdoor-Freizeitaktivit\u00e4ten wie Segler, Golfer, Bergsteiger etc. betroffen.[\/vc_column_text][vc_empty_space height=&#8221;20px&#8221;][vc_column_text]Die aktinischen Keratosen sind anfangs nicht besonders auff\u00e4llig und werden eher als rauhe, schuppige Krusten getastet. Diese k\u00f6nnen wei\u00dflich, aber auch rot-br\u00e4unlich sein und hin und wieder bluten und verschorfen. Kommen viele aktinische Keratosen nebeneinander auf einer stark sonnenexponierten Fl\u00e4che wie z.B. der nicht-behaarten Kopfhaut vor, spricht man auch von Feldkanzerisierung.[\/vc_column_text][vc_empty_space height=&#8221;50px&#8221;]<div class=\"edgtf-tabs edgtf-horizontal-tab edgtf-tab-without-icon clearfix\">\n\t<ul class=\"edgtf-tabs-nav\">\n\t\t\t\t\t<li>\n\t\t\t\t<a href=\"#tab-diagnostik\">\n\t\t\t\t\t\n\t\t\t\t\t\t\t\t\t\t\t<span class=\"edgtf-tab-text-after-icon\">\n\t\t\t\t\t\t\tDiagnostik\t\t\t\t\t\t<\/span>\n\t\t\t\t\t\t\t\t\t\t\t\n\t\t\t\t\t\t\t\t\t<\/a>\n\t\t\t\t<div class=\"edgtf-tabs-gradient\"><\/div>\n\t\t\t <\/li>\n\t\t\t\t\t<li>\n\t\t\t\t<a href=\"#tab-therapie\">\n\t\t\t\t\t\n\t\t\t\t\t\t\t\t\t\t\t<span class=\"edgtf-tab-text-after-icon\">\n\t\t\t\t\t\t\tTherapie\t\t\t\t\t\t<\/span>\n\t\t\t\t\t\t\t\t\t\t\t\n\t\t\t\t\t\t\t\t\t<\/a>\n\t\t\t\t<div class=\"edgtf-tabs-gradient\"><\/div>\n\t\t\t <\/li>\n\t\t\t\t\t<li>\n\t\t\t\t<a href=\"#tab-weitere-behandlungsmoglichkeiten\">\n\t\t\t\t\t\n\t\t\t\t\t\t\t\t\t\t\t<span class=\"edgtf-tab-text-after-icon\">\n\t\t\t\t\t\t\tWeitere Behandlungsm\u00f6glichkeiten\t\t\t\t\t\t<\/span>\n\t\t\t\t\t\t\t\t\t\t\t\n\t\t\t\t\t\t\t\t\t<\/a>\n\t\t\t\t<div class=\"edgtf-tabs-gradient\"><\/div>\n\t\t\t <\/li>\n\t\t\t<\/ul> \n\t<div class=\"edgtf-tab-container\" id=\"tab-diagnostik-881\" data-icon-pack=\"font_awesome\" data-icon-html=\"&lt;i class=&quot;edgtf-icon-font-awesome fa  &quot; &gt;&lt;\/i&gt;\">[vc_column_text]Der erfahrene Hautarzt erkennt aktinische Keratosen im Rahmen eines Hautkrebs-Screenings. In unserer Praxis setzen wir neben dem <a href=\"https:\/\/dermatologie-isarklinikum.de\/digitale-dermatoskopie\/\"><strong>Dermatoskop<\/strong><\/a> (Auflichtmikroskopie) auch modernste, nicht-invasive, bildgebende Verfahren wie <a href=\"https:\/\/dermatologie-isarklinikum.de\/optische-kohaerenztomografie\/\"><strong>Optische Koh\u00e4renztomografie<\/strong><\/a> und <a href=\"https:\/\/dermatologie-isarklinikum.de\/konfokale-laserscanmikroskopie\/\"><strong>Konfokale Laserscanmikroskopie<\/strong><\/a> ein, die eine Unterst\u00fctzung bei der Abgrenzung zur Tiefe und von anderen Hautkrebsen bieten. (<a href=\"https:\/\/dermatologie-isarklinikum.de\/prof-dr-med-tanja-von-braunmuehl\/#publikationen\"><strong>Publikationen Prof. v. Braunm\u00fchl<\/strong><\/a>)[\/vc_column_text]<\/div><div class=\"edgtf-tab-container\" id=\"tab-therapie-57\" data-icon-pack=\"font_awesome\" data-icon-html=\"&lt;i class=&quot;edgtf-icon-font-awesome fa  &quot; &gt;&lt;\/i&gt;\">[vc_column_text]Bei der Therapie der aktinischen Keratosen muss man 2 Punkte beachten und verstehen:<\/p>\n<p><em><strong>Erstens<\/strong><\/em> handelt es sich hierbei um einen chronischen Sonnenschaden der Haut, der &#8211; einmal diagnostiziert &#8211; in den kommenden Jahren regelm\u00e4ssige Nachkontrollen und wiederholte Therapien n\u00f6tig macht.<\/p>\n<p><em><strong>Zweitens<\/strong><\/em> ist fast immer eine Fl\u00e4chenbehandlung und nicht nur die Behandlung einzelner L\u00e4sionen sinnvoll, da meist auch nicht-sichtbare Sch\u00e4digungen an der chronisch sonnenexponierten Haut vorhanden sind, und damit das schnelle Wiederauftreten von neuen L\u00e4sionen aufgehalten werden kann.<\/p>\n<p>F\u00fcr die Fl\u00e4chentherapie eignet sich besonders die <strong><a href=\"https:\/\/dermatologie-isarklinikum.de\/photodynamische-therapie\/\">Photodynamische Therapie<\/a>, <\/strong>die in unserer Praxis als schmerzfreie Variante mit Tageslicht-Lampe zur Verf\u00fcgung steht.[\/vc_column_text]<\/div><div class=\"edgtf-tab-container\" id=\"tab-weitere-behandlungsmoglichkeiten-114\" data-icon-pack=\"font_awesome\" data-icon-html=\"&lt;i class=&quot;edgtf-icon-font-awesome fa  &quot; &gt;&lt;\/i&gt;\">[vc_column_text]Weitere Behandlungsm\u00f6glichkeiten sind je nach Art, Vorlieben und Verteilung auch <a href=\"https:\/\/dermatologie-isarklinikum.de\/operationen\/\"><strong>operative Methoden<\/strong><\/a>, <strong><a href=\"https:\/\/dermatologie-isarklinikum.de\/lasertherapie\/\">Laser-Verfahren<\/a><\/strong> oder medizinische Cremetherapien unter \u00e4rztlicher Betreuung.[\/vc_column_text]<\/div><\/div>[vc_empty_space height=&#8221;25px&#8221;][\/vc_column][\/vc_row][vc_row css=&#8221;.vc_custom_1529614467282{background-color: #f9f9f9 !important;}&#8221;][vc_column][vc_empty_space height=&#8221;3px&#8221;][\/vc_column][\/vc_row][vc_row css=&#8221;.vc_custom_1529613391173{padding-top: 50px !important;}&#8221;][vc_column width=&#8221;1\/3&#8243;][vc_empty_space height=&#8221;8&#8243; css=&#8221;.vc_custom_1529613544507{margin-top: -9px !important;}&#8221;]\n<h2 class=\"edgtf-custom-font-holder\" style=\"font-weight: 400;text-transform: Uppercase;text-align: left\" >\n\t\n\tPlattenepithel-Karzinom\n\t\t\n\t<\/h2><div class=\"edgtf-separator-holder clearfix  edgtf-separator-left\">\n\t<div class=\"edgtf-separator\" style=\"border-color: #1dbadf;border-style: solid;width: 75px;border-bottom-width: 2pxpx;margin-top: 22px;margin-bottom: 25px\"><\/div>\n<\/div>\n[\/vc_column][vc_column width=&#8221;2\/3&#8243;][vc_column_text]Das Plattenepithelkarzinom (auch: Spinozellul\u00e4res Karzinom) kann sich aus Hautkrebsvorstufen, wie den aktinischen Keratosen, entwickeln und stellt ein invasives Karzinom dar. Das bedeutet, es hat die oberste Hautschicht durchbrochen und Kontakt zu Blut- und Lymphgef\u00e4\u00dfen, was eine Metastasierung, d.h. Absiedlung von b\u00f6sartigen Zellen in andere Organe, vor allem Lymphknoten, m\u00f6glich macht. Aus diesem Grund sollte ein Plattenepithelkarzinom immer sicher im Ganzen und mit Sicherheitsabstand entfernt werden. Ausserdem f\u00fchren wir bei der Diagnose eines Plattenepithelkarzinoms und im Verlauf <a href=\"https:\/\/dermatologie-isarklinikum.de\/ultraschall\/\"><strong>Ultraschall-Untersuchungen<\/strong><\/a> der angrenzenden Lymphknoten durch. Desweiteren ist die regelm\u00e4ssige, mindestens halbj\u00e4hrliche Kontrolle der Narbe und deren Umgebung sowie der Lymphknoten wichtig.[\/vc_column_text][vc_empty_space height=&#8221;50px&#8221;][\/vc_column][\/vc_row][vc_row css=&#8221;.vc_custom_1529578639056{background-color: #f9f9f9 !important;}&#8221;][vc_column][vc_empty_space height=&#8221;3px&#8221;][\/vc_column][\/vc_row][vc_row css=&#8221;.vc_custom_1529612762213{padding-top: 50px !important;}&#8221;][vc_column width=&#8221;1\/3&#8243;][vc_empty_space height=&#8221;8&#8243; css=&#8221;.vc_custom_1529614631316{margin-top: -9px !important;}&#8221;]\n<h2 class=\"edgtf-custom-font-holder\" style=\"font-weight: 400;text-transform: Uppercase;text-align: left\" >\n\t\n\tBasalzell-Karzinom\n\t\t\n\t<\/h2><div class=\"edgtf-separator-holder clearfix  edgtf-separator-left\">\n\t<div class=\"edgtf-separator\" style=\"border-color: #1dbadf;border-style: solid;width: 75px;border-bottom-width: 2pxpx;margin-top: 22px;margin-bottom: 25px\"><\/div>\n<\/div>\n[\/vc_column][vc_column width=&#8221;2\/3&#8243;][vc_column_text]Das Basalzellkarzinom (fr\u00fcher: Basaliom) ist die h\u00e4ufigste Krebsart der hellh\u00e4utigen Bev\u00f6lkerung weltweit. Das Basalzellkarzinom wird ma\u00dfgeblich durch vermehrte Sonnenexposition verursacht und tritt deshalb an den sogenannten Sonnenterrassen des K\u00f6rpers auf wie Nase, Wangen, Stirn, Kopf und auch Schultern, R\u00fccken, Dekollet\u00e9.[\/vc_column_text][vc_empty_space height=&#8221;20px&#8221;][vc_column_text]Leider kommt das Basalzellkarzinom mittlerweile nicht nur bei \u00e4lteren Personen, sondern vermehrt auch im j\u00fcngeren Lebensalter von 35-40 Jahren vor. Neben genetischer Veranlagung und hellem Hauttyp spielt das Freizeitverhalten eine entscheidende Rolle. So sind z.B. Tennisspieler, Golfer, Segler, Bergsteiger, Skifahrer, Cabriofahrer besonders gef\u00e4hrdet.[\/vc_column_text][vc_empty_space height=&#8221;20px&#8221;][vc_column_text]H\u00e4ufig \u00fcbersieht man als Laie zun\u00e4chst die oft hautfarbene Stelle, die \u00f6fter bluten kann und keine Heilung, sondern eine Vergr\u00f6\u00dferungstendenz zeigt. Wir empfehlen Ihnen, sich zeitnah bei uns vorzustellen, wenn Ihnen unklare Stellen aufgefallen sind.[\/vc_column_text][vc_empty_space height=&#8221;50px&#8221;]<div class=\"edgtf-tabs edgtf-horizontal-tab edgtf-tab-without-icon clearfix\">\n\t<ul class=\"edgtf-tabs-nav\">\n\t\t\t\t\t<li>\n\t\t\t\t<a href=\"#tab-diagnostik\">\n\t\t\t\t\t\n\t\t\t\t\t\t\t\t\t\t\t<span class=\"edgtf-tab-text-after-icon\">\n\t\t\t\t\t\t\tDiagnostik\t\t\t\t\t\t<\/span>\n\t\t\t\t\t\t\t\t\t\t\t\n\t\t\t\t\t\t\t\t\t<\/a>\n\t\t\t\t<div class=\"edgtf-tabs-gradient\"><\/div>\n\t\t\t <\/li>\n\t\t\t\t\t<li>\n\t\t\t\t<a href=\"#tab-therapie\">\n\t\t\t\t\t\n\t\t\t\t\t\t\t\t\t\t\t<span class=\"edgtf-tab-text-after-icon\">\n\t\t\t\t\t\t\tTherapie\t\t\t\t\t\t<\/span>\n\t\t\t\t\t\t\t\t\t\t\t\n\t\t\t\t\t\t\t\t\t<\/a>\n\t\t\t\t<div class=\"edgtf-tabs-gradient\"><\/div>\n\t\t\t <\/li>\n\t\t\t\t\t<li>\n\t\t\t\t<a href=\"#tab-nachsorge\">\n\t\t\t\t\t\n\t\t\t\t\t\t\t\t\t\t\t<span class=\"edgtf-tab-text-after-icon\">\n\t\t\t\t\t\t\tNachsorge\t\t\t\t\t\t<\/span>\n\t\t\t\t\t\t\t\t\t\t\t\n\t\t\t\t\t\t\t\t\t<\/a>\n\t\t\t\t<div class=\"edgtf-tabs-gradient\"><\/div>\n\t\t\t <\/li>\n\t\t\t<\/ul> \n\t<div class=\"edgtf-tab-container\" id=\"tab-diagnostik-143\" data-icon-pack=\"font_awesome\" data-icon-html=\"&lt;i class=&quot;edgtf-icon-font-awesome fa  &quot; &gt;&lt;\/i&gt;\">[vc_column_text]Der erfahrene Hautarzt erkennt beim Hautkrebs-Screening solche verd\u00e4chtigen Stellen. In unserer Praxis stehen uns zus\u00e4tzlich nicht-invasive, bildgebende Verfahren zur Verf\u00fcgung wie <a href=\"https:\/\/dermatologie-isarklinikum.de\/digitale-dermatoskopie\/\"><strong>Dermatoskopie<\/strong><\/a>, <a href=\"https:\/\/dermatologie-isarklinikum.de\/optische-kohaerenztomografie\/\"><strong>Optische Koh\u00e4renztomografie<\/strong><\/a> und <a href=\"https:\/\/dermatologie-isarklinikum.de\/konfokale-laserscanmikroskopie\/\"><strong>Konfokale Laserscanmikroskopie<\/strong><\/a><strong>,<\/strong> die helfen, den Verdacht zu best\u00e4tigen oder auszur\u00e4umen (<a href=\"https:\/\/dermatologie-isarklinikum.de\/prof-dr-med-tanja-von-braunmuehl\/#publikationen\"><strong>Publikationen TVB<\/strong><\/a>). In unklaren F\u00e4llen bringt eine Gewebeprobe Gewissheit.[\/vc_column_text]<\/div><div class=\"edgtf-tab-container\" id=\"tab-therapie-812\" data-icon-pack=\"font_awesome\" data-icon-html=\"&lt;i class=&quot;edgtf-icon-font-awesome fa  &quot; &gt;&lt;\/i&gt;\">[vc_column_text]Die Therapie des Basalzellkarzinoms h\u00e4ngt von der Lage am K\u00f6rper, der Gr\u00f6\u00dfe und dem histologischen Typ ab. Eine sichere Behandlung ist die schnittrandkontrollierte <a href=\"https:\/\/dermatologie-isarklinikum.de\/operationen\/\"><strong>operative Entfernung<\/strong><\/a> des Basalzellkarzinoms in \u00f6rtlicher Bet\u00e4ubung. Diese wird vor allem bei schwierig abgrenzbaren Formen im Gesicht, den sogenannten vernarbenden \/ sklerodermiformen Basalzellkarzinome angewandt.<\/p>\n<p>Bei oberfl\u00e4chlichen Basalzellkarzinomen stehen uns auch nicht-operative, kosmetisch sehr befriedigende Behandlungen zur Verf\u00fcgung wie die <strong><a href=\"https:\/\/dermatologie-isarklinikum.de\/photodynamische-therapie\/\">Photodynamische Therapie<\/a><\/strong>, <strong><a href=\"https:\/\/dermatologie-isarklinikum.de\/lasertherapie\/\">Lasertherapie<\/a><\/strong> oder Behandlung mit medizinischen Cremes unter fachlicher Anleitung.[\/vc_column_text]<\/div><div class=\"edgtf-tab-container\" id=\"tab-nachsorge-444\" data-icon-pack=\"font_awesome\" data-icon-html=\"&lt;i class=&quot;edgtf-icon-font-awesome fa  &quot; &gt;&lt;\/i&gt;\">[vc_column_text]Die richtige und vollst\u00e4ndige Therapie ist beim Basalzellkarzinom sehr bedeutsam, da es als sogenannter \u201eEisberg\u201c-Tumor h\u00e4ufig gr\u00f6\u00dfer ist als gedacht und zu Rezidiven neigt. Aus diesem Grund m\u00fcssen auch regelm\u00e4ssige Nachkontrollen mindestens alle 6 Monate erfolgen. Gerne beraten wir Sie zu einer passenden und sicheren Therapie.[\/vc_column_text]<\/div><\/div>[vc_empty_space height=&#8221;60px&#8221;][\/vc_column][\/vc_row][vc_row content_width=&#8221;grid&#8221;][vc_column offset=&#8221;vc_hidden-xs&#8221;]\t<div class=\"edgtf-call-to-action normal\" style=\"background: -webkit-linear-gradient(left,#c0954b,#e7bd74);background: -o-linear-gradient(right,#c0954b,#e7bd74);background: -moz-linear-gradient(right,#c0954b,#e7bd74);background: linear-gradient(to right,#c0954b,#e7bd74);\">\n\t\t<div class=\"edgtf-call-to-action-inset\" style=\"border-color:#ffffff\"><\/div>\n\t\t\n\t\t\t<div class=\"edgtf-call-to-action-together\" style=\"padding: 20px 10px;text-align:center\">\n\t\t\t\t<div class=\"edgtf-text-wrapper edgtf-call-to-action-column1 edgtf-call-to-action-cell\">\n\t\t\t\t\t\t\t\t\t<div class=\"edgtf-call-to-action-text\" style=\"font-size: 24px;color: #ffffff\">\n<h3 style=\"color: #fff; letter-spacing: 0.02em;\">JETZT TERMIN ONLINE VEREINBAREN<\/h3>\n<\/div>\n\t\t\t\t<\/div>\n\n\t\t\t\t\t\t\t\t\t<div class=\"edgtf-button-wrapper edgtf-call-to-action-column2 edgtf-call-to-action-cell\" style =\"text-align: right ;\">\n\t\t\t\t\t\t<a href=\"https:\/\/www.doctolib.de\/praxis\/muenchen\/dermatologie-im-isarklinikum\" target=\"_blank\" style=\"color: #ffffff\" class=\"edgtf-btn edgtf-btn-medium edgtf-btn-outline edgtf-has-hover edgtf-btn-custom-hover-color\" data-hover-color=\"#ffffff\" >    <span class=\"edgtf-btn-text\">Termin buchen<\/span>    <span class=\"edgtf-btn-background-holder\" style=\"border: 1px solid #ffffff\"><\/span>    <span class=\"edgtf-btn-background-hover-holder\" style=\"background: none;background-color: #1dbadf;border: 1px solid #ffffff\"><\/span><\/a>\t\t\t\t\t<\/div>\n\t\t\t\t\t\t\t<\/div>\n\t\t\t<\/div>\n[vc_empty_space height=&#8221;50px&#8221;][\/vc_column][\/vc_row][vc_row content_width=&#8221;grid&#8221;][vc_column offset=&#8221;vc_hidden-lg vc_hidden-md vc_hidden-sm&#8221;]\t<div class=\"edgtf-call-to-action normal\" style=\"background: -webkit-linear-gradient(left,#c0954b,#e7bd74);background: -o-linear-gradient(right,#c0954b,#e7bd74);background: -moz-linear-gradient(right,#c0954b,#e7bd74);background: linear-gradient(to right,#c0954b,#e7bd74);\">\n\t\t<div class=\"edgtf-call-to-action-inset\" style=\"border-color:#ffffff\"><\/div>\n\t\t\t\t<div class=\"edgtf-container-inner\">\n\t\t\n\t\t\t<div class=\"edgtf-call-to-action-together\" style=\"padding: 10px 10px 19px 10px;text-align:center\">\n\t\t\t\t<div class=\"edgtf-text-wrapper edgtf-call-to-action-column1 edgtf-call-to-action-cell\">\n\t\t\t\t\t\t\t\t\t<div class=\"edgtf-call-to-action-text\" style=\"font-size: 24px;color: #ffffff\"><\/div>\n\t\t\t\t<\/div>\n\n\t\t\t\t\t\t\t\t\t<div class=\"edgtf-button-wrapper edgtf-call-to-action-column2 edgtf-call-to-action-cell\" style =\"text-align: right ;\">\n\t\t\t\t\t\t<a href=\"https:\/\/www.doctolib.de\/praxis\/muenchen\/dermatologie-im-isarklinikum\" target=\"_blank\" style=\"color: #ffffff\" class=\"edgtf-btn edgtf-btn-medium edgtf-btn-outline edgtf-has-hover edgtf-btn-custom-hover-color\" data-hover-color=\"#ffffff\" >    <span class=\"edgtf-btn-text\">Termin buchen<\/span>    <span class=\"edgtf-btn-background-holder\" style=\"border: 1px solid #ffffff\"><\/span>    <span class=\"edgtf-btn-background-hover-holder\" style=\"background: none;background-color: #1dbadf;border: 1px solid #ffffff\"><\/span><\/a>\t\t\t\t\t<\/div>\n\t\t\t\t\t\t\t<\/div>\n\t\t\t\t<\/div>\n\t\t\t<\/div>\n[vc_empty_space height=&#8221;50px&#8221;][\/vc_column][\/vc_row]<\/p>\n","protected":false},"excerpt":{"rendered":"<p>[vc_row][vc_column width=&#8221;1\/3&#8243;][vc_empty_space height=&#8221;8&#8243; css=&#8221;.vc_custom_1529613513363{margin-top: -9px !important;}&#8221;][\/vc_column][vc_column width=&#8221;2\/3&#8243;][vc_column_text]Die aktinischen Keratosen (auch: Lichtschwielen) sind eine Reaktion der Haut auf chronische und verst\u00e4rkte Lichtexposition. Sie stellen Hautkrebsvorstufen dar, da sie bei Nichtbehandlung in ein invasives Plattenepithelkarzinom (siehe unten) mit dem Potential zur Metastasierung \u00fcbergehen k\u00f6nnen.[\/vc_column_text][vc_empty_space height=&#8221;20px&#8221;][vc_column_text]Die aktinischen Keratosen&#8230;<\/p>\n","protected":false},"author":1,"featured_media":0,"parent":0,"menu_order":0,"comment_status":"closed","ping_status":"closed","template":"","meta":{"footnotes":""},"class_list":["post-6749","page","type-page","status-publish","hentry"],"translation":{"provider":"WPGlobus","version":"3.0.2","language":"ru","enabled_languages":["de","ar","ru"],"languages":{"de":{"title":true,"content":true,"excerpt":false},"ar":{"title":false,"content":false,"excerpt":false},"ru":{"title":false,"content":false,"excerpt":false}}},"aioseo_notices":[],"_links":{"self":[{"href":"https:\/\/dermatologie-isarklinikum.de\/ru\/wp-json\/wp\/v2\/pages\/6749","targetHints":{"allow":["GET"]}}],"collection":[{"href":"https:\/\/dermatologie-isarklinikum.de\/ru\/wp-json\/wp\/v2\/pages"}],"about":[{"href":"https:\/\/dermatologie-isarklinikum.de\/ru\/wp-json\/wp\/v2\/types\/page"}],"author":[{"embeddable":true,"href":"https:\/\/dermatologie-isarklinikum.de\/ru\/wp-json\/wp\/v2\/users\/1"}],"replies":[{"embeddable":true,"href":"https:\/\/dermatologie-isarklinikum.de\/ru\/wp-json\/wp\/v2\/comments?post=6749"}],"version-history":[{"count":40,"href":"https:\/\/dermatologie-isarklinikum.de\/ru\/wp-json\/wp\/v2\/pages\/6749\/revisions"}],"predecessor-version":[{"id":7792,"href":"https:\/\/dermatologie-isarklinikum.de\/ru\/wp-json\/wp\/v2\/pages\/6749\/revisions\/7792"}],"wp:attachment":[{"href":"https:\/\/dermatologie-isarklinikum.de\/ru\/wp-json\/wp\/v2\/media?parent=6749"}],"curies":[{"name":"wp","href":"https:\/\/api.w.org\/{rel}","templated":true}]}}