{"id":6723,"date":"2018-06-21T12:42:21","date_gmt":"2018-06-21T12:42:21","guid":{"rendered":"http:\/\/wpderm.dermatologie-isarklinikum.de\/?page_id=6723"},"modified":"2021-02-25T12:51:10","modified_gmt":"2021-02-25T12:51:10","slug":"nagelpilz-fusspilz","status":"publish","type":"page","link":"https:\/\/dermatologie-isarklinikum.de\/ru\/nagelpilz-fusspilz\/","title":{"rendered":"Nagelpilz \/ Fusspilz"},"content":{"rendered":"<p>[vc_row content_width=&#8221;grid&#8221; css=&#8221;.vc_custom_1529588371546{padding-bottom: 75px !important;}&#8221;][vc_column width=&#8221;1\/3&#8243;][vc_empty_space height=&#8221;8&#8243; css=&#8221;.vc_custom_1530192983285{margin-top: -9px !important;}&#8221;]\n<h2 class=\"edgtf-custom-font-holder\" style=\"font-weight: 400;text-transform: Uppercase;text-align: left\" >\n\t\n\tNagelpilz \/ Fusspilz\n\t\t\n\t<\/h2><div class=\"edgtf-separator-holder clearfix  edgtf-separator-left\">\n\t<div class=\"edgtf-separator\" style=\"border-color: #1dbadf;border-style: solid;width: 75px;border-bottom-width: 2pxpx;margin-top: 22px;margin-bottom: 25px\"><\/div>\n<\/div>\n[\/vc_column][vc_column width=&#8221;2\/3&#8243;][vc_column_text]Sogenannte \u201ePilz\u201c-Erkrankungen der Haut und N\u00e4gel &#8211; die Mykosen &#8211; kann man aufgrund ihrer weiten Verbreitung als Volkskrankheit bezeichnen.[\/vc_column_text][vc_empty_space height=&#8221;20px&#8221;][vc_column_text]Extrem h\u00e4ufig sind die Zehenzwischenr\u00e4ume von einem Befall mit Trichophyten (Fadenpilze) betroffen, der sich durch Juckreiz, Wundgef\u00fchl und Schuppung \u00e4ussert. Genauso kann die Fu\u00dfsohle mit einer feinen Schuppung \u00fcberzogen sein, ohne dass der Betroffene von der Mykose etwas bemerkt.[\/vc_column_text][vc_empty_space height=&#8221;20px&#8221;][vc_column_text]Das Problem ist, dass solche chronischen Mykosen der Zehenzwischenr\u00e4ume und N\u00e4gel langfristig einerseits eine Eintrittspforte f\u00fcr Bakterien sein und andererseits auf die Zehenn\u00e4gel \u00fcbergreifen k\u00f6nnen, was zu unsch\u00f6nen br\u00f6ckeligen, wei\u00df- oder gelblich verf\u00e4rbten N\u00e4geln f\u00fchrt.[\/vc_column_text][vc_empty_space height=&#8221;20px&#8221;][vc_column_text]Um eine gr\u00fcndliche und erfolgsversprechende Therapie bei Mykosen einzuleiten, steht eine genaue und ausf\u00fchrliche Diagnostik im Vordergrund. Von verschiedenen Stellen sollte eventuell auch wiederholt Schuppen- und Nagelmaterial gewonnen werden, welches auf Pilzanteile untersucht wird.[\/vc_column_text][vc_empty_space height=&#8221;20px&#8221;][vc_column_text]Gezielt kann dann eine Therapie eingeleitet werden, die unter Umst\u00e4nden mehrere Ans\u00e4tze wie Cremetherapie, Tabletteneinnahme und insbesondere bei Nagelbefall auch die <a href=\"https:\/\/dermatologie-isarklinikum.de\/lasertherapie\/\"><strong>Lasertherapie<\/strong><\/a> des Nagels beinhaltet.[\/vc_column_text][\/vc_column][\/vc_row][vc_row content_width=&#8221;grid&#8221;][vc_column offset=&#8221;vc_hidden-xs&#8221;]\t<div class=\"edgtf-call-to-action normal\" style=\"background: -webkit-linear-gradient(left,#c0954b,#e7bd74);background: -o-linear-gradient(right,#c0954b,#e7bd74);background: -moz-linear-gradient(right,#c0954b,#e7bd74);background: linear-gradient(to right,#c0954b,#e7bd74);\">\n\t\t<div class=\"edgtf-call-to-action-inset\" style=\"border-color:#ffffff\"><\/div>\n\t\t\n\t\t\t<div class=\"edgtf-call-to-action-together\" style=\"padding: 20px 10px;text-align:center\">\n\t\t\t\t<div class=\"edgtf-text-wrapper edgtf-call-to-action-column1 edgtf-call-to-action-cell\">\n\t\t\t\t\t\t\t\t\t<div class=\"edgtf-call-to-action-text\" style=\"font-size: 24px;color: #ffffff\">\n<h3 style=\"color: #fff; letter-spacing: 0.02em;\">JETZT TERMIN ONLINE VEREINBAREN<\/h3>\n<\/div>\n\t\t\t\t<\/div>\n\n\t\t\t\t\t\t\t\t\t<div class=\"edgtf-button-wrapper edgtf-call-to-action-column2 edgtf-call-to-action-cell\" style =\"text-align: right ;\">\n\t\t\t\t\t\t<a href=\"https:\/\/www.doctolib.de\/praxis\/muenchen\/dermatologie-im-isarklinikum\" target=\"_blank\" style=\"color: #ffffff\" class=\"edgtf-btn edgtf-btn-medium edgtf-btn-outline edgtf-has-hover edgtf-btn-custom-hover-color\" data-hover-color=\"#ffffff\" >    <span class=\"edgtf-btn-text\">Termin buchen<\/span>    <span class=\"edgtf-btn-background-holder\" style=\"border: 1px solid #ffffff\"><\/span>    <span class=\"edgtf-btn-background-hover-holder\" style=\"background: none;background-color: #1dbadf;border: 1px solid #ffffff\"><\/span><\/a>\t\t\t\t\t<\/div>\n\t\t\t\t\t\t\t<\/div>\n\t\t\t<\/div>\n[vc_empty_space height=&#8221;50px&#8221;][\/vc_column][\/vc_row][vc_row content_width=&#8221;grid&#8221;][vc_column offset=&#8221;vc_hidden-lg vc_hidden-md vc_hidden-sm&#8221;]\t<div class=\"edgtf-call-to-action normal\" style=\"background: -webkit-linear-gradient(left,#c0954b,#e7bd74);background: -o-linear-gradient(right,#c0954b,#e7bd74);background: -moz-linear-gradient(right,#c0954b,#e7bd74);background: linear-gradient(to right,#c0954b,#e7bd74);\">\n\t\t<div class=\"edgtf-call-to-action-inset\" style=\"border-color:#ffffff\"><\/div>\n\t\t\t\t<div class=\"edgtf-container-inner\">\n\t\t\n\t\t\t<div class=\"edgtf-call-to-action-together\" style=\"padding: 10px 10px 19px 10px;text-align:center\">\n\t\t\t\t<div class=\"edgtf-text-wrapper edgtf-call-to-action-column1 edgtf-call-to-action-cell\">\n\t\t\t\t\t\t\t\t\t<div class=\"edgtf-call-to-action-text\" style=\"font-size: 24px;color: #ffffff\"><\/div>\n\t\t\t\t<\/div>\n\n\t\t\t\t\t\t\t\t\t<div class=\"edgtf-button-wrapper edgtf-call-to-action-column2 edgtf-call-to-action-cell\" style =\"text-align: right ;\">\n\t\t\t\t\t\t<a href=\"https:\/\/www.doctolib.de\/praxis\/muenchen\/dermatologie-im-isarklinikum\" target=\"_blank\" style=\"color: #ffffff\" class=\"edgtf-btn edgtf-btn-medium edgtf-btn-outline edgtf-has-hover edgtf-btn-custom-hover-color\" data-hover-color=\"#ffffff\" >    <span class=\"edgtf-btn-text\">Termin buchen<\/span>    <span class=\"edgtf-btn-background-holder\" style=\"border: 1px solid #ffffff\"><\/span>    <span class=\"edgtf-btn-background-hover-holder\" style=\"background: none;background-color: #1dbadf;border: 1px solid #ffffff\"><\/span><\/a>\t\t\t\t\t<\/div>\n\t\t\t\t\t\t\t<\/div>\n\t\t\t\t<\/div>\n\t\t\t<\/div>\n[vc_empty_space height=&#8221;50px&#8221;][\/vc_column][\/vc_row]<\/p>\n","protected":false},"excerpt":{"rendered":"<p>[vc_row content_width=&#8221;grid&#8221; css=&#8221;.vc_custom_1529588371546{padding-bottom: 75px !important;}&#8221;][vc_column width=&#8221;1\/3&#8243;][vc_empty_space height=&#8221;8&#8243; css=&#8221;.vc_custom_1530192983285{margin-top: -9px !important;}&#8221;][\/vc_column][vc_column width=&#8221;2\/3&#8243;][vc_column_text]Sogenannte \u201ePilz\u201c-Erkrankungen der Haut und N\u00e4gel &#8211; die Mykosen &#8211; kann man aufgrund ihrer weiten Verbreitung als Volkskrankheit bezeichnen.[\/vc_column_text][vc_empty_space height=&#8221;20px&#8221;][vc_column_text]Extrem h\u00e4ufig sind die Zehenzwischenr\u00e4ume von einem Befall mit Trichophyten (Fadenpilze) betroffen, der sich durch Juckreiz,&#8230;<\/p>\n","protected":false},"author":1,"featured_media":0,"parent":0,"menu_order":0,"comment_status":"closed","ping_status":"closed","template":"","meta":{"footnotes":""},"class_list":["post-6723","page","type-page","status-publish","hentry"],"translation":{"provider":"WPGlobus","version":"3.0.2","language":"ru","enabled_languages":["de","ar","ru"],"languages":{"de":{"title":true,"content":true,"excerpt":false},"ar":{"title":false,"content":false,"excerpt":false},"ru":{"title":false,"content":false,"excerpt":false}}},"aioseo_notices":[],"_links":{"self":[{"href":"https:\/\/dermatologie-isarklinikum.de\/ru\/wp-json\/wp\/v2\/pages\/6723","targetHints":{"allow":["GET"]}}],"collection":[{"href":"https:\/\/dermatologie-isarklinikum.de\/ru\/wp-json\/wp\/v2\/pages"}],"about":[{"href":"https:\/\/dermatologie-isarklinikum.de\/ru\/wp-json\/wp\/v2\/types\/page"}],"author":[{"embeddable":true,"href":"https:\/\/dermatologie-isarklinikum.de\/ru\/wp-json\/wp\/v2\/users\/1"}],"replies":[{"embeddable":true,"href":"https:\/\/dermatologie-isarklinikum.de\/ru\/wp-json\/wp\/v2\/comments?post=6723"}],"version-history":[{"count":11,"href":"https:\/\/dermatologie-isarklinikum.de\/ru\/wp-json\/wp\/v2\/pages\/6723\/revisions"}],"predecessor-version":[{"id":7796,"href":"https:\/\/dermatologie-isarklinikum.de\/ru\/wp-json\/wp\/v2\/pages\/6723\/revisions\/7796"}],"wp:attachment":[{"href":"https:\/\/dermatologie-isarklinikum.de\/ru\/wp-json\/wp\/v2\/media?parent=6723"}],"curies":[{"name":"wp","href":"https:\/\/api.w.org\/{rel}","templated":true}]}}