{"id":6666,"date":"2018-06-19T13:01:21","date_gmt":"2018-06-19T13:01:21","guid":{"rendered":"http:\/\/wpderm.dermatologie-isarklinikum.de\/?page_id=6666"},"modified":"2022-10-22T20:19:41","modified_gmt":"2022-10-22T20:19:41","slug":"dr-med-ilana-goldscheider","status":"publish","type":"page","link":"https:\/\/dermatologie-isarklinikum.de\/ru\/dr-med-ilana-goldscheider\/","title":{"rendered":"\u0414\u043e\u043a\u0442\u043e\u0440 \u043c.\u043d. \u0418\u043b\u0430\u043d\u0430 \u0413\u043e\u043b\u044c\u0434\u0448\u0435\u0439\u0434\u0435\u0440"},"content":{"rendered":"<p>[vc_row][vc_column][vc_empty_space height=&#8221;0&#8243; css=&#8221;.vc_custom_1464092997850{margin-top: -9px !important;}&#8221;]\n<h2 class=\"edgtf-custom-font-holder\" style=\"font-weight: 400;text-transform: Uppercase;text-align: left\" >\n\t\n\t\u0414\u043e\u043a\u0442\u043e\u0440 \u043c.\u043d. \u0418\u043b\u0430\u043d\u0430 \u0413\u043e\u043b\u044c\u0434\u0448\u0435\u0439\u0434\u0435\u0440\n\t\t\n\t<\/h2><div class=\"edgtf-separator-holder clearfix  edgtf-separator-left\">\n\t<div class=\"edgtf-separator\" style=\"border-color: #1dbadf;border-style: solid;width: 75px;border-bottom-width: 2pxpx;margin-top: 22px;margin-bottom: 25px\"><\/div>\n<\/div>\n[\/vc_column][\/vc_row][vc_row css=&#8221;.vc_custom_1462365889197{padding-top: 23px !important;padding-bottom: 23px !important;}&#8221;][vc_column width=&#8221;1\/2&#8243;][vc_single_image image=&#8221;6575&#8243; img_size=&#8221;full&#8221;][vc_empty_space height=&#8221;25px&#8221;][\/vc_column][vc_column width=&#8221;1\/2&#8243; css=&#8221;.vc_custom_1529392525451{margin-top: -8px !important;}&#8221;]<div class=\"edgtf-icon-list-item\">\n\t<div class=\"edgtf-icon-list-icon-holder\">\n        <div class=\"edgtf-icon-list-icon-holder-inner clearfix\" style=\"padding-top:8px\">\n\t\t\t<i class=\"edgtf-icon-font-awesome fa fa-check-square-o \" style=\"\" ><\/i>\t\t<\/div>\n\t<\/div>\n\t<p class=\"edgtf-icon-list-text\"  > \u041e\u0431\u0449\u0430\u044f \u0434\u0435\u0440\u043c\u0430\u0442\u043e\u043b\u043e\u0433\u0438\u044f<\/p>\n<\/div><div class=\"edgtf-icon-list-item\">\n\t<div class=\"edgtf-icon-list-icon-holder\">\n        <div class=\"edgtf-icon-list-icon-holder-inner clearfix\" style=\"padding-top:8px\">\n\t\t\t<i class=\"edgtf-icon-font-awesome fa fa-check-square-o \" style=\"\" ><\/i>\t\t<\/div>\n\t<\/div>\n\t<p class=\"edgtf-icon-list-text\"  > \u0414\u0435\u0440\u043c\u0430\u0442\u043e\u043b\u043e\u0433\u0438\u0447\u0435\u0441\u043a\u0430\u044f \u043e\u043d\u043a\u043e\u043b\u043e\u0433\u0438\u044f<\/p>\n<\/div><div class=\"edgtf-icon-list-item\">\n\t<div class=\"edgtf-icon-list-icon-holder\">\n        <div class=\"edgtf-icon-list-icon-holder-inner clearfix\" style=\"padding-top:8px\">\n\t\t\t<i class=\"edgtf-icon-font-awesome fa fa-check-square-o \" style=\"\" ><\/i>\t\t<\/div>\n\t<\/div>\n\t<p class=\"edgtf-icon-list-text\"  > \u0414\u0435\u0440\u043c\u0430\u0442\u043e\u0442\u0435\u0440\u0430\u043f\u0438\u044f<\/p>\n<\/div><div class=\"edgtf-icon-list-item\">\n\t<div class=\"edgtf-icon-list-icon-holder\">\n        <div class=\"edgtf-icon-list-icon-holder-inner clearfix\" style=\"padding-top:8px\">\n\t\t\t<i class=\"edgtf-icon-font-awesome fa fa-check-square-o \" style=\"\" ><\/i>\t\t<\/div>\n\t<\/div>\n\t<p class=\"edgtf-icon-list-text\"  > \u0424\u043e\u0442\u043e\u0434\u0435\u0440\u043c\u0430\u0442\u043e\u043b\u043e\u0433\u0438\u044f<\/p>\n<\/div><div class=\"edgtf-icon-list-item\">\n\t<div class=\"edgtf-icon-list-icon-holder\">\n        <div class=\"edgtf-icon-list-icon-holder-inner clearfix\" style=\"padding-top:8px\">\n\t\t\t<i class=\"edgtf-icon-font-awesome fa fa-check-square-o \" style=\"\" ><\/i>\t\t<\/div>\n\t<\/div>\n\t<p class=\"edgtf-icon-list-text\"  > \u0410\u043b\u043b\u0435\u0440\u0433\u043e\u043b\u043e\u0433\u0438\u044f<\/p>\n<\/div><div class=\"edgtf-icon-list-item\">\n\t<div class=\"edgtf-icon-list-icon-holder\">\n        <div class=\"edgtf-icon-list-icon-holder-inner clearfix\" style=\"padding-top:8px\">\n\t\t\t<i class=\"edgtf-icon-font-awesome fa fa-check-square-o \" style=\"\" ><\/i>\t\t<\/div>\n\t<\/div>\n\t<p class=\"edgtf-icon-list-text\"  > \u041e\u043f\u0435\u0440\u0430\u0446\u0438\u0438<\/p>\n<\/div><div class=\"edgtf-icon-list-item\">\n\t<div class=\"edgtf-icon-list-icon-holder\">\n        <div class=\"edgtf-icon-list-icon-holder-inner clearfix\" style=\"padding-top:8px\">\n\t\t\t<i class=\"edgtf-icon-font-awesome fa fa-check-square-o \" style=\"\" ><\/i>\t\t<\/div>\n\t<\/div>\n\t<p class=\"edgtf-icon-list-text\"  > \u042d\u0441\u0442\u0435\u0442\u0438\u0447\u0435\u0441\u043a\u0430\u044f \u043c\u0435\u0434\u0438\u0446\u0438\u043d\u0430<\/p>\n<\/div><div class=\"edgtf-icon-list-item\">\n\t<div class=\"edgtf-icon-list-icon-holder\">\n        <div class=\"edgtf-icon-list-icon-holder-inner clearfix\" style=\"padding-top:8px\">\n\t\t\t<i class=\"edgtf-icon-font-awesome fa fa-check-square-o \" style=\"\" ><\/i>\t\t<\/div>\n\t<\/div>\n\t<p class=\"edgtf-icon-list-text\"  > \u041b\u0430\u0437\u0435\u0440\u043d\u0430\u044f \u0442\u0435\u0440\u0430\u043f\u0438\u044f<\/p>\n<\/div>[\/vc_column][\/vc_row][vc_row css=&#8221;.vc_custom_1462367774917{padding-bottom: 2px !important;}&#8221;][vc_column][vc_column_text]\u0414\u043e\u043a\u0442\u043e\u0440 \u043c.\u043d. \u0418\u043b\u0430\u043d\u0430 \u0413\u043e\u043b\u044c\u0434\u0448\u0435\u0439\u0434\u0435\u0440 \u0436\u0438\u0432\u0435\u0442 \u0432 \u041c\u044e\u043d\u0445\u0435\u043d\u0435, \u0438\u043c\u0435\u0435\u0442 \u0434\u0432\u043e\u0438\u0445 \u0434\u0435\u0442\u0435\u0439.[\/vc_column_text][vc_empty_space height=&#8221;20px&#8221;][vc_column_text]\u041f\u043e\u0441\u043b\u0435 \u0438\u0437\u0443\u0447\u0435\u043d\u0438\u044f \u043c\u0435\u0434\u0438\u0446\u0438\u043d\u044b \u0432 \u041c\u044e\u043d\u0445\u0435\u043d\u0441\u043a\u043e\u043c \u0443\u043d\u0438\u0432\u0435\u0440\u0441\u0438\u0442\u0435\u0442\u0435 \u0438\u043c\u0435\u043d\u0438 \u041b\u044e\u0434\u0432\u0438\u0433\u0430-\u041c\u0430\u043a\u0441\u0438\u043c\u0438\u043b\u0438\u0430\u043d\u0430 \u0438 \u0441\u0442\u0430\u0436\u0438\u0440\u043e\u0432\u043e\u043a \u0432 \u0426\u044e\u0440\u0438\u0445\u0435, \u041d\u044c\u044e-\u0419\u043e\u0440\u043a\u0435 \u0438 \u0422\u0435\u043b\u044c-\u0410\u0432\u0438\u0432\u0435 \u043e\u043d\u0430 \u0440\u0430\u0431\u043e\u0442\u0430\u043b\u0430 \u0432 \u043e\u0442\u0434\u0435\u043b\u0435 \u0434\u0435\u0440\u043c\u0430\u0442\u043e\u043b\u043e\u0433\u0438\u0438 \u0438 \u0430\u043b\u043b\u0435\u0440\u0433\u043e\u043b\u043e\u0433\u0438\u0438 \u0423\u043d\u0438\u0432\u0435\u0440\u0441\u0438\u0442\u0435\u0442\u0430 \u041b\u044e\u0434\u0432\u0438\u0433\u0430-\u041c\u0430\u043a\u0441\u0438\u043c\u0438\u043b\u0438\u0430\u043d\u0430 \u0441 \u041f\u0440\u043e\u0444\u0435\u0441\u0441\u043e\u0440\u043e\u043c \u0434.\u043c.\u043d., \u043c\u043d\u043e\u0433\u043e\u043a\u0440\u0430\u0442\u043d\u044b\u043c \u043f\u043e\u0447\u0451\u0442\u043d\u044b\u043c \u0434\u043e\u043a\u0442\u043e\u0440\u043e\u043c \u0422\u043e\u043c\u0430\u0441\u043e\u043c \u0420\u0443\u0436\u0438\u0447\u043a\u0430 \u0438 \u0437\u0430\u0432\u0435\u0440\u0448\u0438\u043b\u0430 \u043e\u0431\u0443\u0447\u0435\u043d\u0438\u0435 \u043f\u043e \u0441\u043f\u0435\u0446\u0438\u0430\u043b\u044c\u043d\u043e\u0441\u0442\u0438 \u0434\u0435\u0440\u043c\u0430\u0442\u043e\u0432\u0435\u043d\u0435\u0440\u043e\u043b\u043e\u0433. \u0422\u0430\u043c \u043e\u043d\u0430 \u043f\u043e\u043b\u0443\u0447\u0438\u043b\u0430 \u043e\u0441\u043d\u043e\u0432\u0430\u0442\u0435\u043b\u044c\u043d\u0443\u044e \u0438 \u0447\u0440\u0435\u0437\u0432\u044b\u0447\u0430\u0439\u043d\u043e \u0448\u0438\u0440\u043e\u043a\u0443\u044e \u043a\u043b\u0438\u043d\u0438\u0447\u0435\u0441\u043a\u0443\u044e \u043f\u043e\u0434\u0433\u043e\u0442\u043e\u0432\u043a\u0443 \u0432 \u043a\u0430\u0447\u0435\u0441\u0442\u0432\u0435 \u043f\u043e\u043c\u043e\u0449\u043d\u0438\u043a\u0430 \u0432\u0440\u0430\u0447\u0430, \u0430 \u0437\u0430\u0442\u0435\u043c \u0438 \u0441\u043f\u0435\u0446\u0438\u0430\u043b\u0438\u0441\u0442\u0430.[\/vc_column_text][vc_empty_space height=&#8221;20px&#8221;][vc_column_text]\u0417\u0430 \u0431\u043e\u043b\u0435\u0435 \u0447\u0435\u043c 8-\u043b\u0435\u0442\u043d\u0438\u0439 \u043f\u0440\u043e\u0444\u0435\u0441\u0441\u0438\u043e\u043d\u0430\u043b\u044c\u043d\u044b\u0439 \u043e\u043f\u044b\u0442 \u0432 \u043a\u0440\u0443\u043f\u043d\u0435\u0439\u0448\u0435\u0439 \u0432 \u0415\u0432\u0440\u043e\u043f\u0435 \u0434\u0435\u0440\u043c\u0430\u0442\u043e\u043b\u043e\u0433\u0438\u0447\u0435\u0441\u043a\u043e\u0439 \u043a\u043b\u0438\u043d\u0438\u043a\u0435 \u0414\u043e\u043a\u0442\u043e\u0440 \u0413\u043e\u043b\u044c\u0434\u0448\u0435\u0439\u0434\u0435\u0440 \u0440\u0430\u0431\u043e\u0442\u0430\u043b\u0430 \u0432\u043e \u0432\u0441\u0435\u0445 \u043e\u0442\u0434\u0435\u043b\u0435\u043d\u0438\u044f\u0445 \u0438 \u043f\u0440\u0438\u043e\u0431\u0440\u0435\u043b\u0430 \u0445\u043e\u0440\u043e\u0448\u0438\u0435 \u0437\u043d\u0430\u043d\u0438\u044f \u0432\u043e \u0432\u0441\u0435\u0445 \u043e\u0431\u043b\u0430\u0441\u0442\u044f\u0445 \u0434\u0435\u0440\u043c\u0430\u0442\u043e\u043b\u043e\u0433\u0438\u0438, \u0432\u0435\u043d\u0435\u0440\u043e\u043b\u043e\u0433\u0438\u0438 \u0438 \u0430\u043b\u043b\u0435\u0440\u0433\u043e\u043b\u043e\u0433\u0438\u0438. \u0415\u0435 \u043e\u0441\u043d\u043e\u0432\u043d\u044b\u043c\u0438 \u043a\u043b\u0438\u043d\u0438\u0447\u0435\u0441\u043a\u0438\u043c\u0438 \u043e\u0431\u043b\u0430\u0441\u0442\u044f\u043c\u0438 \u044f\u0432\u043b\u044f\u044e\u0442\u0441\u044f \u0434\u0438\u0430\u0433\u043d\u043e\u0441\u0442\u0438\u043a\u0430 \u0438 \u043b\u0435\u0447\u0435\u043d\u0438\u0435 \u0430\u043b\u043b\u0435\u0440\u0433\u0438\u0439 \u0438 \u0430\u0443\u0442\u043e\u0438\u043c\u043c\u0443\u043d\u043d\u044b\u0445 \u0437\u0430\u0431\u043e\u043b\u0435\u0432\u0430\u043d\u0438\u0439, \u043b\u0435\u0447\u0435\u043d\u0438\u0435 \u043f\u0441\u043e\u0440\u0438\u0430\u0437\u0430, \u043e\u043d\u043a\u043e\u043b\u043e\u0433\u0438\u044f \u0438 \u043e\u043f\u0435\u0440\u0430\u0442\u0438\u0432\u043d\u0430\u044f \u0434\u0435\u0440\u043c\u0430\u0442\u043e\u043b\u043e\u0433\u0438\u044f.[\/vc_column_text][vc_empty_space height=&#8221;20px&#8221;][vc_column_text]\u0414\u043e\u043a\u0442\u043e\u0440 \u0413\u043e\u043b\u044c\u0434\u0448\u0435\u0439\u0434\u0435\u0440 \u0440\u0443\u043a\u043e\u0432\u043e\u0434\u0438\u043ba \u043c\u043d\u043e\u0433\u043e\u0447\u0438\u0441\u043b\u0435\u043d\u043d\u044b\u043c\u0438 \u043a\u043b\u0438\u043d\u0438\u0447\u0435\u0441\u043a\u0438\u043c\u0438 \u0438\u0441\u0441\u043b\u0435\u0434\u043e\u0432\u0430\u043d\u0438\u044f\u043c\u0438 \u0438\u043d\u043d\u043e\u0432\u0430\u0446\u0438\u043e\u043d\u043d\u044b\u0445 \u043c\u0435\u0442\u043e\u0434\u043e\u0432 \u043b\u0435\u0447\u0435\u043d\u0438\u044f \u044d\u043a\u0437\u0435\u043c\u044b, \u043f\u0441\u043e\u0440\u0438\u0430\u0437\u0430, \u0430\u0443\u0442\u043e\u0438\u043c\u043c\u0443\u043d\u043d\u044b\u0445 \u0437\u0430\u0431\u043e\u043b\u0435\u0432\u0430\u043d\u0438\u0439 \u0438 \u0440\u0430\u043a\u0430 \u043a\u043e\u0436\u0438. \u041e\u043d\u0430 \u043f\u0443\u0431\u043b\u0438\u043a\u043e\u0432\u0430\u043b\u0430 \u0441\u0442\u0430\u0442\u044c\u0438 \u0432\u043e \u043c\u043d\u043e\u0433\u0438\u0445 \u043d\u0430\u0446\u0438\u043e\u043d\u0430\u043b\u044c\u043d\u044b\u0445 \u0438 \u043c\u0435\u0436\u0434\u0443\u043d\u0430\u0440\u043e\u0434\u043d\u044b\u0445 \u0436\u0443\u0440\u043d\u0430\u043b\u0430\u0445 \u0438 \u0430\u043a\u0442\u0438\u0432\u043d\u043e \u0432\u044b\u0441\u0442\u0443\u043f\u0430\u043b\u0430 \u043d\u0430 \u043c\u043d\u043e\u0433\u0438\u0445 \u043d\u0430\u0446\u0438\u043e\u043d\u0430\u043b\u044c\u043d\u044b\u0445 \u0438 \u043c\u0435\u0436\u0434\u0443\u043d\u0430\u0440\u043e\u0434\u043d\u044b\u0445 \u043a\u043e\u043d\u0433\u0440\u0435\u0441\u0441\u0430\u0445.[\/vc_column_text][vc_empty_space height=&#8221;50px&#8221;][\/vc_column][\/vc_row][vc_row css=&#8221;.vc_custom_1530365503480{padding-bottom: 50px !important;}&#8221;][vc_column]<div class=\"edgtf-accordion-holder clearfix edgtf-accordion edgtf-initial \">\n\t<h4 class=\"clearfix edgtf-title-holder\">\n\t<span class=\"edgtf-acc-gradient\"><\/span>\n\t<span class=\"edgtf-tab-title\">\n\t\t<span class=\"edgtf-tab-title-inner\">\n\t\t\t\u0411\u0438\u043e\u0433\u0440\u0430\u0444\u0438\u044f\t\t<\/span>\n\t<\/span>\n\t<span class=\"edgtf-accordion-mark\">\n\t\t<span class=\"edgtf-accordion-mark-icon\">\n\t\t\t<span class=\"icon_plus\"><\/span>\n\t\t\t<span class=\"icon_minus-06\"><\/span>\n\t\t<\/span>\n\t<\/span>\n<\/h4>\n<div class=\"edgtf-accordion-content\">\n\t<div class=\"edgtf-accordion-content-inner\">\n\t\t[vc_column_text]<span style=\"color: #d6ab60;\"><strong>2017<\/strong><\/span> \u043c\u0435\u0434\u0438\u043a\u0430\u043c\u0435\u043d\u0442\u043e\u0437\u043d\u0430\u044f \u0442\u0435\u0440\u0430\u043f\u0438\u044f \u043e\u043f\u0443\u0445\u043e\u043b\u0435\u0439<br \/>\n<span style=\"color: #d6ab60;\"><strong>2017<\/strong><\/span> \u0414\u0435\u0440\u043c\u0430\u0442\u043e\u043b\u043e\u0433\u0438\u0447\u0435\u0441\u043a\u0438\u0439 \u043a\u043e\u043d\u0441\u0443\u043b\u044c\u0442\u0430\u043d\u0442 \u0432 kbo-Isar-Amper-Klinkum Munich East<br \/>\n<span style=\"color: #d6ab60;\"><strong>2016<\/strong><\/span> \u041d\u0430\u0437\u043d\u0430\u0447\u0435\u043d\u0438\u0435 \u0432 \u043a\u0430\u0447\u0435\u0441\u0442\u0432\u0435 \u0441\u043f\u0435\u0446\u0438\u0430\u043b\u0438\u0441\u0442\u0430 \u043f\u043e \u0434\u0435\u0440\u043c\u0430\u0442\u043e\u0432\u0435\u043d\u0435\u0440\u043e\u043b\u043e\u0433\u0438\u0438<br \/>\n<span style=\"color: #d6ab60;\"><strong>2010 &#8211; 2016<\/strong><\/span> \u041f\u043e\u043c\u043e\u0449\u043d\u0438\u043a \u0432\u0440\u0430\u0447\u0430 \u043a\u043b\u0438\u043d\u0438\u043a\u0438 \u0438 \u043f\u043e\u043b\u0438\u043a\u043b\u0438\u043d\u0438\u043a\u0438 \u0432 \u043e\u0442\u0434\u0435\u043b\u0435\u043d\u0438\u0438 \u0434\u0435\u0440\u043c\u0430\u0442\u043e\u043b\u043e\u0433\u0438\u0438 \u0438 \u0430\u043b\u043b\u0435\u0440\u0433\u043e\u043b\u043e\u0433\u0438\u0438 \u0423\u043d\u0438\u0432\u0435\u0440\u0441\u0438\u0442\u0435\u0442\u0430 \u041b\u044e\u0434\u0432\u0438\u0433\u0430-\u041c\u0430\u043a\u0441\u0438\u043c\u0438\u043b\u0438\u0430\u043d\u0430 \u0432 \u041c\u044e\u043d\u0445\u0435\u043d\u0435.<br \/>\n<span style=\"color: #d6ab60;\"><strong>2009<\/strong><\/span> \u0414\u043e\u043a\u0442\u043e\u0440\u0430\u043d\u0442\u0443\u0440\u0430 \u00ab\u0418\u043c\u043c\u0443\u043d\u043e\u0433\u0435\u043d\u0435\u0442\u0438\u0447\u0435\u0441\u043a\u0438\u0435 \u0438\u0441\u0441\u043b\u0435\u0434\u043e\u0432\u0430\u043d\u0438\u044f \u0430\u0441\u0441\u043e\u0446\u0438\u0430\u0446\u0438\u0438 \u043f\u043e\u043b\u0438\u043c\u043e\u0440\u0444\u0438\u0437\u043c\u043e\u0432 \u043d\u0435\u043a\u043b\u0430\u0441\u0441\u0438\u0447\u0435\u0441\u043a\u043e\u0433\u043e MHC \u043a\u043b\u0430\u0441\u0441\u0430 Ib \u0433\u0435\u043d\u0430 HLA-G \u0441 \u0438\u043d\u0434\u0443\u0446\u0438\u0440\u043e\u0432\u0430\u043d\u043d\u044b\u043c \u0431\u0435\u0440\u0435\u043c\u0435\u043d\u043d\u043e\u0441\u0442\u044c\u044e \u0430\u0443\u0442\u043e\u0438\u043c\u043c\u0443\u043d\u043d\u044b\u043c \u0434\u0435\u0440\u043c\u0430\u0442\u043e\u0437\u043e\u043c \u041f\u0435\u043c\u0444\u0438\u0433\u043e\u0438\u0434 \u0433\u0435\u0441\u0442\u0430\u0446\u0438\u043e\u043d\u0438\u0441<br \/>\n<span style=\"color: #d6ab60;\"><strong>2009<\/strong><\/span> \u041b\u0438\u0446\u0435\u043d\u0437\u0438\u044f \u043d\u0430 \u043f\u0440\u0430\u043a\u0442\u0438\u043a\u0443<br \/>\n<span style=\"color: #d6ab60;\"><strong>1998 &#8211; 2006<\/strong><\/span> \u0418\u0437\u0443\u0447\u0435\u043d\u0438\u0435 \u043c\u0435\u0434\u0438\u0446\u0438\u043d\u044b \u0432 \u0443\u043d\u0438\u0432\u0435\u0440\u0441\u0438\u0442\u0435\u0442\u0435 \u041b\u044e\u0434\u0432\u0438\u0433\u0430-\u041c\u0430\u043a\u0441\u0438\u043c\u0438\u043b\u0438\u0430\u043d\u0430 \u0432 \u041c\u044e\u043d\u0445\u0435\u043d\u0435[\/vc_column_text]\t<\/div>\n<\/div><h4 class=\"clearfix edgtf-title-holder\">\n\t<span class=\"edgtf-acc-gradient\"><\/span>\n\t<span class=\"edgtf-tab-title\">\n\t\t<span class=\"edgtf-tab-title-inner\">\n\t\t\t\u0427\u043b\u0435\u043d\u0441\u0442\u0432\u043e \u0432 \u043c\u0435\u0434\u0438\u0446\u0438\u043d\u0441\u043a\u0438\u0445 \u0441\u043e\u043e\u0431\u0449\u0435\u0441\u0442\u0432\u0430\u0445\t\t<\/span>\n\t<\/span>\n\t<span class=\"edgtf-accordion-mark\">\n\t\t<span class=\"edgtf-accordion-mark-icon\">\n\t\t\t<span class=\"icon_plus\"><\/span>\n\t\t\t<span class=\"icon_minus-06\"><\/span>\n\t\t<\/span>\n\t<\/span>\n<\/h4>\n<div class=\"edgtf-accordion-content\">\n\t<div class=\"edgtf-accordion-content-inner\">\n\t\t[vc_column_text]\u041d\u0435\u043c\u0435\u0446\u043a\u043e\u0435 \u0434\u0435\u0440\u043c\u0430\u0442\u043e\u043b\u043e\u0433\u0438\u0447\u0435\u0441\u043a\u043e\u0435 \u043e\u0431\u0449\u0435\u0441\u0442\u0432\u043e (DDG)<br \/>\n\u041d\u0435\u043c\u0435\u0446\u043a\u043e\u0435 \u043e\u0431\u0449\u0435\u0441\u0442\u0432\u043e \u0430\u043b\u043b\u0435\u0440\u0433\u043e\u043b\u043e\u0433\u0438\u0438 \u0438 \u043a\u043b\u0438\u043d\u0438\u0447\u0435\u0441\u043a\u043e\u0439 \u0438\u043c\u043c\u0443\u043d\u043e\u043b\u043e\u0433\u0438\u0438 (DGAKI)<br \/>\n\u041c\u044e\u043d\u0445\u0435\u043d\u0441\u043a\u043e\u0435 \u0434\u0435\u0440\u043c\u0430\u0442\u043e\u043b\u043e\u0433\u0438\u0447\u0435\u0441\u043a\u043e\u0435 \u043e\u0431\u0449\u0435\u0441\u0442\u0432\u043e (MDG)[\/vc_column_text]\t<\/div>\n<\/div><h4 class=\"clearfix edgtf-title-holder\">\n\t<span class=\"edgtf-acc-gradient\"><\/span>\n\t<span class=\"edgtf-tab-title\">\n\t\t<span class=\"edgtf-tab-title-inner\">\n\t\t\t\u041e\u043f\u0443\u0431\u043b\u0438\u043a\u043e\u0432\u0430\u043d\u043d\u044b\u0435 \u043d\u0430\u0443\u0447\u043d\u044b\u0435 \u0441\u0442\u0430\u0442\u044c\u0438\t\t<\/span>\n\t<\/span>\n\t<span class=\"edgtf-accordion-mark\">\n\t\t<span class=\"edgtf-accordion-mark-icon\">\n\t\t\t<span class=\"icon_plus\"><\/span>\n\t\t\t<span class=\"icon_minus-06\"><\/span>\n\t\t<\/span>\n\t<\/span>\n<\/h4>\n<div class=\"edgtf-accordion-content\">\n\t<div class=\"edgtf-accordion-content-inner\">\n\t\t[vc_column_text]Zhang C, Goldscheider I, Ruzicka T, S\u00e1rdy M.<br \/>\n<span style=\"color: #d6ab60;\"><strong>Pemphigus Vulgaris Persistently Localized to the Nose with Local and Systemic Response to Topical Steroids.<\/strong><\/span><br \/>\n<em>Acta Derm Venereol. 2017 Oct 2;97(9):1136-1137. doi: 10.2340\/00015555-2725. PMID: 28597020<div class=\"edgtf-separator-holder clearfix  edgtf-separator-center edgtf-separator-full-width\">\n\t<div class=\"edgtf-separator\" style=\"border-style: dashed;border-bottom-width: 1px;margin-bottom: 5px\"><\/div>\n<\/div>\n<\/em><\/p>\n<p>Heppt MV, Goldscheider I, Tietze JK, Berking C.<br \/>\n<span style=\"color: #d6ab60;\"><strong>Intralesional interleukin-2 for unresectable mucosal melanoma refractory to nivolumab.<\/strong><\/span><br \/>\n<em>Cancer Immunol Immunother. 2017 Oct;66(10):1377-1378. doi: 10.1007\/s00262-017-2012-0. Epub 2017 May 11. No abstract available. PMID: 28497158<div class=\"edgtf-separator-holder clearfix  edgtf-separator-center edgtf-separator-full-width\">\n\t<div class=\"edgtf-separator\" style=\"border-style: dashed;border-bottom-width: 1px;margin-bottom: 5px\"><\/div>\n<\/div>\n<\/em><\/p>\n<p>N Horv\u00e1th O, Letul\u00e9 V, Ruzicka T, Herzinger T, Goldscheider I, von Braunm\u00fchl T.<br \/>\n<span style=\"color: #d6ab60;\"><strong>Periocular discoloration after using a prostaglandin analog for eyelash enhancement: evaluation with reflectance confocal microscopy.<\/strong><\/span><br \/>\n<em>J Cosmet Dermatol. 2017 Mar;16(1):18-20. doi: 10.1111\/jocd.12281. Epub 2016 Sep 5. PMID: 27595988<div class=\"edgtf-separator-holder clearfix  edgtf-separator-center edgtf-separator-full-width\">\n\t<div class=\"edgtf-separator\" style=\"border-style: dashed;border-bottom-width: 1px;margin-bottom: 5px\"><\/div>\n<\/div>\n<\/em><\/p>\n<p>Hermans C, Goldscheider I, Ruzicka T, Rongioletti F.<br \/>\n<span style=\"color: #d6ab60;\"><strong>Atypical discrete papular lichen myxedematosus associated with monoclonal gammopathy: report of four cases and review of the literature.<\/strong><\/span><br \/>\n<em>J Eur Acad Dermatol Venereol. 2016 Dec;30(12):2048-2051. doi: 10.1111\/jdv.13833. Epub 2016 Jul 16. Review.<div class=\"edgtf-separator-holder clearfix  edgtf-separator-center edgtf-separator-full-width\">\n\t<div class=\"edgtf-separator\" style=\"border-style: dashed;border-bottom-width: 1px;margin-bottom: 5px\"><\/div>\n<\/div>\n<\/em><\/p>\n<p>Reinholz M, Eder I, Przybilla B, Schauber J, Wollenberg A, Wulffen W, Goldscheider I, Varga R, Ruzicka T, Schaumann A, Ru\u00ebff F.<br \/>\n<span style=\"color: #d6ab60;\"><strong>Photoallergic contact dermatitis due to treatment of pulmonary fibrosis with pirfenidone.<\/strong><\/span><br \/>\n<em>J Eur Acad Dermatol Venereol. 2016 Feb;30(2):370-1. doi: 10.1111\/jdv.12794. Epub 2014 Oct 20. No abstract available.<div class=\"edgtf-separator-holder clearfix  edgtf-separator-center edgtf-separator-full-width\">\n\t<div class=\"edgtf-separator\" style=\"border-style: dashed;border-bottom-width: 1px;margin-bottom: 5px\"><\/div>\n<\/div>\n<\/em><\/p>\n<p>Goldscheider I, Herzinger T, Varga R, Eming R, Ruzicka T, Flaig MJ, S\u00e1rdy M.<br \/>\n<span style=\"color: #d6ab60;\"><strong>Childhood lichen planus pemphigoides: report of two cases treated successfully with systemic glucocorticoids and dapsone.<\/strong><\/span><br \/>\n<em>Pediatr Dermatol. 2014 Nov-Dec;31(6):751-3. doi: 10.1111\/pde.12214. Epub 2013 Oct 21. PMID: 24138413<div class=\"edgtf-separator-holder clearfix  edgtf-separator-center edgtf-separator-full-width\">\n\t<div class=\"edgtf-separator\" style=\"border-style: dashed;border-bottom-width: 1px;margin-bottom: 5px\"><\/div>\n<\/div>\n<\/em><\/p>\n<p>Borovaya A, Kunte C, Flaig MJ, Albrecht K, Goldscheider I, Korting HC, Ruzicka T, S\u00e1rdy M.<br \/>\n<span style=\"color: #d6ab60;\"><strong>Disseminated cutaneous glomangiomas in an adolescent boy.<\/strong><\/span><br \/>\n<em>Acta Derm Venereol. 2012 May;92(3):324-5. doi: 10.2340\/00015555-1281. No abstract available. PMID: 22294072<\/em>[\/vc_column_text]\t<\/div>\n<\/div><\/div>[\/vc_column][\/vc_row]<\/p>\n","protected":false},"excerpt":{"rendered":"<p>[vc_row][vc_column][vc_empty_space height=&#8221;0&#8243; css=&#8221;.vc_custom_1464092997850{margin-top: -9px !important;}&#8221;][\/vc_column][\/vc_row][vc_row css=&#8221;.vc_custom_1462365889197{padding-top: 23px !important;padding-bottom: 23px !important;}&#8221;][vc_column width=&#8221;1\/2&#8243;][vc_single_image image=&#8221;6575&#8243; img_size=&#8221;full&#8221;][vc_empty_space height=&#8221;25px&#8221;][\/vc_column][vc_column width=&#8221;1\/2&#8243; css=&#8221;.vc_custom_1529392525451{margin-top: -8px !important;}&#8221;][\/vc_column][\/vc_row][vc_row css=&#8221;.vc_custom_1462367774917{padding-bottom: 2px !important;}&#8221;][vc_column][vc_column_text]\u0414\u043e\u043a\u0442\u043e\u0440 \u043c.\u043d. \u0418\u043b\u0430\u043d\u0430 \u0413\u043e\u043b\u044c\u0434\u0448\u0435\u0439\u0434\u0435\u0440 \u0436\u0438\u0432\u0435\u0442 \u0432 \u041c\u044e\u043d\u0445\u0435\u043d\u0435, \u0438\u043c\u0435\u0435\u0442 \u0434\u0432\u043e\u0438\u0445 \u0434\u0435\u0442\u0435\u0439.[\/vc_column_text][vc_empty_space height=&#8221;20px&#8221;][vc_column_text]\u041f\u043e\u0441\u043b\u0435 \u0438\u0437\u0443\u0447\u0435\u043d\u0438\u044f \u043c\u0435\u0434\u0438\u0446\u0438\u043d\u044b \u0432 \u041c\u044e\u043d\u0445\u0435\u043d\u0441\u043a\u043e\u043c \u0443\u043d\u0438\u0432\u0435\u0440\u0441\u0438\u0442\u0435\u0442\u0435 \u0438\u043c\u0435\u043d\u0438 \u041b\u044e\u0434\u0432\u0438\u0433\u0430-\u041c\u0430\u043a\u0441\u0438\u043c\u0438\u043b\u0438\u0430\u043d\u0430 \u0438 \u0441\u0442\u0430\u0436\u0438\u0440\u043e\u0432\u043e\u043a \u0432 \u0426\u044e\u0440\u0438\u0445\u0435, \u041d\u044c\u044e-\u0419\u043e\u0440\u043a\u0435 \u0438 \u0422\u0435\u043b\u044c-\u0410\u0432\u0438\u0432\u0435&#8230;<\/p>\n","protected":false},"author":1,"featured_media":0,"parent":0,"menu_order":0,"comment_status":"closed","ping_status":"closed","template":"","meta":{"footnotes":""},"class_list":["post-6666","page","type-page","status-publish","hentry"],"translation":{"provider":"WPGlobus","version":"3.0.2","language":"ru","enabled_languages":["de","ar","ru"],"languages":{"de":{"title":true,"content":true,"excerpt":false},"ar":{"title":true,"content":true,"excerpt":false},"ru":{"title":true,"content":true,"excerpt":false}}},"aioseo_notices":[],"_links":{"self":[{"href":"https:\/\/dermatologie-isarklinikum.de\/ru\/wp-json\/wp\/v2\/pages\/6666","targetHints":{"allow":["GET"]}}],"collection":[{"href":"https:\/\/dermatologie-isarklinikum.de\/ru\/wp-json\/wp\/v2\/pages"}],"about":[{"href":"https:\/\/dermatologie-isarklinikum.de\/ru\/wp-json\/wp\/v2\/types\/page"}],"author":[{"embeddable":true,"href":"https:\/\/dermatologie-isarklinikum.de\/ru\/wp-json\/wp\/v2\/users\/1"}],"replies":[{"embeddable":true,"href":"https:\/\/dermatologie-isarklinikum.de\/ru\/wp-json\/wp\/v2\/comments?post=6666"}],"version-history":[{"count":14,"href":"https:\/\/dermatologie-isarklinikum.de\/ru\/wp-json\/wp\/v2\/pages\/6666\/revisions"}],"predecessor-version":[{"id":7825,"href":"https:\/\/dermatologie-isarklinikum.de\/ru\/wp-json\/wp\/v2\/pages\/6666\/revisions\/7825"}],"wp:attachment":[{"href":"https:\/\/dermatologie-isarklinikum.de\/ru\/wp-json\/wp\/v2\/media?parent=6666"}],"curies":[{"name":"wp","href":"https:\/\/api.w.org\/{rel}","templated":true}]}}