{"id":7118,"date":"2018-06-30T09:29:47","date_gmt":"2018-06-30T09:29:47","guid":{"rendered":"http:\/\/wpderm.dermatologie-isarklinikum.de\/?page_id=7118"},"modified":"2019-05-22T15:27:23","modified_gmt":"2019-05-22T15:27:23","slug":"impressum","status":"publish","type":"page","link":"https:\/\/dermatologie-isarklinikum.de\/ar\/impressum\/","title":{"rendered":"Impressum"},"content":{"rendered":"<p>[vc_row][vc_column][vc_empty_space height=&#8221;0&#8243; css=&#8221;.vc_custom_1464092997850{margin-top: -9px !important;}&#8221;]\n<h3 class=\"edgtf-custom-font-holder\" style=\"font-weight: 400;text-transform: Uppercase;text-align: left\" >\n\t\n\tAngaben gem\u00e4ss \u00a7 5 TMG:\n\t\t\n\t<\/h3><div class=\"edgtf-separator-holder clearfix  edgtf-separator-center edgtf-separator-full-width\">\n\t<div class=\"edgtf-separator\" style=\"border-color: #1dbadf;border-style: solid;border-bottom-width: 2pxpx;margin-top: 27px;margin-bottom: 25px\"><\/div>\n<\/div>\n[\/vc_column][\/vc_row][vc_row css=&#8221;.vc_custom_1462367774917{padding-bottom: 2px !important;}&#8221;][vc_column][vc_column_text]<\/p>\n<h4>Anschrift der Praxis:<\/h4>\n<p>[\/vc_column_text][vc_column_text]<strong>Praxis f\u00fcr Dermatologie und Allergologie im IsarKlinikum<\/strong><br \/>\nProf. Dr. med. Dr. h.c. mult. Thomas Ruzicka<br \/>\nDr. med. Ilana Goldscheider<br \/>\nProf. Dr. med. Tanja von Braunm\u00fchl<br \/>\nFach\u00e4rzte f\u00fcr Dermatologie<br \/>\nSonnenstra\u00dfe 24-26<br \/>\n80331 M\u00fcnchen<br \/>\nTelefon: +49 89 23 02 46 00<br \/>\nE-Mail: <a href=\"mailto:info@dermatologie-isarklinikum.de\">info@dermatologie-isarklinikum.de<\/a>[\/vc_column_text][vc_empty_space height=&#8221;25px&#8221;][\/vc_column][\/vc_row][vc_row css=&#8221;.vc_custom_1462367774917{padding-bottom: 2px !important;}&#8221;][vc_column][vc_column_text]<\/p>\n<h4>Aufsichtsbeh\u00f6rde<\/h4>\n<p>[\/vc_column_text][vc_column_text]Regierung von Oberbayern<br \/>\nMaximilianstra\u00dfe 39<br \/>\n80538 M\u00fcnchen<br \/>\n<a href=\"http:\/\/www.regierung.oberbayern.bayern.de\" target=\"_blank\" rel=\"noopener noreferrer\">www.regierung.oberbayern.bayern.de<\/a>[\/vc_column_text][vc_empty_space height=&#8221;25px&#8221;][\/vc_column][\/vc_row][vc_row css=&#8221;.vc_custom_1462367774917{padding-bottom: 2px !important;}&#8221;][vc_column][vc_column_text]<\/p>\n<h4>Berufsbezeichnung und berufsrechtliche Regelungen<\/h4>\n<p>[\/vc_column_text][vc_column_text]<strong>Berufsbezeichnung:<\/strong> Fach\u00e4rzte f\u00fcr Dermatologie<\/p>\n<p><strong>Zust\u00e4ndige \u00c4rztekammer:<\/strong> Bayerische Landes\u00e4rztekammer: <a href=\"http:\/\/www.blaek.de\" target=\"_blank\" rel=\"noopener noreferrer\">www.blaek.de<\/a><\/p>\n<p><strong>Verliehen durch:<\/strong> Bayerische Landes\u00e4rztekammer<\/p>\n<p><strong>Berufsrechtliche Regelungen:<\/strong> Berufsordnung f\u00fcr die \u00c4rzte Bayerns<br \/>\nRegelungen einsehbar unter: <a href=\"http:\/\/www.blaek.de\/pdf_rechtliches\/haupt\/SD_Berufsordnung.pdf\" target=\"_blank\" rel=\"noopener noreferrer\">www.blaek.de\/pdf_rechtliches\/haupt\/SD_Berufsordnung.pdf<\/a>[\/vc_column_text][vc_empty_space height=&#8221;25px&#8221;][\/vc_column][\/vc_row][vc_row css=&#8221;.vc_custom_1462367774917{padding-bottom: 2px !important;}&#8221;][vc_column][vc_column_text]<\/p>\n<h4>Angaben zur Berufshaftpflichtversicherung<\/h4>\n<p>[\/vc_column_text][vc_column_text]<strong>Name und Sitz des Versicherers:<\/strong>\u00a0 HDI Versicherungen Hannover<\/p>\n<p><strong>Zust\u00e4ndige \u00c4rztekammer:<\/strong> Bayerische Landes\u00e4rztekammer: <a href=\"http:\/\/www.blaek.de\" target=\"_blank\" rel=\"noopener noreferrer\">www.blaek.de<\/a><\/p>\n<p><strong>Berufsrechtliche Regelungen:<\/strong> Berufsordnung f\u00fcr die \u00c4rzte Bayerns und Heilberufe-Kammergesetz<br \/>\nRegelungen einsehbar unter: <a href=\"http:\/\/www.blaek.de\/pdf_rechtliches\/haupt\/SD_Berufsordnung.pdf\" target=\"_blank\" rel=\"noopener noreferrer\">www.blaek.de\/pdf_rechtliches\/haupt\/SD_Berufsordnung.pdf<\/a>[\/vc_column_text][vc_empty_space height=&#8221;25px&#8221;][\/vc_column][\/vc_row][vc_row css=&#8221;.vc_custom_1462367774917{padding-bottom: 2px !important;}&#8221;][vc_column][vc_column_text]<\/p>\n<h4>Verantwortlich f\u00fcr den Inhalt nach \u00a7 55 Abs. 2 RStV<\/h4>\n<p>[\/vc_column_text][vc_column_text]Praxis f\u00fcr Dermatologie und Allergologie im IsarKlinikum<br \/>\nSonnenstra\u00dfe 24-46<br \/>\n80331 M\u00fcnchen[\/vc_column_text][vc_empty_space height=&#8221;25px&#8221;][\/vc_column][\/vc_row][vc_row css=&#8221;.vc_custom_1462367774917{padding-bottom: 2px !important;}&#8221;][vc_column][vc_column_text]<\/p>\n<h4>Haftung f\u00fcr Inhalte<\/h4>\n<p>[\/vc_column_text][vc_column_text]Als Diensteanbieter sind wir gem\u00e4\u00df \u00a7 7 Abs.1 TMG f\u00fcr eigene Inhalte auf diesen Seiten nach den allgemeinen Gesetzen verantwortlich. Nach \u00a7\u00a7 8 bis 10 TMG sind wir als Diensteanbieter jedoch nicht verpflichtet, \u00fcbermittelte oder gespeicherte fremde Informationen zu \u00fcberwachen oder nach Umst\u00e4nden zu forschen, die auf eine rechtswidrige T\u00e4tigkeit hinweisen.[\/vc_column_text][vc_empty_space height=&#8221;15px&#8221;][vc_column_text]Verpflichtungen zur Entfernung oder Sperrung der Nutzung von Informationen nach den allgemeinen Gesetzen bleiben hiervon unber\u00fchrt. Eine diesbez\u00fcgliche Haftung ist jedoch erst ab dem Zeitpunkt der Kenntnis einer konkreten Rechtsverletzung m\u00f6glich. Bei Bekanntwerden von entsprechenden Rechtsverletzungen werden wir diese Inhalte umgehend entfernen.[\/vc_column_text][vc_empty_space height=&#8221;25px&#8221;][\/vc_column][\/vc_row][vc_row css=&#8221;.vc_custom_1462367774917{padding-bottom: 2px !important;}&#8221;][vc_column][vc_column_text]<\/p>\n<h4>Haftung f\u00fcr Links<\/h4>\n<p>[\/vc_column_text][vc_column_text]Unser Angebot enth\u00e4lt Links zu externen Websites Dritter, auf deren Inhalte wir keinen Einfluss haben. Deshalb k\u00f6nnen wir f\u00fcr diese fremden Inhalte auch keine Gew\u00e4hr \u00fcbernehmen. F\u00fcr die Inhalte der verlinkten Seiten ist stets der jeweilige Anbieter oder Betreiber der Seiten verantwortlich. Die verlinkten Seiten wurden zum Zeitpunkt der Verlinkung auf m\u00f6gliche Rechtsverst\u00f6\u00dfe \u00fcberpr\u00fcft. Rechtswidrige Inhalte waren zum Zeitpunkt der Verlinkung nicht erkennbar.[\/vc_column_text][vc_empty_space height=&#8221;15px&#8221;][vc_column_text]Eine permanente inhaltliche Kontrolle der verlinkten Seiten ist jedoch ohne konkrete Anhaltspunkte einer Rechtsverletzung nicht zumutbar. Bei Bekanntwerden von Rechtsverletzungen werden wir derartige Links umgehend entfernen.[\/vc_column_text][vc_empty_space height=&#8221;25px&#8221;][\/vc_column][\/vc_row][vc_row css=&#8221;.vc_custom_1462367774917{padding-bottom: 2px !important;}&#8221;][vc_column][vc_column_text]<\/p>\n<h4>Urheberrecht<\/h4>\n<p>[\/vc_column_text][vc_column_text]Die durch die Seitenbetreiber erstellten Inhalte und Werke auf diesen Seiten unterliegen dem deutschen Urheberrecht. Die Vervielf\u00e4ltigung, Bearbeitung, Verbreitung und jede Art der Verwertung au\u00dferhalb der Grenzen des Urheberrechtes bed\u00fcrfen der schriftlichen Zustimmung des jeweiligen Autors bzw. Erstellers. Downloads und Kopien dieser Seite sind nur f\u00fcr den privaten, nicht kommerziellen Gebrauch gestattet.[\/vc_column_text][vc_empty_space height=&#8221;50px&#8221;][\/vc_column][\/vc_row][vc_row css=&#8221;.vc_custom_1462367774917{padding-bottom: 2px !important;}&#8221;][vc_column]<div class=\"edgtf-separator-holder clearfix  edgtf-separator-center edgtf-separator-full-width\">\n\t<div class=\"edgtf-separator\" style=\"border-color: #d6ab60;border-style: dashed;border-bottom-width: 1px;margin-top: 0px;margin-bottom: 0px\"><\/div>\n<\/div>\n[vc_empty_space height=&#8221;50px&#8221;][vc_column_text]<\/p>\n<h4>Webdesign \/ Umsetzung:<\/h4>\n<p>[\/vc_column_text][vc_column_text]Nancy Teister Grafikb\u00fcro | <a href=\"https:\/\/www.nancyteister.de\" target=\"_blank\" rel=\"noopener noreferrer\">www.nancyteister.de<\/a>[\/vc_column_text][vc_empty_space height=&#8221;25px&#8221;][\/vc_column][\/vc_row][vc_row css=&#8221;.vc_custom_1462367774917{padding-bottom: 2px !important;}&#8221;][vc_column][vc_column_text]<\/p>\n<h4>Bildnachweise:<\/h4>\n<p>[\/vc_column_text][vc_column_text]<strong>Praxisfotografie:<\/strong> Rico Grund Photography | <a href=\"mailto:info@rico-grund.de\">info@rico-grund.de<\/a> | <a href=\"http:\/\/www.rico-grund.de\" target=\"_blank\" rel=\"noopener noreferrer\">www.rico-grund.de<\/a><\/p>\n<p><strong>Fassade Isarklinikum:<\/strong> Gero von Braunm\u00fchl<\/p>\n<p><strong>Stockfotografie:<\/strong> Weekend Images Inc., SanneBerg, Foremniakowski, VladimirFLoyd, photorobot, master1305, millann, puhhha |\u00a0<a href=\"http:\/\/www.istockphoto.com\" target=\"_blank\" rel=\"noopener noreferrer\">www.istockphoto.com<\/a>[\/vc_column_text][vc_empty_space height=&#8221;15px&#8221;][\/vc_column][\/vc_row]<\/p>\n","protected":false},"excerpt":{"rendered":"<p>[vc_row][vc_column][vc_empty_space height=&#8221;0&#8243; css=&#8221;.vc_custom_1464092997850{margin-top: -9px !important;}&#8221;][\/vc_column][\/vc_row][vc_row css=&#8221;.vc_custom_1462367774917{padding-bottom: 2px !important;}&#8221;][vc_column][vc_column_text] Anschrift der Praxis: [\/vc_column_text][vc_column_text]Praxis f\u00fcr Dermatologie und Allergologie im IsarKlinikum Prof. Dr. med. Dr. h.c. mult. Thomas Ruzicka Dr. med. Ilana Goldscheider Prof. Dr. med. Tanja von Braunm\u00fchl Fach\u00e4rzte f\u00fcr Dermatologie Sonnenstra\u00dfe 24-26 80331 M\u00fcnchen Telefon: +49&#8230;<\/p>\n","protected":false},"author":1,"featured_media":0,"parent":0,"menu_order":0,"comment_status":"closed","ping_status":"closed","template":"","meta":{"footnotes":""},"class_list":["post-7118","page","type-page","status-publish","hentry"],"translation":{"provider":"WPGlobus","version":"3.0.2","language":"ar","enabled_languages":["de","ar","ru"],"languages":{"de":{"title":true,"content":true,"excerpt":false},"ar":{"title":false,"content":false,"excerpt":false},"ru":{"title":false,"content":false,"excerpt":false}}},"aioseo_notices":[],"_links":{"self":[{"href":"https:\/\/dermatologie-isarklinikum.de\/ar\/wp-json\/wp\/v2\/pages\/7118","targetHints":{"allow":["GET"]}}],"collection":[{"href":"https:\/\/dermatologie-isarklinikum.de\/ar\/wp-json\/wp\/v2\/pages"}],"about":[{"href":"https:\/\/dermatologie-isarklinikum.de\/ar\/wp-json\/wp\/v2\/types\/page"}],"author":[{"embeddable":true,"href":"https:\/\/dermatologie-isarklinikum.de\/ar\/wp-json\/wp\/v2\/users\/1"}],"replies":[{"embeddable":true,"href":"https:\/\/dermatologie-isarklinikum.de\/ar\/wp-json\/wp\/v2\/comments?post=7118"}],"version-history":[{"count":29,"href":"https:\/\/dermatologie-isarklinikum.de\/ar\/wp-json\/wp\/v2\/pages\/7118\/revisions"}],"predecessor-version":[{"id":7669,"href":"https:\/\/dermatologie-isarklinikum.de\/ar\/wp-json\/wp\/v2\/pages\/7118\/revisions\/7669"}],"wp:attachment":[{"href":"https:\/\/dermatologie-isarklinikum.de\/ar\/wp-json\/wp\/v2\/media?parent=7118"}],"curies":[{"name":"wp","href":"https:\/\/api.w.org\/{rel}","templated":true}]}}