{"id":6964,"date":"2018-06-28T07:53:36","date_gmt":"2018-06-28T07:53:36","guid":{"rendered":"http:\/\/wpderm.dermatologie-isarklinikum.de\/?page_id=6964"},"modified":"2021-02-25T12:43:46","modified_gmt":"2021-02-25T12:43:46","slug":"konfokale-laserscanmikroskopie","status":"publish","type":"page","link":"https:\/\/dermatologie-isarklinikum.de\/ar\/konfokale-laserscanmikroskopie\/","title":{"rendered":"Konfokale Laserscanmikroskopie"},"content":{"rendered":"<p>[vc_row][vc_column width=&#8221;1\/3&#8243;][vc_empty_space height=&#8221;8&#8243; css=&#8221;.vc_custom_1529664459266{margin-top: -9px !important;}&#8221;]\n<h2 class=\"edgtf-custom-font-holder\" style=\"font-weight: 400;text-transform: Uppercase;text-align: left\" >\n\t\n\tKonfokale Laserscan-Mikroskopie\n\t\t\n\t<\/h2><div class=\"edgtf-separator-holder clearfix  edgtf-separator-left\">\n\t<div class=\"edgtf-separator\" style=\"border-color: #1dbadf;border-style: solid;width: 75px;border-bottom-width: 2pxpx;margin-top: 22px;margin-bottom: 25px\"><\/div>\n<\/div>\n[\/vc_column][vc_column width=&#8221;2\/3&#8243;][vc_column_text]Die konfokale Laserscanmikroskopie (KLSM) geh\u00f6rt zu den nicht-invasiven, bildgebenden Verfahren in der Dermatologie. Sie erm\u00f6glicht die Darstellung von Hautzellen in einem schwarz-wei\u00df Bild, ohne dass eine Gewebeprobe entnommen werden muss. Dabei liegt die St\u00e4rke dieser Untersuchung in ihrer hohen Aufl\u00f6sung.[\/vc_column_text][vc_empty_space height=&#8221;20px&#8221;][vc_column_text]Die Eindringtiefe ist auf die obersten Hautschichten begrenzt, f\u00fcr tieferliegende Hautver\u00e4nderung ziehen wir die <a href=\"https:\/\/dermatologie-isarklinikum.de\/optische-kohaerenztomografie\/\"><strong>optische Koh\u00e4renztomografie<\/strong><\/a> oder <a href=\"https:\/\/dermatologie-isarklinikum.de\/ultraschall\/\"><strong>Ultraschall<\/strong><\/a> hinzu. Die KLSM eignet sich besonders gut zur Beurteilung auff\u00e4lliger <a href=\"https:\/\/dermatologie-isarklinikum.de\/naevi-muttermale\/\"><strong>N\u00e4vi\/Muttermale<\/strong><\/a> und deren Abgrenzung von <a href=\"https:\/\/dermatologie-isarklinikum.de\/schwarzer-hautkrebs\/\"><strong>Melanomen<\/strong><\/a> (schwarzer Hautkrebs). Auch k\u00f6nnen sehr gut <a href=\"https:\/\/dermatologie-isarklinikum.de\/heller-hautkrebs\/\"><strong>helle Hautkrebsarten<\/strong><\/a> wie Basalzellkarzinome diagnostiziert werden und im optimalen Falle kann damit die weitere Therapieplanung in Abh\u00e4ngigkeit des Befundes eingeleitet werden, ohne auf einen histologischen Befund zu warten. (<strong><a href=\"https:\/\/dermatologie-isarklinikum.de\/prof-dr-med-tanja-von-braunmuehl\/#publikationen\">Publikationen TVB<\/a><\/strong>)[\/vc_column_text][vc_empty_space height=&#8221;75px&#8221;][\/vc_column][\/vc_row][vc_row content_width=&#8221;grid&#8221;][vc_column offset=&#8221;vc_hidden-xs&#8221;]\t<div class=\"edgtf-call-to-action normal\" style=\"background: -webkit-linear-gradient(left,#c0954b,#e7bd74);background: -o-linear-gradient(right,#c0954b,#e7bd74);background: -moz-linear-gradient(right,#c0954b,#e7bd74);background: linear-gradient(to right,#c0954b,#e7bd74);\">\n\t\t<div class=\"edgtf-call-to-action-inset\" style=\"border-color:#ffffff\"><\/div>\n\t\t\n\t\t\t<div class=\"edgtf-call-to-action-together\" style=\"padding: 20px 10px;text-align:center\">\n\t\t\t\t<div class=\"edgtf-text-wrapper edgtf-call-to-action-column1 edgtf-call-to-action-cell\">\n\t\t\t\t\t\t\t\t\t<div class=\"edgtf-call-to-action-text\" style=\"font-size: 24px;color: #ffffff\">\n<h3 style=\"color: #fff; letter-spacing: 0.02em;\">JETZT TERMIN ONLINE VEREINBAREN<\/h3>\n<\/div>\n\t\t\t\t<\/div>\n\n\t\t\t\t\t\t\t\t\t<div class=\"edgtf-button-wrapper edgtf-call-to-action-column2 edgtf-call-to-action-cell\" style =\"text-align: right ;\">\n\t\t\t\t\t\t<a href=\"https:\/\/www.doctolib.de\/praxis\/muenchen\/dermatologie-im-isarklinikum\" target=\"_blank\" style=\"color: #ffffff\" class=\"edgtf-btn edgtf-btn-medium edgtf-btn-outline edgtf-has-hover edgtf-btn-custom-hover-color\" data-hover-color=\"#ffffff\" >    <span class=\"edgtf-btn-text\">Termin buchen<\/span>    <span class=\"edgtf-btn-background-holder\" style=\"border: 1px solid #ffffff\"><\/span>    <span class=\"edgtf-btn-background-hover-holder\" style=\"background: none;background-color: #1dbadf;border: 1px solid #ffffff\"><\/span><\/a>\t\t\t\t\t<\/div>\n\t\t\t\t\t\t\t<\/div>\n\t\t\t<\/div>\n[vc_empty_space height=&#8221;50px&#8221;][\/vc_column][\/vc_row][vc_row content_width=&#8221;grid&#8221;][vc_column offset=&#8221;vc_hidden-lg vc_hidden-md vc_hidden-sm&#8221;]\t<div class=\"edgtf-call-to-action normal\" style=\"background: -webkit-linear-gradient(left,#c0954b,#e7bd74);background: -o-linear-gradient(right,#c0954b,#e7bd74);background: -moz-linear-gradient(right,#c0954b,#e7bd74);background: linear-gradient(to right,#c0954b,#e7bd74);\">\n\t\t<div class=\"edgtf-call-to-action-inset\" style=\"border-color:#ffffff\"><\/div>\n\t\t\t\t<div class=\"edgtf-container-inner\">\n\t\t\n\t\t\t<div class=\"edgtf-call-to-action-together\" style=\"padding: 10px 10px 19px 10px;text-align:center\">\n\t\t\t\t<div class=\"edgtf-text-wrapper edgtf-call-to-action-column1 edgtf-call-to-action-cell\">\n\t\t\t\t\t\t\t\t\t<div class=\"edgtf-call-to-action-text\" style=\"font-size: 24px;color: #ffffff\"><\/div>\n\t\t\t\t<\/div>\n\n\t\t\t\t\t\t\t\t\t<div class=\"edgtf-button-wrapper edgtf-call-to-action-column2 edgtf-call-to-action-cell\" style =\"text-align: right ;\">\n\t\t\t\t\t\t<a href=\"https:\/\/www.doctolib.de\/praxis\/muenchen\/dermatologie-im-isarklinikum\" target=\"_blank\" style=\"color: #ffffff\" class=\"edgtf-btn edgtf-btn-medium edgtf-btn-outline edgtf-has-hover edgtf-btn-custom-hover-color\" data-hover-color=\"#ffffff\" >    <span class=\"edgtf-btn-text\">Termin buchen<\/span>    <span class=\"edgtf-btn-background-holder\" style=\"border: 1px solid #ffffff\"><\/span>    <span class=\"edgtf-btn-background-hover-holder\" style=\"background: none;background-color: #1dbadf;border: 1px solid #ffffff\"><\/span><\/a>\t\t\t\t\t<\/div>\n\t\t\t\t\t\t\t<\/div>\n\t\t\t\t<\/div>\n\t\t\t<\/div>\n[vc_empty_space height=&#8221;50px&#8221;][\/vc_column][\/vc_row]<\/p>\n","protected":false},"excerpt":{"rendered":"<p>[vc_row][vc_column width=&#8221;1\/3&#8243;][vc_empty_space height=&#8221;8&#8243; css=&#8221;.vc_custom_1529664459266{margin-top: -9px !important;}&#8221;][\/vc_column][vc_column width=&#8221;2\/3&#8243;][vc_column_text]Die konfokale Laserscanmikroskopie (KLSM) geh\u00f6rt zu den nicht-invasiven, bildgebenden Verfahren in der Dermatologie. Sie erm\u00f6glicht die Darstellung von Hautzellen in einem schwarz-wei\u00df Bild, ohne dass eine Gewebeprobe entnommen werden muss. Dabei liegt die St\u00e4rke dieser Untersuchung in ihrer hohen&#8230;<\/p>\n","protected":false},"author":1,"featured_media":0,"parent":0,"menu_order":0,"comment_status":"closed","ping_status":"closed","template":"","meta":{"footnotes":""},"class_list":["post-6964","page","type-page","status-publish","hentry"],"translation":{"provider":"WPGlobus","version":"3.0.2","language":"ar","enabled_languages":["de","ar","ru"],"languages":{"de":{"title":true,"content":true,"excerpt":false},"ar":{"title":false,"content":false,"excerpt":false},"ru":{"title":false,"content":false,"excerpt":false}}},"aioseo_notices":[],"_links":{"self":[{"href":"https:\/\/dermatologie-isarklinikum.de\/ar\/wp-json\/wp\/v2\/pages\/6964","targetHints":{"allow":["GET"]}}],"collection":[{"href":"https:\/\/dermatologie-isarklinikum.de\/ar\/wp-json\/wp\/v2\/pages"}],"about":[{"href":"https:\/\/dermatologie-isarklinikum.de\/ar\/wp-json\/wp\/v2\/types\/page"}],"author":[{"embeddable":true,"href":"https:\/\/dermatologie-isarklinikum.de\/ar\/wp-json\/wp\/v2\/users\/1"}],"replies":[{"embeddable":true,"href":"https:\/\/dermatologie-isarklinikum.de\/ar\/wp-json\/wp\/v2\/comments?post=6964"}],"version-history":[{"count":10,"href":"https:\/\/dermatologie-isarklinikum.de\/ar\/wp-json\/wp\/v2\/pages\/6964\/revisions"}],"predecessor-version":[{"id":7793,"href":"https:\/\/dermatologie-isarklinikum.de\/ar\/wp-json\/wp\/v2\/pages\/6964\/revisions\/7793"}],"wp:attachment":[{"href":"https:\/\/dermatologie-isarklinikum.de\/ar\/wp-json\/wp\/v2\/media?parent=6964"}],"curies":[{"name":"wp","href":"https:\/\/api.w.org\/{rel}","templated":true}]}}