{"id":6799,"date":"2018-06-22T10:54:51","date_gmt":"2018-06-22T10:54:51","guid":{"rendered":"http:\/\/wpderm.dermatologie-isarklinikum.de\/?page_id=6799"},"modified":"2021-02-25T13:02:37","modified_gmt":"2021-02-25T13:02:37","slug":"psoriasis-schuppenflechte","status":"publish","type":"page","link":"https:\/\/dermatologie-isarklinikum.de\/ar\/psoriasis-schuppenflechte\/","title":{"rendered":"Psoriasis \/ Schuppenflechte"},"content":{"rendered":"<p>[vc_row][vc_column width=&#8221;1\/3&#8243;][vc_empty_space height=&#8221;8&#8243; css=&#8221;.vc_custom_1529664459266{margin-top: -9px !important;}&#8221;]\n<h2 class=\"edgtf-custom-font-holder\" style=\"font-weight: 400;text-transform: Uppercase;text-align: left\" >\n\t\n\tPsoriasis\n\t\t\n\t<\/h2><div class=\"edgtf-separator-holder clearfix  edgtf-separator-left\">\n\t<div class=\"edgtf-separator\" style=\"border-color: #1dbadf;border-style: solid;width: 75px;border-bottom-width: 2pxpx;margin-top: 22px;margin-bottom: 25px\"><\/div>\n<\/div>\n[\/vc_column][vc_column width=&#8221;2\/3&#8243;][vc_column_text]Bei der Schuppenflechte (<em>Psoriasis<\/em>) handelt es sich um eine chronisch-entz\u00fcndliche mit R\u00f6tung und Schuppung einhergehende Erkrankung der Haut, die in einigen F\u00e4llen auch die Gelenke betreffen kann. Die genetische Veranlagung spielt eine Rolle, so dass auch blutsverwandte Familienmitglieder betroffen sein k\u00f6nnen. In den vergangenen Jahren verfestigte sich immer mehr der Zusammenhang zwischen Ern\u00e4hrungsgewohnheiten, Bewegungsmangel und dadurch bedingten Wohlstandserkrankungen wie Diabetes, Bluthochdruck und Gef\u00e4\u00dferkrankungen, hohen Cholesterinspiegeln (metabolisches Syndrom) und einem schlechteren Verlauf der Psoriasis, so dass di\u00e4tetische Ma\u00dfnahmen erg\u00e4nzend durchaus sinnvoll sind.[\/vc_column_text][vc_empty_space height=&#8221;50px&#8221;]<div class=\"edgtf-tabs edgtf-horizontal-tab edgtf-tab-without-icon clearfix\">\n\t<ul class=\"edgtf-tabs-nav\">\n\t\t\t\t\t<li>\n\t\t\t\t<a href=\"#tab-milde-auspragung\">\n\t\t\t\t\t\n\t\t\t\t\t\t\t\t\t\t\t<span class=\"edgtf-tab-text-after-icon\">\n\t\t\t\t\t\t\tMilde Auspr\u00e4gung\t\t\t\t\t\t<\/span>\n\t\t\t\t\t\t\t\t\t\t\t\n\t\t\t\t\t\t\t\t\t<\/a>\n\t\t\t\t<div class=\"edgtf-tabs-gradient\"><\/div>\n\t\t\t <\/li>\n\t\t\t\t\t<li>\n\t\t\t\t<a href=\"#tab-starkere-auspragung\">\n\t\t\t\t\t\n\t\t\t\t\t\t\t\t\t\t\t<span class=\"edgtf-tab-text-after-icon\">\n\t\t\t\t\t\t\tSt\u00e4rkere Auspr\u00e4gung\t\t\t\t\t\t<\/span>\n\t\t\t\t\t\t\t\t\t\t\t\n\t\t\t\t\t\t\t\t\t<\/a>\n\t\t\t\t<div class=\"edgtf-tabs-gradient\"><\/div>\n\t\t\t <\/li>\n\t\t\t\t\t<li>\n\t\t\t\t<a href=\"#tab-schwere-psoriasis-psoriasis-arthritis\">\n\t\t\t\t\t\n\t\t\t\t\t\t\t\t\t\t\t<span class=\"edgtf-tab-text-after-icon\">\n\t\t\t\t\t\t\tSchwere Psoriasis \/ Psoriasis-Arthritis\t\t\t\t\t\t<\/span>\n\t\t\t\t\t\t\t\t\t\t\t\n\t\t\t\t\t\t\t\t\t<\/a>\n\t\t\t\t<div class=\"edgtf-tabs-gradient\"><\/div>\n\t\t\t <\/li>\n\t\t\t<\/ul> \n\t<div class=\"edgtf-tab-container\" id=\"tab-milde-auspragung-546\" data-icon-pack=\"font_awesome\" data-icon-html=\"&lt;i class=&quot;edgtf-icon-font-awesome fa  &quot; &gt;&lt;\/i&gt;\">[vc_column_text]Die mild ausgepr\u00e4gte Psoriasis, die sich zum Beispiel durch chronische R\u00f6tung und wei\u00dfliche Schuppung an Ellbogen, Knien und Schienbeinen \u00e4u\u00dfert, l\u00e4sst sich meist mittels Cremetherapie gut in den Griff bekommen. Erg\u00e4nzend stellt die <strong><a href=\"https:\/\/dermatologie-isarklinikum.de\/lichttherapie\/\">Lichttherapie<\/a><\/strong> eine gut vertr\u00e4gliche Therapieoption dar; hier sind \u00fcber mehrere Wochen regelm\u00e4\u00dfige Lichtbehandlungen n\u00f6tig, um ein Ansprechen zu erreichen.[\/vc_column_text]<\/div><div class=\"edgtf-tab-container\" id=\"tab-starkere-auspragung-365\" data-icon-pack=\"font_awesome\" data-icon-html=\"&lt;i class=&quot;edgtf-icon-font-awesome fa  &quot; &gt;&lt;\/i&gt;\">[vc_column_text]Auch bei st\u00e4rker ausgepr\u00e4gten Formen der Psoriasis, die neben den Streckseiten der Arme und Beine auch einen Gro\u00dfteil des K\u00f6rpers betrifft, kann die <a href=\"https:\/\/dermatologie-isarklinikum.de\/lichttherapie\/\"><strong>Lichttherapie<\/strong><\/a> unterst\u00fctzend eingesetzt werden. Hier stehen zus\u00e4tzlich Medikamente in Tablettenform zur Verf\u00fcgung wie die Fumars\u00e4ureester, die unter \u00e4rztlicher \u00dcberwachung und Kontrollen eingenommen, eine Stabilisierung der Schuppenflechte erreichen k\u00f6nnen.[\/vc_column_text]<\/div><div class=\"edgtf-tab-container\" id=\"tab-schwere-psoriasis-psoriasis-arthritis-311\" data-icon-pack=\"font_awesome\" data-icon-html=\"&lt;i class=&quot;edgtf-icon-font-awesome fa  &quot; &gt;&lt;\/i&gt;\">[vc_column_text]Desweiteren sind seit vielen Jahren sogenannte Biologika f\u00fcr die Behandlung der schweren Psoriasis und insbesondere auch f\u00fcr die Psoriasis-Arthritis (Gelenkbeteiligung) zugelassen und k\u00f6nnen \u00fcber die Blockade von Entz\u00fcndungskaskaden im K\u00f6rper sehr gute Ergebnisse bei der Kontrolle der Schuppenflechte erzielen.[\/vc_column_text][vc_column_text]Bei ausgepr\u00e4gten Psoriasisformen und Gelenkbeschwerden empfehlen wir erg\u00e4nzende internistische Durchuntersuchungen und rheumatologische Abkl\u00e4rungen; hier arbeiten wir interdisziplin\u00e4r mit den Abteilungen des Isarklinikums zusammen.[\/vc_column_text]<\/div><\/div>[vc_empty_space height=&#8221;50px&#8221;][\/vc_column][\/vc_row][vc_row content_width=&#8221;grid&#8221;][vc_column offset=&#8221;vc_hidden-xs&#8221;]\t<div class=\"edgtf-call-to-action normal\" style=\"background: -webkit-linear-gradient(left,#c0954b,#e7bd74);background: -o-linear-gradient(right,#c0954b,#e7bd74);background: -moz-linear-gradient(right,#c0954b,#e7bd74);background: linear-gradient(to right,#c0954b,#e7bd74);\">\n\t\t<div class=\"edgtf-call-to-action-inset\" style=\"border-color:#ffffff\"><\/div>\n\t\t\n\t\t\t<div class=\"edgtf-call-to-action-together\" style=\"padding: 20px 10px;text-align:center\">\n\t\t\t\t<div class=\"edgtf-text-wrapper edgtf-call-to-action-column1 edgtf-call-to-action-cell\">\n\t\t\t\t\t\t\t\t\t<div class=\"edgtf-call-to-action-text\" style=\"font-size: 24px;color: #ffffff\">\n<h3 style=\"color: #fff; letter-spacing: 0.02em;\">JETZT TERMIN ONLINE VEREINBAREN<\/h3>\n<\/div>\n\t\t\t\t<\/div>\n\n\t\t\t\t\t\t\t\t\t<div class=\"edgtf-button-wrapper edgtf-call-to-action-column2 edgtf-call-to-action-cell\" style =\"text-align: right ;\">\n\t\t\t\t\t\t<a href=\"https:\/\/www.doctolib.de\/praxis\/muenchen\/dermatologie-im-isarklinikum\" target=\"_blank\" style=\"color: #ffffff\" class=\"edgtf-btn edgtf-btn-medium edgtf-btn-outline edgtf-has-hover edgtf-btn-custom-hover-color\" data-hover-color=\"#ffffff\" >    <span class=\"edgtf-btn-text\">Termin buchen<\/span>    <span class=\"edgtf-btn-background-holder\" style=\"border: 1px solid #ffffff\"><\/span>    <span class=\"edgtf-btn-background-hover-holder\" style=\"background: none;background-color: #1dbadf;border: 1px solid #ffffff\"><\/span><\/a>\t\t\t\t\t<\/div>\n\t\t\t\t\t\t\t<\/div>\n\t\t\t<\/div>\n[vc_empty_space height=&#8221;50px&#8221;][\/vc_column][\/vc_row][vc_row content_width=&#8221;grid&#8221;][vc_column offset=&#8221;vc_hidden-lg vc_hidden-md vc_hidden-sm&#8221;]\t<div class=\"edgtf-call-to-action normal\" style=\"background: -webkit-linear-gradient(left,#c0954b,#e7bd74);background: -o-linear-gradient(right,#c0954b,#e7bd74);background: -moz-linear-gradient(right,#c0954b,#e7bd74);background: linear-gradient(to right,#c0954b,#e7bd74);\">\n\t\t<div class=\"edgtf-call-to-action-inset\" style=\"border-color:#ffffff\"><\/div>\n\t\t\t\t<div class=\"edgtf-container-inner\">\n\t\t\n\t\t\t<div class=\"edgtf-call-to-action-together\" style=\"padding: 10px 10px 19px 10px;text-align:center\">\n\t\t\t\t<div class=\"edgtf-text-wrapper edgtf-call-to-action-column1 edgtf-call-to-action-cell\">\n\t\t\t\t\t\t\t\t\t<div class=\"edgtf-call-to-action-text\" style=\"font-size: 24px;color: #ffffff\"><\/div>\n\t\t\t\t<\/div>\n\n\t\t\t\t\t\t\t\t\t<div class=\"edgtf-button-wrapper edgtf-call-to-action-column2 edgtf-call-to-action-cell\" style =\"text-align: right ;\">\n\t\t\t\t\t\t<a href=\"https:\/\/www.doctolib.de\/praxis\/muenchen\/dermatologie-im-isarklinikum\" target=\"_blank\" style=\"color: #ffffff\" class=\"edgtf-btn edgtf-btn-medium edgtf-btn-outline edgtf-has-hover edgtf-btn-custom-hover-color\" data-hover-color=\"#ffffff\" >    <span class=\"edgtf-btn-text\">Termin buchen<\/span>    <span class=\"edgtf-btn-background-holder\" style=\"border: 1px solid #ffffff\"><\/span>    <span class=\"edgtf-btn-background-hover-holder\" style=\"background: none;background-color: #1dbadf;border: 1px solid #ffffff\"><\/span><\/a>\t\t\t\t\t<\/div>\n\t\t\t\t\t\t\t<\/div>\n\t\t\t\t<\/div>\n\t\t\t<\/div>\n[vc_empty_space height=&#8221;50px&#8221;][\/vc_column][\/vc_row]<\/p>\n","protected":false},"excerpt":{"rendered":"<p>[vc_row][vc_column width=&#8221;1\/3&#8243;][vc_empty_space height=&#8221;8&#8243; css=&#8221;.vc_custom_1529664459266{margin-top: -9px !important;}&#8221;][\/vc_column][vc_column width=&#8221;2\/3&#8243;][vc_column_text]Bei der Schuppenflechte (Psoriasis) handelt es sich um eine chronisch-entz\u00fcndliche mit R\u00f6tung und Schuppung einhergehende Erkrankung der Haut, die in einigen F\u00e4llen auch die Gelenke betreffen kann. Die genetische Veranlagung spielt eine Rolle, so dass auch blutsverwandte Familienmitglieder betroffen&#8230;<\/p>\n","protected":false},"author":1,"featured_media":0,"parent":0,"menu_order":0,"comment_status":"closed","ping_status":"closed","template":"","meta":{"footnotes":""},"class_list":["post-6799","page","type-page","status-publish","hentry"],"translation":{"provider":"WPGlobus","version":"3.0.2","language":"ar","enabled_languages":["de","ar","ru"],"languages":{"de":{"title":true,"content":true,"excerpt":false},"ar":{"title":false,"content":false,"excerpt":false},"ru":{"title":false,"content":false,"excerpt":false}}},"aioseo_notices":[],"_links":{"self":[{"href":"https:\/\/dermatologie-isarklinikum.de\/ar\/wp-json\/wp\/v2\/pages\/6799","targetHints":{"allow":["GET"]}}],"collection":[{"href":"https:\/\/dermatologie-isarklinikum.de\/ar\/wp-json\/wp\/v2\/pages"}],"about":[{"href":"https:\/\/dermatologie-isarklinikum.de\/ar\/wp-json\/wp\/v2\/types\/page"}],"author":[{"embeddable":true,"href":"https:\/\/dermatologie-isarklinikum.de\/ar\/wp-json\/wp\/v2\/users\/1"}],"replies":[{"embeddable":true,"href":"https:\/\/dermatologie-isarklinikum.de\/ar\/wp-json\/wp\/v2\/comments?post=6799"}],"version-history":[{"count":9,"href":"https:\/\/dermatologie-isarklinikum.de\/ar\/wp-json\/wp\/v2\/pages\/6799\/revisions"}],"predecessor-version":[{"id":7802,"href":"https:\/\/dermatologie-isarklinikum.de\/ar\/wp-json\/wp\/v2\/pages\/6799\/revisions\/7802"}],"wp:attachment":[{"href":"https:\/\/dermatologie-isarklinikum.de\/ar\/wp-json\/wp\/v2\/media?parent=6799"}],"curies":[{"name":"wp","href":"https:\/\/api.w.org\/{rel}","templated":true}]}}