{"id":6782,"date":"2018-06-22T08:48:19","date_gmt":"2018-06-22T08:48:19","guid":{"rendered":"http:\/\/wpderm.dermatologie-isarklinikum.de\/?page_id=6782"},"modified":"2021-02-25T11:54:18","modified_gmt":"2021-02-25T11:54:18","slug":"besenreiser-krampfadern","status":"publish","type":"page","link":"https:\/\/dermatologie-isarklinikum.de\/ar\/besenreiser-krampfadern\/","title":{"rendered":"Besenreiser \/ Krampfadern"},"content":{"rendered":"<p>[vc_row][vc_column width=&#8221;1\/3&#8243;][vc_empty_space height=&#8221;8&#8243; css=&#8221;.vc_custom_1529613544507{margin-top: -9px !important;}&#8221;]\n<h2 class=\"edgtf-custom-font-holder\" style=\"font-weight: 400;text-transform: Uppercase;text-align: left\" >\n\t\n\tBesenreiser\n\t\t\n\t<\/h2><div class=\"edgtf-separator-holder clearfix  edgtf-separator-left\">\n\t<div class=\"edgtf-separator\" style=\"border-color: #1dbadf;border-style: solid;width: 75px;border-bottom-width: 2pxpx;margin-top: 22px;margin-bottom: 25px\"><\/div>\n<\/div>\n[\/vc_column][vc_column width=&#8221;2\/3&#8243;][vc_column_text]Bei Besenreisern handelt es sich um rot-blaue kleine erweiterte \u00c4derchen bzw. Adernetzwerke h\u00e4ufig an den Ober- und Unterschenkeln. F\u00fcr den Patienten steht meist der \u00e4sthetische Aspekt im Vordergrund, denn die Besenreiser k\u00f6nnen h\u00e4ufig gerade an den Unterschenkeln kosmetisch \u00e4u\u00dferst st\u00f6rend sein.[\/vc_column_text][vc_empty_space height=&#8221;20px&#8221;][vc_column_text]Es gibt verschiedene Behandlungsm\u00f6glichkeiten. Bei kleinen roten \u00c4derchen ist eine <a href=\"https:\/\/dermatologie-isarklinikum.de\/lasertherapie\/\"><strong>Lasertherapie<\/strong><\/a> mit einem speziellen Gef\u00e4\u00dflaser m\u00f6glich. Die gr\u00f6\u00dferen blauen Besenreiser k\u00f6nnen mittels Sklerotherapie ver\u00f6det werden.[\/vc_column_text][vc_empty_space height=&#8221;20px&#8221;][vc_column_text]Erg\u00e4nzend zu einer Besenreiser-Behandlung sollte eine phlebologische Untersuchung des tiefen Venensystems der Beine erfolgen. Denn Besenreiser k\u00f6nnen nur der oberfl\u00e4chliche Hinweis auf tieferliegende Venenerkrankungen wie den Krampfadern (Varizen) sein. Im Rahmen einer <a href=\"https:\/\/dermatologie-isarklinikum.de\/ultraschall\/\"><strong>Ultraschall-Untersuchung<\/strong><\/a> k\u00f6nnen wir Ihnen hier genauer Auskunft zu Ihrem Venenstatus geben und ggfs. in Zusammenarbeit mit den Gef\u00e4\u00dfspezialisten des Isarklinikums weitere Schritte einleiten.[\/vc_column_text][vc_empty_space height=&#8221;50px&#8221;][\/vc_column][\/vc_row][vc_row css=&#8221;.vc_custom_1529578639056{background-color: #f9f9f9 !important;}&#8221;][vc_column][vc_empty_space height=&#8221;3px&#8221;][\/vc_column][\/vc_row][vc_row css=&#8221;.vc_custom_1529612762213{padding-top: 50px !important;}&#8221;][vc_column width=&#8221;1\/3&#8243;][vc_empty_space height=&#8221;8&#8243; css=&#8221;.vc_custom_1529614631316{margin-top: -9px !important;}&#8221;]\n<h2 class=\"edgtf-custom-font-holder\" style=\"font-weight: 400;text-transform: Uppercase;text-align: left\" >\n\t\n\tKrampfadern (Varizen)\n\t\t\n\t<\/h2><div class=\"edgtf-separator-holder clearfix  edgtf-separator-left\">\n\t<div class=\"edgtf-separator\" style=\"border-color: #1dbadf;border-style: solid;width: 75px;border-bottom-width: 2pxpx;margin-top: 22px;margin-bottom: 25px\"><\/div>\n<\/div>\n[\/vc_column][vc_column width=&#8221;2\/3&#8243;][vc_column_text]Varizen k\u00f6nnen im ersten Stadium zu schweren, schmerzhaften Beinen f\u00fchren, hier schaffen physikalische Ma\u00dfnahmen Abhilfe. Auch verordnen wir Ihnen gerne passende St\u00fctzstr\u00fcmpfe, die eine Erleichterung der Beschwerden und Verbesserung der langfristigen Prognose bringen k\u00f6nnen. Unbehandelte Krampfadern stellen ein hohes Risiko f\u00fcr Thrombosen, aber auch f\u00fcr die Entwicklung von <strong>chronischen Wunden (Ulkus) <\/strong>dar.[\/vc_column_text][vc_empty_space height=&#8221;20px&#8221;][vc_column_text]F\u00fcr die Behandlung solcher chronischen Wunden ist eine genaue Diagnostik wichtig, denn diese k\u00f6nnen nicht nur ven\u00f6se Ursachen haben, sondern auch durch arterielle Verschl\u00fcsse, Stauungen des Lymphabflusses oder auch Diabetes bedingt sein. Hier ist eine interdisziplin\u00e4re Zusammenarbeit verschiedener Fachgebiete wichtig, wie wir es im Rahmen des Isarklinikums anbieten.[\/vc_column_text][vc_empty_space height=&#8221;75px&#8221;][\/vc_column][\/vc_row][vc_row content_width=&#8221;grid&#8221;][vc_column offset=&#8221;vc_hidden-xs&#8221;]\t<div class=\"edgtf-call-to-action normal\" style=\"background: -webkit-linear-gradient(left,#c0954b,#e7bd74);background: -o-linear-gradient(right,#c0954b,#e7bd74);background: -moz-linear-gradient(right,#c0954b,#e7bd74);background: linear-gradient(to right,#c0954b,#e7bd74);\">\n\t\t<div class=\"edgtf-call-to-action-inset\" style=\"border-color:#ffffff\"><\/div>\n\t\t\n\t\t\t<div class=\"edgtf-call-to-action-together\" style=\"padding: 20px 10px;text-align:center\">\n\t\t\t\t<div class=\"edgtf-text-wrapper edgtf-call-to-action-column1 edgtf-call-to-action-cell\">\n\t\t\t\t\t\t\t\t\t<div class=\"edgtf-call-to-action-text\" style=\"font-size: 24px;color: #ffffff\">\n<h3 style=\"color: #fff; letter-spacing: 0.02em;\">JETZT TERMIN ONLINE VEREINBAREN<\/h3>\n<\/div>\n\t\t\t\t<\/div>\n\n\t\t\t\t\t\t\t\t\t<div class=\"edgtf-button-wrapper edgtf-call-to-action-column2 edgtf-call-to-action-cell\" style =\"text-align: right ;\">\n\t\t\t\t\t\t<a href=\"https:\/\/www.doctolib.de\/praxis\/muenchen\/dermatologie-im-isarklinikum\" target=\"_blank\" style=\"color: #ffffff\" class=\"edgtf-btn edgtf-btn-medium edgtf-btn-outline edgtf-has-hover edgtf-btn-custom-hover-color\" data-hover-color=\"#ffffff\" >    <span class=\"edgtf-btn-text\">Termin buchen<\/span>    <span class=\"edgtf-btn-background-holder\" style=\"border: 1px solid #ffffff\"><\/span>    <span class=\"edgtf-btn-background-hover-holder\" style=\"background: none;background-color: #1dbadf;border: 1px solid #ffffff\"><\/span><\/a>\t\t\t\t\t<\/div>\n\t\t\t\t\t\t\t<\/div>\n\t\t\t<\/div>\n[vc_empty_space height=&#8221;50px&#8221;][\/vc_column][\/vc_row][vc_row content_width=&#8221;grid&#8221;][vc_column offset=&#8221;vc_hidden-lg vc_hidden-md vc_hidden-sm&#8221;]\t<div class=\"edgtf-call-to-action normal\" style=\"background: -webkit-linear-gradient(left,#c0954b,#e7bd74);background: -o-linear-gradient(right,#c0954b,#e7bd74);background: -moz-linear-gradient(right,#c0954b,#e7bd74);background: linear-gradient(to right,#c0954b,#e7bd74);\">\n\t\t<div class=\"edgtf-call-to-action-inset\" style=\"border-color:#ffffff\"><\/div>\n\t\t\t\t<div class=\"edgtf-container-inner\">\n\t\t\n\t\t\t<div class=\"edgtf-call-to-action-together\" style=\"padding: 10px 10px 19px 10px;text-align:center\">\n\t\t\t\t<div class=\"edgtf-text-wrapper edgtf-call-to-action-column1 edgtf-call-to-action-cell\">\n\t\t\t\t\t\t\t\t\t<div class=\"edgtf-call-to-action-text\" style=\"font-size: 24px;color: #ffffff\"><\/div>\n\t\t\t\t<\/div>\n\n\t\t\t\t\t\t\t\t\t<div class=\"edgtf-button-wrapper edgtf-call-to-action-column2 edgtf-call-to-action-cell\" style =\"text-align: right ;\">\n\t\t\t\t\t\t<a href=\"https:\/\/www.doctolib.de\/praxis\/muenchen\/dermatologie-im-isarklinikum\" target=\"_blank\" style=\"color: #ffffff\" class=\"edgtf-btn edgtf-btn-medium edgtf-btn-outline edgtf-has-hover edgtf-btn-custom-hover-color\" data-hover-color=\"#ffffff\" >    <span class=\"edgtf-btn-text\">Termin buchen<\/span>    <span class=\"edgtf-btn-background-holder\" style=\"border: 1px solid #ffffff\"><\/span>    <span class=\"edgtf-btn-background-hover-holder\" style=\"background: none;background-color: #1dbadf;border: 1px solid #ffffff\"><\/span><\/a>\t\t\t\t\t<\/div>\n\t\t\t\t\t\t\t<\/div>\n\t\t\t\t<\/div>\n\t\t\t<\/div>\n[vc_empty_space height=&#8221;50px&#8221;][\/vc_column][\/vc_row]<\/p>\n","protected":false},"excerpt":{"rendered":"<p>[vc_row][vc_column width=&#8221;1\/3&#8243;][vc_empty_space height=&#8221;8&#8243; css=&#8221;.vc_custom_1529613544507{margin-top: -9px !important;}&#8221;][\/vc_column][vc_column width=&#8221;2\/3&#8243;][vc_column_text]Bei Besenreisern handelt es sich um rot-blaue kleine erweiterte \u00c4derchen bzw. Adernetzwerke h\u00e4ufig an den Ober- und Unterschenkeln. F\u00fcr den Patienten steht meist der \u00e4sthetische Aspekt im Vordergrund, denn die Besenreiser k\u00f6nnen h\u00e4ufig gerade an den Unterschenkeln kosmetisch \u00e4u\u00dferst&#8230;<\/p>\n","protected":false},"author":1,"featured_media":0,"parent":0,"menu_order":0,"comment_status":"closed","ping_status":"closed","template":"","meta":{"footnotes":""},"class_list":["post-6782","page","type-page","status-publish","hentry"],"translation":{"provider":"WPGlobus","version":"3.0.2","language":"ar","enabled_languages":["de","ar","ru"],"languages":{"de":{"title":true,"content":true,"excerpt":false},"ar":{"title":false,"content":false,"excerpt":false},"ru":{"title":false,"content":false,"excerpt":false}}},"aioseo_notices":[],"_links":{"self":[{"href":"https:\/\/dermatologie-isarklinikum.de\/ar\/wp-json\/wp\/v2\/pages\/6782","targetHints":{"allow":["GET"]}}],"collection":[{"href":"https:\/\/dermatologie-isarklinikum.de\/ar\/wp-json\/wp\/v2\/pages"}],"about":[{"href":"https:\/\/dermatologie-isarklinikum.de\/ar\/wp-json\/wp\/v2\/types\/page"}],"author":[{"embeddable":true,"href":"https:\/\/dermatologie-isarklinikum.de\/ar\/wp-json\/wp\/v2\/users\/1"}],"replies":[{"embeddable":true,"href":"https:\/\/dermatologie-isarklinikum.de\/ar\/wp-json\/wp\/v2\/comments?post=6782"}],"version-history":[{"count":10,"href":"https:\/\/dermatologie-isarklinikum.de\/ar\/wp-json\/wp\/v2\/pages\/6782\/revisions"}],"predecessor-version":[{"id":7786,"href":"https:\/\/dermatologie-isarklinikum.de\/ar\/wp-json\/wp\/v2\/pages\/6782\/revisions\/7786"}],"wp:attachment":[{"href":"https:\/\/dermatologie-isarklinikum.de\/ar\/wp-json\/wp\/v2\/media?parent=6782"}],"curies":[{"name":"wp","href":"https:\/\/api.w.org\/{rel}","templated":true}]}}