{"id":6778,"date":"2018-06-22T08:31:09","date_gmt":"2018-06-22T08:31:09","guid":{"rendered":"http:\/\/wpderm.dermatologie-isarklinikum.de\/?page_id=6778"},"modified":"2021-02-25T11:47:50","modified_gmt":"2021-02-25T11:47:50","slug":"autoimmunerkrankungen","status":"publish","type":"page","link":"https:\/\/dermatologie-isarklinikum.de\/ar\/autoimmunerkrankungen\/","title":{"rendered":"Autoimmunerkrankungen"},"content":{"rendered":"<p>[vc_row][vc_column width=&#8221;1\/3&#8243;][vc_empty_space height=&#8221;8&#8243; css=&#8221;.vc_custom_1529613513363{margin-top: -9px !important;}&#8221;]\n<h2 class=\"edgtf-custom-font-holder\" style=\"font-weight: 400;text-transform: Uppercase;text-align: left\" >\n\t\n\tAutoimmun- erkrankungen\n\t\t\n\t<\/h2><div class=\"edgtf-separator-holder clearfix  edgtf-separator-left\">\n\t<div class=\"edgtf-separator\" style=\"border-color: #1dbadf;border-style: solid;width: 75px;border-bottom-width: 2pxpx;margin-top: 22px;margin-bottom: 25px\"><\/div>\n<\/div>\n[\/vc_column][vc_column width=&#8221;2\/3&#8243;][vc_column_text]Das Gebiet der Autoimmunerkrankungen umfasst ein weites Feld. Zu den klassischen Autoimmunerkrankungen in der Dermatologie geh\u00f6ren die blasenbildenden Erkrankungen der Haut (<em>Pemphigus vulgaris<\/em>, <em>bull\u00f6ses Pemphigoid<\/em>, <em>Dermatitis herpetiformis Duhring<\/em> u.a.), der <em>Lupus erythematodes<\/em>, die <em>Sklerodermie<\/em> und die <em>Dermatomyositis<\/em>. Insgesamt handelt es sich um komplexe Krankheitsbilder, die neben der Haut auch verschiedene Organe betreffen k\u00f6nnen.[\/vc_column_text][vc_empty_space height=&#8221;20px&#8221;][vc_column_text]Da viele dieser Erkrankungen mit Hautver\u00e4nderungen beginnen k\u00f6nnen, steht dem Hautarzt h\u00e4ufig die Aufgabe zu, die ersten Symptome zu erkennen und m\u00f6glicherweise die Diagnose zu stellen. Hier ist eine spezifische Diagnostik und Durchuntersuchung n\u00f6tig, die wir in unserer Praxis anbieten.[\/vc_column_text][vc_empty_space height=&#8221;20px&#8221;][vc_column_text]Gezielte Laboruntersuchungen auf die jeweiligen Antik\u00f6rper im Blut und Gewebe k\u00f6nnen Auskunft \u00fcber eine m\u00f6gliche Autoimmunerkrankung geben. Zum Ausschluss von Systembeteiligungen arbeiten wir interdisziplin\u00e4r mit den anderen Fachgebieten des Isarklinikums zusammen, um eine Rundumversorgung dieser vielschichtigen Erkrankungen zu gew\u00e4hrleisten.[\/vc_column_text][vc_empty_space height=&#8221;20px&#8221;][vc_column_text]Die weitere Therapie richtet sich nach der jeweiligen Diagnose und Auspr\u00e4gung. So k\u00f6nnen bei der <em>Sklerodermie<\/em> zum Beispiel Infusionen mit gef\u00e4\u00dferweiternden Medikamenten (Prostacyclin) eine Besserung bringen. Auch die intraven\u00f6se Verabreichung von Immunglobulinen kann bei verschiedenen Autoimmunerkrankungen wie z.B. der <em>Dermatomyositis<\/em> hilfreich sein. F\u00fcr diese Therapien arbeiten wir eng mit den anderen Fachbereichen des Isarklinikums zusammen.[\/vc_column_text][vc_empty_space height=&#8221;75px&#8221;][\/vc_column][\/vc_row][vc_row content_width=&#8221;grid&#8221;][vc_column offset=&#8221;vc_hidden-xs&#8221;]\t<div class=\"edgtf-call-to-action normal\" style=\"background: -webkit-linear-gradient(left,#c0954b,#e7bd74);background: -o-linear-gradient(right,#c0954b,#e7bd74);background: -moz-linear-gradient(right,#c0954b,#e7bd74);background: linear-gradient(to right,#c0954b,#e7bd74);\">\n\t\t<div class=\"edgtf-call-to-action-inset\" style=\"border-color:#ffffff\"><\/div>\n\t\t\n\t\t\t<div class=\"edgtf-call-to-action-together\" style=\"padding: 20px 10px;text-align:center\">\n\t\t\t\t<div class=\"edgtf-text-wrapper edgtf-call-to-action-column1 edgtf-call-to-action-cell\">\n\t\t\t\t\t\t\t\t\t<div class=\"edgtf-call-to-action-text\" style=\"font-size: 24px;color: #ffffff\">\n<h3 style=\"color: #fff; letter-spacing: 0.02em;\">JETZT TERMIN ONLINE VEREINBAREN<\/h3>\n<\/div>\n\t\t\t\t<\/div>\n\n\t\t\t\t\t\t\t\t\t<div class=\"edgtf-button-wrapper edgtf-call-to-action-column2 edgtf-call-to-action-cell\" style =\"text-align: right ;\">\n\t\t\t\t\t\t<a href=\"https:\/\/www.doctolib.de\/praxis\/muenchen\/dermatologie-im-isarklinikum\" target=\"_blank\" style=\"color: #ffffff\" class=\"edgtf-btn edgtf-btn-medium edgtf-btn-outline edgtf-has-hover edgtf-btn-custom-hover-color\" data-hover-color=\"#ffffff\" >    <span class=\"edgtf-btn-text\">Termin buchen<\/span>    <span class=\"edgtf-btn-background-holder\" style=\"border: 1px solid #ffffff\"><\/span>    <span class=\"edgtf-btn-background-hover-holder\" style=\"background: none;background-color: #1dbadf;border: 1px solid #ffffff\"><\/span><\/a>\t\t\t\t\t<\/div>\n\t\t\t\t\t\t\t<\/div>\n\t\t\t<\/div>\n[vc_empty_space height=&#8221;50px&#8221;][\/vc_column][\/vc_row][vc_row content_width=&#8221;grid&#8221;][vc_column offset=&#8221;vc_hidden-lg vc_hidden-md vc_hidden-sm&#8221;]\t<div class=\"edgtf-call-to-action normal\" style=\"background: -webkit-linear-gradient(left,#c0954b,#e7bd74);background: -o-linear-gradient(right,#c0954b,#e7bd74);background: -moz-linear-gradient(right,#c0954b,#e7bd74);background: linear-gradient(to right,#c0954b,#e7bd74);\">\n\t\t<div class=\"edgtf-call-to-action-inset\" style=\"border-color:#ffffff\"><\/div>\n\t\t\t\t<div class=\"edgtf-container-inner\">\n\t\t\n\t\t\t<div class=\"edgtf-call-to-action-together\" style=\"padding: 10px 10px 19px 10px;text-align:center\">\n\t\t\t\t<div class=\"edgtf-text-wrapper edgtf-call-to-action-column1 edgtf-call-to-action-cell\">\n\t\t\t\t\t\t\t\t\t<div class=\"edgtf-call-to-action-text\" style=\"font-size: 24px;color: #ffffff\"><\/div>\n\t\t\t\t<\/div>\n\n\t\t\t\t\t\t\t\t\t<div class=\"edgtf-button-wrapper edgtf-call-to-action-column2 edgtf-call-to-action-cell\" style =\"text-align: right ;\">\n\t\t\t\t\t\t<a href=\"https:\/\/www.doctolib.de\/praxis\/muenchen\/dermatologie-im-isarklinikum\" target=\"_blank\" style=\"color: #ffffff\" class=\"edgtf-btn edgtf-btn-medium edgtf-btn-outline edgtf-has-hover edgtf-btn-custom-hover-color\" data-hover-color=\"#ffffff\" >    <span class=\"edgtf-btn-text\">Termin buchen<\/span>    <span class=\"edgtf-btn-background-holder\" style=\"border: 1px solid #ffffff\"><\/span>    <span class=\"edgtf-btn-background-hover-holder\" style=\"background: none;background-color: #1dbadf;border: 1px solid #ffffff\"><\/span><\/a>\t\t\t\t\t<\/div>\n\t\t\t\t\t\t\t<\/div>\n\t\t\t\t<\/div>\n\t\t\t<\/div>\n[vc_empty_space height=&#8221;50px&#8221;][\/vc_column][\/vc_row]<\/p>\n","protected":false},"excerpt":{"rendered":"<p>[vc_row][vc_column width=&#8221;1\/3&#8243;][vc_empty_space height=&#8221;8&#8243; css=&#8221;.vc_custom_1529613513363{margin-top: -9px !important;}&#8221;][\/vc_column][vc_column width=&#8221;2\/3&#8243;][vc_column_text]Das Gebiet der Autoimmunerkrankungen umfasst ein weites Feld. Zu den klassischen Autoimmunerkrankungen in der Dermatologie geh\u00f6ren die blasenbildenden Erkrankungen der Haut (Pemphigus vulgaris, bull\u00f6ses Pemphigoid, Dermatitis herpetiformis Duhring u.a.), der Lupus erythematodes, die Sklerodermie und die Dermatomyositis. Insgesamt handelt&#8230;<\/p>\n","protected":false},"author":1,"featured_media":0,"parent":0,"menu_order":0,"comment_status":"closed","ping_status":"closed","template":"","meta":{"footnotes":""},"class_list":["post-6778","page","type-page","status-publish","hentry"],"translation":{"provider":"WPGlobus","version":"3.0.2","language":"ar","enabled_languages":["de","ar","ru"],"languages":{"de":{"title":true,"content":true,"excerpt":false},"ar":{"title":false,"content":false,"excerpt":false},"ru":{"title":false,"content":false,"excerpt":false}}},"aioseo_notices":[],"_links":{"self":[{"href":"https:\/\/dermatologie-isarklinikum.de\/ar\/wp-json\/wp\/v2\/pages\/6778","targetHints":{"allow":["GET"]}}],"collection":[{"href":"https:\/\/dermatologie-isarklinikum.de\/ar\/wp-json\/wp\/v2\/pages"}],"about":[{"href":"https:\/\/dermatologie-isarklinikum.de\/ar\/wp-json\/wp\/v2\/types\/page"}],"author":[{"embeddable":true,"href":"https:\/\/dermatologie-isarklinikum.de\/ar\/wp-json\/wp\/v2\/users\/1"}],"replies":[{"embeddable":true,"href":"https:\/\/dermatologie-isarklinikum.de\/ar\/wp-json\/wp\/v2\/comments?post=6778"}],"version-history":[{"count":6,"href":"https:\/\/dermatologie-isarklinikum.de\/ar\/wp-json\/wp\/v2\/pages\/6778\/revisions"}],"predecessor-version":[{"id":7784,"href":"https:\/\/dermatologie-isarklinikum.de\/ar\/wp-json\/wp\/v2\/pages\/6778\/revisions\/7784"}],"wp:attachment":[{"href":"https:\/\/dermatologie-isarklinikum.de\/ar\/wp-json\/wp\/v2\/media?parent=6778"}],"curies":[{"name":"wp","href":"https:\/\/api.w.org\/{rel}","templated":true}]}}