{"id":6742,"date":"2018-06-21T19:20:45","date_gmt":"2018-06-21T19:20:45","guid":{"rendered":"http:\/\/wpderm.dermatologie-isarklinikum.de\/?page_id=6742"},"modified":"2021-02-25T13:05:10","modified_gmt":"2021-02-25T13:05:10","slug":"schwarzer-hautkrebs","status":"publish","type":"page","link":"https:\/\/dermatologie-isarklinikum.de\/ar\/schwarzer-hautkrebs\/","title":{"rendered":"Schwarzer Hautkrebs"},"content":{"rendered":"<p>[vc_row][vc_column width=&#8221;1\/3&#8243;][vc_empty_space height=&#8221;8&#8243; css=&#8221;.vc_custom_1529615896815{margin-top: -9px !important;}&#8221;]\n<h2 class=\"edgtf-custom-font-holder\" style=\"font-weight: 400;text-transform: Uppercase;text-align: left\" >\n\t\n\tMalignes Melanom\n\t\t\n\t<\/h2><div class=\"edgtf-separator-holder clearfix  edgtf-separator-left\">\n\t<div class=\"edgtf-separator\" style=\"border-color: #1dbadf;border-style: solid;width: 75px;border-bottom-width: 2pxpx;margin-top: 22px;margin-bottom: 25px\"><\/div>\n<\/div>\n[\/vc_column][vc_column width=&#8221;2\/3&#8243;][vc_column_text]Im Gegensatz zum <a href=\"https:\/\/dermatologie-isarklinikum.de\/heller-hautkrebs\/\"><strong>hellen Hautkrebs<\/strong><\/a> kann das maligne Melanom (schwarzer Hautkrebs) nicht nur bei \u00e4lteren Menschen sondern auch im jungen Erwachsenenalter auftreten.[\/vc_column_text][vc_empty_space height=&#8221;20px&#8221;][vc_column_text]Das Melanom ist einer der aggressivsten Hauttumoren, welches ab einer gewissen Tumordicke zu einer Metastasierung f\u00fchren kann. Aus diesem Grund ist die Fr\u00fcherkennung beim Melanom \u00fcberlebenswichtig. Je d\u00fcnner das Melanom bei der Erstdiagnose ist, desto geringer ist die Wahrscheinlichkeit, dass es bereits in die Blut-und Lymphgef\u00e4sse eingedrungen ist und deshalb noch keine b\u00f6sartigen Absiedlungen bilden konnte.[\/vc_column_text][vc_empty_space height=&#8221;20px&#8221;][vc_column_text]Deshalb raten wir unseren Patienten zu regelm\u00e4\u00dfigen Hautkrebs-Screenings mindestens einmal j\u00e4hrlich, bei vorliegenden Risikofaktoren auch alle 6 Monate. Denn nichts ist leichter als das Hautorgan anzuschauen, da es offen vor uns liegt.[\/vc_column_text][vc_empty_space height=&#8221;20px&#8221;][vc_column_text]Neben hellem Hauttyp und genetischer Disposition spielt auch hier die Sonnenexposition, besonders auch Sonnenbr\u00e4nde in der Kindheit eine gro\u00dfe Rolle. Nichtsdestotrotz kann das Melanom auch an nicht-sonnenexponierten K\u00f6rperstellen auftreten, weshalb eine sorgf\u00e4ltige Hautinspektion zus\u00e4tzlich in Hautfalten, Kopfhaut, Mund- und Genitalschleimhaut erfolgen sollte.[\/vc_column_text][vc_empty_space height=&#8221;20px&#8221;][vc_column_text]Das Melanom kann neu, aber auch aus bestehenden <a href=\"https:\/\/dermatologie-isarklinikum.de\/naevi-muttermale\/\"><strong>Pigmentmalen \/ Muttermalen (N\u00e4vi)<\/strong><\/a> entstehen. H\u00e4ufig macht es sich durch Ver\u00e4nderungen in Form, Farbe, Erhabenheit und Gr\u00f6\u00dfe bemerkbar, auch Juckreiz oder Blutung k\u00f6nnen auftreten. Zur Beurteilung wird die sogenannte ABCD-Regel herangezogen (Asymmetrie, Begrenzung, Colour, Durchmesser).[\/vc_column_text][vc_empty_space height=&#8221;50px&#8221;]<div class=\"edgtf-tabs edgtf-horizontal-tab edgtf-tab-without-icon clearfix\">\n\t<ul class=\"edgtf-tabs-nav\">\n\t\t\t\t\t<li>\n\t\t\t\t<a href=\"#tab-diagnostik\">\n\t\t\t\t\t\n\t\t\t\t\t\t\t\t\t\t\t<span class=\"edgtf-tab-text-after-icon\">\n\t\t\t\t\t\t\tDiagnostik\t\t\t\t\t\t<\/span>\n\t\t\t\t\t\t\t\t\t\t\t\n\t\t\t\t\t\t\t\t\t<\/a>\n\t\t\t\t<div class=\"edgtf-tabs-gradient\"><\/div>\n\t\t\t <\/li>\n\t\t\t\t\t<li>\n\t\t\t\t<a href=\"#tab-therapie\">\n\t\t\t\t\t\n\t\t\t\t\t\t\t\t\t\t\t<span class=\"edgtf-tab-text-after-icon\">\n\t\t\t\t\t\t\tTherapie\t\t\t\t\t\t<\/span>\n\t\t\t\t\t\t\t\t\t\t\t\n\t\t\t\t\t\t\t\t\t<\/a>\n\t\t\t\t<div class=\"edgtf-tabs-gradient\"><\/div>\n\t\t\t <\/li>\n\t\t\t\t\t<li>\n\t\t\t\t<a href=\"#tab-nachsorge\">\n\t\t\t\t\t\n\t\t\t\t\t\t\t\t\t\t\t<span class=\"edgtf-tab-text-after-icon\">\n\t\t\t\t\t\t\tNachsorge\t\t\t\t\t\t<\/span>\n\t\t\t\t\t\t\t\t\t\t\t\n\t\t\t\t\t\t\t\t\t<\/a>\n\t\t\t\t<div class=\"edgtf-tabs-gradient\"><\/div>\n\t\t\t <\/li>\n\t\t\t<\/ul> \n\t<div class=\"edgtf-tab-container\" id=\"tab-diagnostik-254\" data-icon-pack=\"font_awesome\" data-icon-html=\"&lt;i class=&quot;edgtf-icon-font-awesome fa  &quot; &gt;&lt;\/i&gt;\">[vc_column_text]Zur Erkennung eines Melanoms wird immer das <a href=\"https:\/\/dermatologie-isarklinikum.de\/digitale-dermatoskopie\/\"><strong>Dermatoskop<\/strong><\/a> (Auflichtmikroskop) hinzugezogen. Hier kann es von Vorteil sein, wenn die Muttermale \/ N\u00e4vi regelm\u00e4ssig dokumentiert, gespeichert und abgeglichen werden (<a href=\"https:\/\/dermatologie-isarklinikum.de\/digitale-dermatoskopie\/\"><strong>Digitale Dermatoskopie<\/strong><\/a>), um m\u00f6gliche Ver\u00e4nderungen zu erkennen.<br class=\"\u201cclear\u201c\" \/>Erg\u00e4nzend k\u00f6nnen wir in unserer Praxis nicht-invasive, bildgebende Verfahren wie die <strong><a href=\"https:\/\/dermatologie-isarklinikum.de\/konfokale-laserscanmikroskopie\/\">Konfokale Laserscanmikroskopie<\/a><\/strong> anwenden, um verd\u00e4chtige Muttermale noch genauer zu untersuchen und eventuell bei gutartigem Befund, eine Operation vermeiden helfen.[\/vc_column_text]<\/div><div class=\"edgtf-tab-container\" id=\"tab-therapie-19\" data-icon-pack=\"font_awesome\" data-icon-html=\"&lt;i class=&quot;edgtf-icon-font-awesome fa  &quot; &gt;&lt;\/i&gt;\">[vc_column_text]Das maligne Melanom muss operativ im Ganzen und mit Sicherheitsabstand entfernt werden. Dieser richtet sich nach der Tumordicke, die histologisch &#8211; also in der feingeweblichen Untersuchung &#8211; festgestellt wird. Je nach Befund und Stadium der Erkrankung kann auch noch eine operative Lymphknoten-Entfernung empfohlen werden (<a href=\"https:\/\/dermatologie-isarklinikum.de\/operationen\/\"><strong>Operationen<\/strong><\/a>) und weitere medikament\u00f6se Therapien n\u00f6tig werden.<br class=\"\u201cclear\u201c\" \/>Eine Durchuntersuchung mit Laborkontrolle und Lymphknoten-<a href=\"https:\/\/dermatologie-isarklinikum.de\/ultraschall\/\"><strong>Ultraschall<\/strong><\/a> &#8211; wie wir es in unserer Praxis auch anbieten &#8211; wird empfohlen.[\/vc_column_text]<\/div><div class=\"edgtf-tab-container\" id=\"tab-nachsorge-50\" data-icon-pack=\"font_awesome\" data-icon-html=\"&lt;i class=&quot;edgtf-icon-font-awesome fa  &quot; &gt;&lt;\/i&gt;\">[vc_column_text]Nach einer Melanom-Diagnose sollte eine regelm\u00e4\u00dfge, sogenannte Tumor-Nachsorge erfolgen mit Ganzk\u00f6rperinspektion der Haut und je nach Stadium auch Lymphknoten-<a href=\"https:\/\/dermatologie-isarklinikum.de\/ultraschall\/\"><strong>Ultraschall<\/strong><\/a> und Blutuntersuchungen. Diese Nachsorge-Untersuchungen bieten wir in unserer Praxis an.[\/vc_column_text]<\/div><\/div>[vc_empty_space height=&#8221;50px&#8221;][\/vc_column][\/vc_row][vc_row content_width=&#8221;grid&#8221;][vc_column offset=&#8221;vc_hidden-xs&#8221;]\t<div class=\"edgtf-call-to-action normal\" style=\"background: -webkit-linear-gradient(left,#c0954b,#e7bd74);background: -o-linear-gradient(right,#c0954b,#e7bd74);background: -moz-linear-gradient(right,#c0954b,#e7bd74);background: linear-gradient(to right,#c0954b,#e7bd74);\">\n\t\t<div class=\"edgtf-call-to-action-inset\" style=\"border-color:#ffffff\"><\/div>\n\t\t\n\t\t\t<div class=\"edgtf-call-to-action-together\" style=\"padding: 20px 10px;text-align:center\">\n\t\t\t\t<div class=\"edgtf-text-wrapper edgtf-call-to-action-column1 edgtf-call-to-action-cell\">\n\t\t\t\t\t\t\t\t\t<div class=\"edgtf-call-to-action-text\" style=\"font-size: 24px;color: #ffffff\">\n<h3 style=\"color: #fff; letter-spacing: 0.02em;\">JETZT TERMIN ONLINE VEREINBAREN<\/h3>\n<\/div>\n\t\t\t\t<\/div>\n\n\t\t\t\t\t\t\t\t\t<div class=\"edgtf-button-wrapper edgtf-call-to-action-column2 edgtf-call-to-action-cell\" style =\"text-align: right ;\">\n\t\t\t\t\t\t<a href=\"https:\/\/www.doctolib.de\/praxis\/muenchen\/dermatologie-im-isarklinikum\" target=\"_blank\" style=\"color: #ffffff\" class=\"edgtf-btn edgtf-btn-medium edgtf-btn-outline edgtf-has-hover edgtf-btn-custom-hover-color\" data-hover-color=\"#ffffff\" >    <span class=\"edgtf-btn-text\">Termin buchen<\/span>    <span class=\"edgtf-btn-background-holder\" style=\"border: 1px solid #ffffff\"><\/span>    <span class=\"edgtf-btn-background-hover-holder\" style=\"background: none;background-color: #1dbadf;border: 1px solid #ffffff\"><\/span><\/a>\t\t\t\t\t<\/div>\n\t\t\t\t\t\t\t<\/div>\n\t\t\t<\/div>\n[vc_empty_space height=&#8221;50px&#8221;][\/vc_column][\/vc_row][vc_row content_width=&#8221;grid&#8221;][vc_column offset=&#8221;vc_hidden-lg vc_hidden-md vc_hidden-sm&#8221;]\t<div class=\"edgtf-call-to-action normal\" style=\"background: -webkit-linear-gradient(left,#c0954b,#e7bd74);background: -o-linear-gradient(right,#c0954b,#e7bd74);background: -moz-linear-gradient(right,#c0954b,#e7bd74);background: linear-gradient(to right,#c0954b,#e7bd74);\">\n\t\t<div class=\"edgtf-call-to-action-inset\" style=\"border-color:#ffffff\"><\/div>\n\t\t\t\t<div class=\"edgtf-container-inner\">\n\t\t\n\t\t\t<div class=\"edgtf-call-to-action-together\" style=\"padding: 10px 10px 19px 10px;text-align:center\">\n\t\t\t\t<div class=\"edgtf-text-wrapper edgtf-call-to-action-column1 edgtf-call-to-action-cell\">\n\t\t\t\t\t\t\t\t\t<div class=\"edgtf-call-to-action-text\" style=\"font-size: 24px;color: #ffffff\"><\/div>\n\t\t\t\t<\/div>\n\n\t\t\t\t\t\t\t\t\t<div class=\"edgtf-button-wrapper edgtf-call-to-action-column2 edgtf-call-to-action-cell\" style =\"text-align: right ;\">\n\t\t\t\t\t\t<a href=\"https:\/\/www.doctolib.de\/praxis\/muenchen\/dermatologie-im-isarklinikum\" target=\"_blank\" style=\"color: #ffffff\" class=\"edgtf-btn edgtf-btn-medium edgtf-btn-outline edgtf-has-hover edgtf-btn-custom-hover-color\" data-hover-color=\"#ffffff\" >    <span class=\"edgtf-btn-text\">Termin buchen<\/span>    <span class=\"edgtf-btn-background-holder\" style=\"border: 1px solid #ffffff\"><\/span>    <span class=\"edgtf-btn-background-hover-holder\" style=\"background: none;background-color: #1dbadf;border: 1px solid #ffffff\"><\/span><\/a>\t\t\t\t\t<\/div>\n\t\t\t\t\t\t\t<\/div>\n\t\t\t\t<\/div>\n\t\t\t<\/div>\n[vc_empty_space height=&#8221;50px&#8221;][\/vc_column][\/vc_row]<\/p>\n","protected":false},"excerpt":{"rendered":"<p>[vc_row][vc_column width=&#8221;1\/3&#8243;][vc_empty_space height=&#8221;8&#8243; css=&#8221;.vc_custom_1529615896815{margin-top: -9px !important;}&#8221;][\/vc_column][vc_column width=&#8221;2\/3&#8243;][vc_column_text]Im Gegensatz zum hellen Hautkrebs kann das maligne Melanom (schwarzer Hautkrebs) nicht nur bei \u00e4lteren Menschen sondern auch im jungen Erwachsenenalter auftreten.[\/vc_column_text][vc_empty_space height=&#8221;20px&#8221;][vc_column_text]Das Melanom ist einer der aggressivsten Hauttumoren, welches ab einer gewissen Tumordicke zu einer Metastasierung f\u00fchren kann&#8230;.<\/p>\n","protected":false},"author":1,"featured_media":0,"parent":0,"menu_order":0,"comment_status":"closed","ping_status":"closed","template":"","meta":{"footnotes":""},"class_list":["post-6742","page","type-page","status-publish","hentry"],"translation":{"provider":"WPGlobus","version":"3.0.2","language":"ar","enabled_languages":["de","ar","ru"],"languages":{"de":{"title":true,"content":true,"excerpt":false},"ar":{"title":false,"content":false,"excerpt":false},"ru":{"title":false,"content":false,"excerpt":false}}},"aioseo_notices":[],"_links":{"self":[{"href":"https:\/\/dermatologie-isarklinikum.de\/ar\/wp-json\/wp\/v2\/pages\/6742","targetHints":{"allow":["GET"]}}],"collection":[{"href":"https:\/\/dermatologie-isarklinikum.de\/ar\/wp-json\/wp\/v2\/pages"}],"about":[{"href":"https:\/\/dermatologie-isarklinikum.de\/ar\/wp-json\/wp\/v2\/types\/page"}],"author":[{"embeddable":true,"href":"https:\/\/dermatologie-isarklinikum.de\/ar\/wp-json\/wp\/v2\/users\/1"}],"replies":[{"embeddable":true,"href":"https:\/\/dermatologie-isarklinikum.de\/ar\/wp-json\/wp\/v2\/comments?post=6742"}],"version-history":[{"count":11,"href":"https:\/\/dermatologie-isarklinikum.de\/ar\/wp-json\/wp\/v2\/pages\/6742\/revisions"}],"predecessor-version":[{"id":7803,"href":"https:\/\/dermatologie-isarklinikum.de\/ar\/wp-json\/wp\/v2\/pages\/6742\/revisions\/7803"}],"wp:attachment":[{"href":"https:\/\/dermatologie-isarklinikum.de\/ar\/wp-json\/wp\/v2\/media?parent=6742"}],"curies":[{"name":"wp","href":"https:\/\/api.w.org\/{rel}","templated":true}]}}