{"id":6718,"date":"2018-06-21T12:23:06","date_gmt":"2018-06-21T12:23:06","guid":{"rendered":"http:\/\/wpderm.dermatologie-isarklinikum.de\/?page_id=6718"},"modified":"2021-02-25T11:57:57","modified_gmt":"2021-02-25T11:57:57","slug":"ekzeme-neurodermitis","status":"publish","type":"page","link":"https:\/\/dermatologie-isarklinikum.de\/ar\/ekzeme-neurodermitis\/","title":{"rendered":"Ekzeme \/ Neurodermitis"},"content":{"rendered":"<p>[vc_row][vc_column width=&#8221;1\/3&#8243;][vc_empty_space height=&#8221;8&#8243; css=&#8221;.vc_custom_1530193305720{margin-top: -9px !important;}&#8221;]\n<h2 class=\"edgtf-custom-font-holder\" style=\"font-weight: 400;text-transform: Uppercase;text-align: left\" >\n\t\n\tNeurodermitis \/ Atopisches Ekzem\n\t\t\n\t<\/h2><div class=\"edgtf-separator-holder clearfix  edgtf-separator-left\">\n\t<div class=\"edgtf-separator\" style=\"border-color: #1dbadf;border-style: solid;width: 75px;border-bottom-width: 2pxpx;margin-top: 22px;margin-bottom: 25px\"><\/div>\n<\/div>\n[\/vc_column][vc_column width=&#8221;2\/3&#8243;][vc_column_text]Das atopische Ekzem oder auch Neurodermitis ist eine weitverbreitete Hauterkrankung des Kindesalters, die aber auch im Erwachsenenalter gro\u00dfe Hautprobleme hervorrufen kann. Die genetische Veranlagung spielt neben Umweltfaktoren eine gro\u00dfe Rolle f\u00fcr das Auftreten des atopischen Ekzems. So ist bekannt, dass Eltern mit allergischer Neigung, ein erh\u00f6htes Risiko haben, diese an ihre Kinder weiterzugeben.[\/vc_column_text][vc_empty_space height=&#8221;20px&#8221;][vc_column_text]Da es sich um eine Neigung zur Ekzementwicklung handelt, kann diese beeinflusst durch unterschiedliche Faktoren mal schwerer und mal leichter verlaufen, bis hin zu jahrelanger Symptomfreiheit. Um dies zu erreichen, ist eine professionelle Anleitung und \u00e4rztliche Begleitung des Patienten wichtig. Denn die richtige und regelm\u00e4\u00dfige Hautpflege ist ein wichtiger Baustein in der Neurodermitis-Therapie.[\/vc_column_text][vc_empty_space height=&#8221;20px&#8221;][vc_column_text]Diese sollte durch eine eingehende Diagnostik unterst\u00fctzt werden, um zum Beispiel bakterielle Begleitinfektionen oder zus\u00e4tzliche bestehende <strong><a href=\"https:\/\/dermatologie-isarklinikum.de\/allergien\/\">Allergien<\/a><\/strong> auszuschliessen.[\/vc_column_text][vc_empty_space height=&#8221;50px&#8221;]<div class=\"edgtf-tabs edgtf-horizontal-tab edgtf-tab-without-icon clearfix\">\n\t<ul class=\"edgtf-tabs-nav\">\n\t\t\t\t\t<li>\n\t\t\t\t<a href=\"#tab-pflegemittel-cremes\">\n\t\t\t\t\t\n\t\t\t\t\t\t\t\t\t\t\t<span class=\"edgtf-tab-text-after-icon\">\n\t\t\t\t\t\t\tPflegemittel \/ Cremes\t\t\t\t\t\t<\/span>\n\t\t\t\t\t\t\t\t\t\t\t\n\t\t\t\t\t\t\t\t\t<\/a>\n\t\t\t\t<div class=\"edgtf-tabs-gradient\"><\/div>\n\t\t\t <\/li>\n\t\t\t\t\t<li>\n\t\t\t\t<a href=\"#tab-lichttherapie\">\n\t\t\t\t\t\n\t\t\t\t\t\t\t\t\t\t\t<span class=\"edgtf-tab-text-after-icon\">\n\t\t\t\t\t\t\tLichttherapie\t\t\t\t\t\t<\/span>\n\t\t\t\t\t\t\t\t\t\t\t\n\t\t\t\t\t\t\t\t\t<\/a>\n\t\t\t\t<div class=\"edgtf-tabs-gradient\"><\/div>\n\t\t\t <\/li>\n\t\t\t\t\t<li>\n\t\t\t\t<a href=\"#tab-einnahme-von-modernen-medikamenten\">\n\t\t\t\t\t\n\t\t\t\t\t\t\t\t\t\t\t<span class=\"edgtf-tab-text-after-icon\">\n\t\t\t\t\t\t\tEinnahme von modernen Medikamenten\t\t\t\t\t\t<\/span>\n\t\t\t\t\t\t\t\t\t\t\t\n\t\t\t\t\t\t\t\t\t<\/a>\n\t\t\t\t<div class=\"edgtf-tabs-gradient\"><\/div>\n\t\t\t <\/li>\n\t\t\t<\/ul> \n\t<div class=\"edgtf-tab-container\" id=\"tab-pflegemittel-cremes-32\" data-icon-pack=\"font_awesome\" data-icon-html=\"&lt;i class=&quot;edgtf-icon-font-awesome fa  &quot; &gt;&lt;\/i&gt;\">[vc_column_text]Neben der sogenannten wichtigen Basistherapie mit Pflegemitteln kann die Neurodermitis mit modernen Cremezubereitungen behandelt werden, den sogenannten Immunmodulatoren. Diese k\u00f6nnen helfen, die H\u00e4ufigkeit der Anwendung von kortisonhaltigen Cremes, auch bei Kindern, zu verringern.[\/vc_column_text]<\/div><div class=\"edgtf-tab-container\" id=\"tab-lichttherapie-898\" data-icon-pack=\"font_awesome\" data-icon-html=\"&lt;i class=&quot;edgtf-icon-font-awesome fa  &quot; &gt;&lt;\/i&gt;\">[vc_column_text]Eine weitere gut vertr\u00e4gliche Therapiem\u00f6glichkeit, vor allem bei Erwachsenen, ist die kontrollierte Lichttherapie, die erg\u00e4nzend eingesetzt werden kann. Hier erfahren Sie mehr:<br \/>\n<br class=\"\u201cclear\u201c\" \/><\/p>\n<p style=\"text-align: center;\"><a href=\"https:\/\/dermatologie-isarklinikum.de\/lichttherapie\/\" target=\"_self\" style=\"color: #fff;font-size: 15px;font-weight: 400\" class=\"edgtf-btn edgtf-btn-small edgtf-btn-solid edgtf-has-hover\"  >\n    <span class=\"edgtf-btn-text\">Lichttherapie<\/span><i class=\"edgtf-icon-font-awesome fa  edgtf-btn-icon-holder\" style=\"\" ><\/i>    <span class=\"edgtf-btn-background-holder\" style=\"background-color: #d6ab60;border: 1px solid #fff\"><\/span>\n    <span class=\"edgtf-btn-background-hover-holder\" style=\"background: none;background-color: #1dbadf;border: 1px solid #fff\"><\/span>\n<\/a><\/p>\n<p>[\/vc_column_text]<\/div><div class=\"edgtf-tab-container\" id=\"tab-einnahme-von-modernen-medikamenten-753\" data-icon-pack=\"font_awesome\" data-icon-html=\"&lt;i class=&quot;edgtf-icon-font-awesome fa  &quot; &gt;&lt;\/i&gt;\">[vc_column_text]F\u00fcr das sehr stark ausgepr\u00e4gte atopische Ekzem stehen mittlerweile modernste Medikamente in Form von Immuntherapien zur Verf\u00fcgung, die spezifisch die Entz\u00fcndungsfaktoren blocken, die zum Auftreten des Ekzems f\u00fchren.[\/vc_column_text]<\/div><\/div>[vc_empty_space height=&#8221;25px&#8221;][\/vc_column][\/vc_row][vc_row css=&#8221;.vc_custom_1529578639056{background-color: #f9f9f9 !important;}&#8221;][vc_column][vc_empty_space height=&#8221;3px&#8221;][\/vc_column][\/vc_row][vc_row css=&#8221;.vc_custom_1529578788669{padding-top: 50px !important;}&#8221;][vc_column width=&#8221;1\/3&#8243;][vc_empty_space height=&#8221;5&#8243; css=&#8221;.vc_custom_1529435402238{margin-top: -9px !important;}&#8221;]\n<h2 class=\"edgtf-custom-font-holder\" style=\"font-weight: 400;text-transform: Uppercase;text-align: left\" >\n\t\n\tEkzeme\n\t\t\n\t<\/h2><div class=\"edgtf-separator-holder clearfix  edgtf-separator-left\">\n\t<div class=\"edgtf-separator\" style=\"border-color: #1dbadf;border-style: solid;width: 75px;border-bottom-width: 2pxpx;margin-top: 22px;margin-bottom: 25px\"><\/div>\n<\/div>\n[\/vc_column][vc_column width=&#8221;2\/3&#8243;][vc_column_text]Eine besonders h\u00e4ufige Form des Ekzems ist das Handekzem. Dieses kann durch Kontaktallergien getriggert sein (siehe auch <strong><a href=\"https:\/\/dermatologie-isarklinikum.de\/allergien\/\">Allergien<\/a><\/strong>), aber auch durch eine gest\u00f6rte Hautbarriere, welche durch immer wiederkehrende Beanspruchung wie regelm\u00e4ssiges H\u00e4ndewaschen, Feuchtarbeiten oder Schmutz- \/ Handwerksarbeiten verursacht wird. Nicht selten besteht zus\u00e4tzlich\u00a0 eine leichte Neigung zur Neurodermitis oder auch Schuppenflechte.[\/vc_column_text][vc_empty_space height=&#8221;20px&#8221;][vc_column_text]Eine genaue Diagnostik und Berufsanamnese ist hier wichtig, um m\u00f6gliche toxische oder allergische Kontaktstoffe zu erkennen. Bakterielle oder mykologische (Hautpilz) Superinfektionen k\u00f6nnen zus\u00e4tzlich eine Heilung behindern und sollten in einer sorgf\u00e4ltigen Diagnostik mittels Abstrichen und Laboruntersuchungen gekl\u00e4rt werden.[\/vc_column_text][vc_empty_space height=&#8221;20px&#8221;][vc_column_text]Neben Allergenkarenz, intensiven Hautschutzma\u00dfnahmen und Pflege k\u00f6nnen medikament\u00f6se Cremetherapien, insbesondere aber auch die Einnahme von modernen Medikamente aus der Retinoid-Familie (Alitretinoin), die speziell zur Behandlung von Handekzemen zugelassen sind, empfohlen werden.[\/vc_column_text][vc_empty_space height=&#8221;75px&#8221;][\/vc_column][\/vc_row][vc_row content_width=&#8221;grid&#8221;][vc_column offset=&#8221;vc_hidden-xs&#8221;]\t<div class=\"edgtf-call-to-action normal\" style=\"background: -webkit-linear-gradient(left,#c0954b,#e7bd74);background: -o-linear-gradient(right,#c0954b,#e7bd74);background: -moz-linear-gradient(right,#c0954b,#e7bd74);background: linear-gradient(to right,#c0954b,#e7bd74);\">\n\t\t<div class=\"edgtf-call-to-action-inset\" style=\"border-color:#ffffff\"><\/div>\n\t\t\n\t\t\t<div class=\"edgtf-call-to-action-together\" style=\"padding: 20px 10px;text-align:center\">\n\t\t\t\t<div class=\"edgtf-text-wrapper edgtf-call-to-action-column1 edgtf-call-to-action-cell\">\n\t\t\t\t\t\t\t\t\t<div class=\"edgtf-call-to-action-text\" style=\"font-size: 24px;color: #ffffff\">\n<h3 style=\"color: #fff; letter-spacing: 0.02em;\">JETZT TERMIN ONLINE VEREINBAREN<\/h3>\n<\/div>\n\t\t\t\t<\/div>\n\n\t\t\t\t\t\t\t\t\t<div class=\"edgtf-button-wrapper edgtf-call-to-action-column2 edgtf-call-to-action-cell\" style =\"text-align: right ;\">\n\t\t\t\t\t\t<a href=\"https:\/\/www.doctolib.de\/praxis\/muenchen\/dermatologie-im-isarklinikum\" target=\"_blank\" style=\"color: #ffffff\" class=\"edgtf-btn edgtf-btn-medium edgtf-btn-outline edgtf-has-hover edgtf-btn-custom-hover-color\" data-hover-color=\"#ffffff\" >    <span class=\"edgtf-btn-text\">Termin buchen<\/span>    <span class=\"edgtf-btn-background-holder\" style=\"border: 1px solid #ffffff\"><\/span>    <span class=\"edgtf-btn-background-hover-holder\" style=\"background: none;background-color: #1dbadf;border: 1px solid #ffffff\"><\/span><\/a>\t\t\t\t\t<\/div>\n\t\t\t\t\t\t\t<\/div>\n\t\t\t<\/div>\n[vc_empty_space height=&#8221;50px&#8221;][\/vc_column][\/vc_row][vc_row content_width=&#8221;grid&#8221;][vc_column offset=&#8221;vc_hidden-lg vc_hidden-md vc_hidden-sm&#8221;]\t<div class=\"edgtf-call-to-action normal\" style=\"background: -webkit-linear-gradient(left,#c0954b,#e7bd74);background: -o-linear-gradient(right,#c0954b,#e7bd74);background: -moz-linear-gradient(right,#c0954b,#e7bd74);background: linear-gradient(to right,#c0954b,#e7bd74);\">\n\t\t<div class=\"edgtf-call-to-action-inset\" style=\"border-color:#ffffff\"><\/div>\n\t\t\t\t<div class=\"edgtf-container-inner\">\n\t\t\n\t\t\t<div class=\"edgtf-call-to-action-together\" style=\"padding: 10px 10px 19px 10px;text-align:center\">\n\t\t\t\t<div class=\"edgtf-text-wrapper edgtf-call-to-action-column1 edgtf-call-to-action-cell\">\n\t\t\t\t\t\t\t\t\t<div class=\"edgtf-call-to-action-text\" style=\"font-size: 24px;color: #ffffff\"><\/div>\n\t\t\t\t<\/div>\n\n\t\t\t\t\t\t\t\t\t<div class=\"edgtf-button-wrapper edgtf-call-to-action-column2 edgtf-call-to-action-cell\" style =\"text-align: right ;\">\n\t\t\t\t\t\t<a href=\"https:\/\/www.doctolib.de\/praxis\/muenchen\/dermatologie-im-isarklinikum\" target=\"_blank\" style=\"color: #ffffff\" class=\"edgtf-btn edgtf-btn-medium edgtf-btn-outline edgtf-has-hover edgtf-btn-custom-hover-color\" data-hover-color=\"#ffffff\" >    <span class=\"edgtf-btn-text\">Termin buchen<\/span>    <span class=\"edgtf-btn-background-holder\" style=\"border: 1px solid #ffffff\"><\/span>    <span class=\"edgtf-btn-background-hover-holder\" style=\"background: none;background-color: #1dbadf;border: 1px solid #ffffff\"><\/span><\/a>\t\t\t\t\t<\/div>\n\t\t\t\t\t\t\t<\/div>\n\t\t\t\t<\/div>\n\t\t\t<\/div>\n[vc_empty_space height=&#8221;50px&#8221;][\/vc_column][\/vc_row]<\/p>\n","protected":false},"excerpt":{"rendered":"<p>[vc_row][vc_column width=&#8221;1\/3&#8243;][vc_empty_space height=&#8221;8&#8243; css=&#8221;.vc_custom_1530193305720{margin-top: -9px !important;}&#8221;][\/vc_column][vc_column width=&#8221;2\/3&#8243;][vc_column_text]Das atopische Ekzem oder auch Neurodermitis ist eine weitverbreitete Hauterkrankung des Kindesalters, die aber auch im Erwachsenenalter gro\u00dfe Hautprobleme hervorrufen kann. Die genetische Veranlagung spielt neben Umweltfaktoren eine gro\u00dfe Rolle f\u00fcr das Auftreten des atopischen Ekzems. So ist bekannt,&#8230;<\/p>\n","protected":false},"author":1,"featured_media":0,"parent":0,"menu_order":0,"comment_status":"closed","ping_status":"closed","template":"","meta":{"footnotes":""},"class_list":["post-6718","page","type-page","status-publish","hentry"],"translation":{"provider":"WPGlobus","version":"3.0.2","language":"ar","enabled_languages":["de","ar","ru"],"languages":{"de":{"title":true,"content":true,"excerpt":false},"ar":{"title":false,"content":false,"excerpt":false},"ru":{"title":false,"content":false,"excerpt":false}}},"aioseo_notices":[],"_links":{"self":[{"href":"https:\/\/dermatologie-isarklinikum.de\/ar\/wp-json\/wp\/v2\/pages\/6718","targetHints":{"allow":["GET"]}}],"collection":[{"href":"https:\/\/dermatologie-isarklinikum.de\/ar\/wp-json\/wp\/v2\/pages"}],"about":[{"href":"https:\/\/dermatologie-isarklinikum.de\/ar\/wp-json\/wp\/v2\/types\/page"}],"author":[{"embeddable":true,"href":"https:\/\/dermatologie-isarklinikum.de\/ar\/wp-json\/wp\/v2\/users\/1"}],"replies":[{"embeddable":true,"href":"https:\/\/dermatologie-isarklinikum.de\/ar\/wp-json\/wp\/v2\/comments?post=6718"}],"version-history":[{"count":12,"href":"https:\/\/dermatologie-isarklinikum.de\/ar\/wp-json\/wp\/v2\/pages\/6718\/revisions"}],"predecessor-version":[{"id":7788,"href":"https:\/\/dermatologie-isarklinikum.de\/ar\/wp-json\/wp\/v2\/pages\/6718\/revisions\/7788"}],"wp:attachment":[{"href":"https:\/\/dermatologie-isarklinikum.de\/ar\/wp-json\/wp\/v2\/media?parent=6718"}],"curies":[{"name":"wp","href":"https:\/\/api.w.org\/{rel}","templated":true}]}}