{"id":6685,"date":"2018-06-19T19:54:08","date_gmt":"2018-06-19T19:54:08","guid":{"rendered":"http:\/\/wpderm.dermatologie-isarklinikum.de\/?page_id=6685"},"modified":"2021-02-25T11:33:24","modified_gmt":"2021-02-25T11:33:24","slug":"akne-rosacea","status":"publish","type":"page","link":"https:\/\/dermatologie-isarklinikum.de\/ar\/akne-rosacea\/","title":{"rendered":"Akne \/ Rosacea"},"content":{"rendered":"<p>[vc_row][vc_column width=&#8221;1\/3&#8243;][vc_empty_space height=&#8221;8&#8243; css=&#8221;.vc_custom_1529658939116{margin-top: -9px !important;}&#8221;]\n<h2 class=\"edgtf-custom-font-holder\" style=\"font-weight: 400;text-transform: Uppercase;text-align: left\" >\n\t\n\tAkne\n\t\t\n\t<\/h2><div class=\"edgtf-separator-holder clearfix  edgtf-separator-left\">\n\t<div class=\"edgtf-separator\" style=\"border-color: #1dbadf;border-style: solid;width: 75px;border-bottom-width: 2pxpx;margin-top: 22px;margin-bottom: 25px\"><\/div>\n<\/div>\n[\/vc_column][vc_column width=&#8221;2\/3&#8243;][vc_column_text]Die Akne ist eine entz\u00fcndliche Erkrankung vor allem des Jugend-Alters, die allerdings auch als <em>Acne tarda<\/em> im Erwachsenenalter Hautprobleme machen kann.[\/vc_column_text][vc_empty_space height=&#8221;20px&#8221;][vc_column_text]Viele Faktoren sind f\u00fcr die Auspr\u00e4gung der Akne verantwortlich, so spielt in erster Linie die hormonelle Umstellung in der Pubert\u00e4t eine wichtige Rolle, aber auch die individuelle Veranlagung, der Hauttyp und eventuelle bakterielle Superinfektionen &#8211; mit <em>Propionibacterium acnes <\/em>oder Staphylokokken.[\/vc_column_text][vc_empty_space height=&#8221;20px&#8221;][vc_column_text]Nachdem jahrelang der Ern\u00e4hrung weniger Bedeutung zugemessen wurde, geben neuere Studien wieder Hinweise auf Zusammenh\u00e4nge zwischen Ern\u00e4hrungsweise und Akne.[\/vc_column_text][vc_empty_space height=&#8221;20px&#8221;][vc_column_text]Bei Auftreten von akneartigen Hautver\u00e4nderungen sollte zur Beratung der Hautarzt aufgesucht werden. Neben bakteriellen und mykologischen (Pilz-)Abstrichen sind Laboruntersuchungen hilfreich, um hormonelle oder entz\u00fcndliche Ver\u00e4nderungen zu erkennen.[\/vc_column_text][vc_empty_space height=&#8221;50px&#8221;]<div class=\"edgtf-tabs edgtf-horizontal-tab edgtf-tab-without-icon clearfix\">\n\t<ul class=\"edgtf-tabs-nav\">\n\t\t\t\t\t<li>\n\t\t\t\t<a href=\"#tab-leichte-akne\">\n\t\t\t\t\t\n\t\t\t\t\t\t\t\t\t\t\t<span class=\"edgtf-tab-text-after-icon\">\n\t\t\t\t\t\t\tLeichte Akne\t\t\t\t\t\t<\/span>\n\t\t\t\t\t\t\t\t\t\t\t\n\t\t\t\t\t\t\t\t\t<\/a>\n\t\t\t\t<div class=\"edgtf-tabs-gradient\"><\/div>\n\t\t\t <\/li>\n\t\t\t\t\t<li>\n\t\t\t\t<a href=\"#tab-schwerere-akneformen\">\n\t\t\t\t\t\n\t\t\t\t\t\t\t\t\t\t\t<span class=\"edgtf-tab-text-after-icon\">\n\t\t\t\t\t\t\tSchwerere Akneformen\t\t\t\t\t\t<\/span>\n\t\t\t\t\t\t\t\t\t\t\t\n\t\t\t\t\t\t\t\t\t<\/a>\n\t\t\t\t<div class=\"edgtf-tabs-gradient\"><\/div>\n\t\t\t <\/li>\n\t\t\t\t\t<li>\n\t\t\t\t<a href=\"#tab-lichttherapie\">\n\t\t\t\t\t\n\t\t\t\t\t\t\t\t\t\t\t<span class=\"edgtf-tab-text-after-icon\">\n\t\t\t\t\t\t\tLichttherapie\t\t\t\t\t\t<\/span>\n\t\t\t\t\t\t\t\t\t\t\t\n\t\t\t\t\t\t\t\t\t<\/a>\n\t\t\t\t<div class=\"edgtf-tabs-gradient\"><\/div>\n\t\t\t <\/li>\n\t\t\t\t\t<li>\n\t\t\t\t<a href=\"#tab-aknenarben-lasertherapie\">\n\t\t\t\t\t\n\t\t\t\t\t\t\t\t\t\t\t<span class=\"edgtf-tab-text-after-icon\">\n\t\t\t\t\t\t\tAknenarben \/ Lasertherapie\t\t\t\t\t\t<\/span>\n\t\t\t\t\t\t\t\t\t\t\t\n\t\t\t\t\t\t\t\t\t<\/a>\n\t\t\t\t<div class=\"edgtf-tabs-gradient\"><\/div>\n\t\t\t <\/li>\n\t\t\t<\/ul> \n\t<div class=\"edgtf-tab-container\" id=\"tab-leichte-akne-425\" data-icon-pack=\"font_awesome\" data-icon-html=\"&lt;i class=&quot;edgtf-icon-font-awesome fa  &quot; &gt;&lt;\/i&gt;\">[vc_column_text]Bei leichter Akne k\u00f6nnen schon Creme-Anwendungen oder antibakterielle Waschlotionen ausreichend sein. Unterst\u00fctzend empfehlen wir immer regelm\u00e4ssige kosmetische Behandlungen (sogenannte Aknetoilette), die durch eine professionelle medizinische Kosmetikerin ausgef\u00fchrt werden sollten.[\/vc_column_text]<\/div><div class=\"edgtf-tab-container\" id=\"tab-schwerere-akneformen-590\" data-icon-pack=\"font_awesome\" data-icon-html=\"&lt;i class=&quot;edgtf-icon-font-awesome fa  &quot; &gt;&lt;\/i&gt;\">[vc_column_text]Schwerere Akneformen bed\u00fcrfen einer medikament\u00f6sen antientz\u00fcndlichen Therapie, dies k\u00f6nnen Antibiotika, aber auch Medikamente der Vitamin-A-S\u00e4ure Familie (Retinoide, z.B. Isotretinoin) sein.<br class=\"\u201cclear\u201c\" \/>Die Einnahme von Isotretinoin muss unter \u00e4rztlicher Kontrolle und nach unauff\u00e4lligen Voruntersuchungen und regelm\u00e4\u00dfigen Laborkontrollen erfolgen. Voraussetzung f\u00fcr die Behandlung ist die Durchf\u00fchrung eines sicheren Verh\u00fctungsschutzes.<br class=\"\u201cclear\u201c\" \/>Auch wenn gewisse Vorkehrungen getroffen werden m\u00fcssen und Nebenwirkungen m\u00f6glich sind, handelt es sich beim Isotretinoin um ein sehr wirksames Medikament in der Aknetherapie, welches bei richtiger Anwendung die Akne zur Ausheilung und die besonders gef\u00fcrchtete Narbenbildung verhindern kann. Aus diesem Grund empfehlen wir immer eine fr\u00fch- und rechtzeitige Vorstellung der betroffenen Jugendlichen beim Dermatologen.[\/vc_column_text]<\/div><div class=\"edgtf-tab-container\" id=\"tab-lichttherapie-698\" data-icon-pack=\"font_awesome\" data-icon-html=\"&lt;i class=&quot;edgtf-icon-font-awesome fa  &quot; &gt;&lt;\/i&gt;\">[vc_column_text]Auch die gezielte und gut vertr\u00e4gliche Behandlung mit Licht in speziellen Lichtkabinen ist neuerdings wieder in den Vordergrund ger\u00fcckt und konnte in Studien einen positiven Effekt auf die Akneentwicklung zeigen. Hier erfahren Sie mehr:<br \/>\n<br class=\"\u201cclear\u201c\" \/><\/p>\n<p style=\"text-align: center;\"><a href=\"https:\/\/dermatologie-isarklinikum.de\/lichttherapie\/\" target=\"_self\" style=\"color: #fff;font-size: 15px;font-weight: 400\" class=\"edgtf-btn edgtf-btn-small edgtf-btn-solid edgtf-has-hover\"  >\n    <span class=\"edgtf-btn-text\">Lichttherapie<\/span><i class=\"edgtf-icon-font-awesome fa  edgtf-btn-icon-holder\" style=\"\" ><\/i>    <span class=\"edgtf-btn-background-holder\" style=\"background-color: #d6ab60;border: 1px solid #fff\"><\/span>\n    <span class=\"edgtf-btn-background-hover-holder\" style=\"background: none;background-color: #1dbadf;border: 1px solid #fff\"><\/span>\n<\/a><\/p>\n<p>[\/vc_column_text]<\/div><div class=\"edgtf-tab-container\" id=\"tab-aknenarben-lasertherapie-674\" data-icon-pack=\"font_awesome\" data-icon-html=\"&lt;i class=&quot;edgtf-icon-font-awesome fa  &quot; &gt;&lt;\/i&gt;\">[vc_column_text]Bei bereits bestehenden Aknenarben kann eine spezielle Lasertherapie hilfreich sein. Hier erfahren Sie mehr:<br \/>\n<br class=\"\u201cclear\u201c\" \/><\/p>\n<p style=\"text-align: center;\"><a href=\"https:\/\/dermatologie-isarklinikum.de\/lasertherapie\/\" target=\"_self\" style=\"color: #fff;font-size: 15px;font-weight: 400\" class=\"edgtf-btn edgtf-btn-small edgtf-btn-solid edgtf-has-hover\"  >\n    <span class=\"edgtf-btn-text\">Aknenarben \/ Lasertherapie<\/span><i class=\"edgtf-icon-font-awesome fa  edgtf-btn-icon-holder\" style=\"\" ><\/i>    <span class=\"edgtf-btn-background-holder\" style=\"background-color: #d6ab60;border: 1px solid #fff\"><\/span>\n    <span class=\"edgtf-btn-background-hover-holder\" style=\"background: none;background-color: #1dbadf;border: 1px solid #fff\"><\/span>\n<\/a><\/p>\n<p>[\/vc_column_text]<\/div><\/div>[vc_empty_space height=&#8221;25px&#8221;][\/vc_column][\/vc_row][vc_row css=&#8221;.vc_custom_1529578639056{background-color: #f9f9f9 !important;}&#8221;][vc_column][vc_empty_space height=&#8221;3px&#8221;][\/vc_column][\/vc_row][vc_row css=&#8221;.vc_custom_1529578788669{padding-top: 50px !important;}&#8221;][vc_column width=&#8221;1\/3&#8243;][vc_empty_space height=&#8221;8&#8243; css=&#8221;.vc_custom_1529659001811{margin-top: -9px !important;}&#8221;]\n<h2 class=\"edgtf-custom-font-holder\" style=\"font-weight: 400;text-transform: Uppercase;text-align: left\" >\n\t\n\tRosacea\n\t\t\n\t<\/h2><div class=\"edgtf-separator-holder clearfix  edgtf-separator-left\">\n\t<div class=\"edgtf-separator\" style=\"border-color: #1dbadf;border-style: solid;width: 75px;border-bottom-width: 2pxpx;margin-top: 22px;margin-bottom: 25px\"><\/div>\n<\/div>\n[\/vc_column][vc_column width=&#8221;2\/3&#8243;][vc_column_text]Die Rosacea wird gelegentlich mit der Akne verwechselt, sie betrifft allerdings eher das mittlere und h\u00f6here Erwachsenenalter. Sie tritt meist im Gesicht auf und kann sich in verschiedenen Auspr\u00e4gungen von permanenten oder anfallsartigen R\u00f6tungen mit geplatzten \u00c4derchen (Teleangiektasien) bis hin zu Kn\u00f6tchen und Pusteln oder auch Verdickung der Nasenhaut durch wuchernde Talgdr\u00fcsen (Rhinophym) zeigen. Nicht selten k\u00f6nnen \u00e4ussere Faktoren eine Rosacea verschlechtern wie Hitze, Sonne, Alkohol, scharfe Speisen u.a.[\/vc_column_text][vc_empty_space height=&#8221;20px&#8221;][vc_column_text]Therapeutisch kommen je nach Stadium verschiedene Ans\u00e4tze in Frage. Wie bei der Akne kann eine abgestimmte, beruhigende kosmetische Behandlung unterst\u00fctzend wirksam sein. Antientz\u00fcndliche Creme- oder Tablettenbehandlungen sind h\u00e4ufig wirkungsvoll. Auch die \u00f6rtliche Hemmung der verst\u00e4rkten Durchblutung und R\u00f6tung durch moderne Cremes kann hilfreich sein.[\/vc_column_text][vc_empty_space height=&#8221;20px&#8221;][vc_column_text]In der Vergangenheit konnte ein Zusammenhang der Rosacea mit der Besiedlung der Haarb\u00e4lger durch sogenannte Haarbalgmilben (Demodex-Milben) gezeigt werden. Hier setzen neuere Creme-Therapien an, die Milben-abt\u00f6tende Substanzen enthalten. Sinnvoll kann hier vor und nach Therapie der Nachweis von Demodex-Milben durch Abstriche und mittels nicht-invasiver Diagnostik (<a href=\"https:\/\/dermatologie-isarklinikum.de\/konfokale-laserscanmikroskopie\/\"><strong>Konfokale Laserscanmikroskopie<\/strong><\/a>) erfolgen.[\/vc_column_text][vc_empty_space height=&#8221;20px&#8221;][vc_column_text]Die geplatzen roten \u00c4derchen lassen sich hervorragend mittels eines speziellen Gef\u00e4\u00dflasers (<a href=\"https:\/\/dermatologie-isarklinikum.de\/lasertherapie\/\"><strong>Lasertherapie<\/strong><\/a>)behandeln.[\/vc_column_text][vc_empty_space height=&#8221;75px&#8221;][\/vc_column][\/vc_row][vc_row content_width=&#8221;grid&#8221; content_aligment=&#8221;right&#8221;][vc_column offset=&#8221;vc_hidden-xs&#8221;]\t<div class=\"edgtf-call-to-action normal\" style=\"background: -webkit-linear-gradient(left,#c0954b,#e7bd74);background: -o-linear-gradient(right,#c0954b,#e7bd74);background: -moz-linear-gradient(right,#c0954b,#e7bd74);background: linear-gradient(to right,#c0954b,#e7bd74);\">\n\t\t<div class=\"edgtf-call-to-action-inset\" style=\"border-color:#ffffff\"><\/div>\n\t\t\n\t\t\t<div class=\"edgtf-call-to-action-together\" style=\"padding: 20px 10px;text-align:center\">\n\t\t\t\t<div class=\"edgtf-text-wrapper edgtf-call-to-action-column1 edgtf-call-to-action-cell\">\n\t\t\t\t\t\t\t\t\t<div class=\"edgtf-call-to-action-text\" style=\"font-size: 24px;color: #ffffff\">\n<h3 style=\"color: #fff; letter-spacing: 0.02em;\">JETZT TERMIN ONLINE VEREINBAREN<\/h3>\n<\/div>\n\t\t\t\t<\/div>\n\n\t\t\t\t\t\t\t\t\t<div class=\"edgtf-button-wrapper edgtf-call-to-action-column2 edgtf-call-to-action-cell\" style =\"text-align: right ;\">\n\t\t\t\t\t\t<a href=\"https:\/\/www.doctolib.de\/praxis\/muenchen\/dermatologie-im-isarklinikum\" target=\"_blank\" style=\"color: #ffffff\" class=\"edgtf-btn edgtf-btn-medium edgtf-btn-outline edgtf-has-hover edgtf-btn-custom-hover-color\" data-hover-color=\"#ffffff\" >    <span class=\"edgtf-btn-text\">Termin buchen<\/span>    <span class=\"edgtf-btn-background-holder\" style=\"border: 1px solid #ffffff\"><\/span>    <span class=\"edgtf-btn-background-hover-holder\" style=\"background: none;background-color: #1dbadf;border: 1px solid #ffffff\"><\/span><\/a>\t\t\t\t\t<\/div>\n\t\t\t\t\t\t\t<\/div>\n\t\t\t<\/div>\n[vc_empty_space height=&#8221;50px&#8221;][\/vc_column][\/vc_row][vc_row content_width=&#8221;grid&#8221;][vc_column offset=&#8221;vc_hidden-lg vc_hidden-md vc_hidden-sm&#8221;]\t<div class=\"edgtf-call-to-action normal\" style=\"background: -webkit-linear-gradient(left,#c0954b,#e7bd74);background: -o-linear-gradient(right,#c0954b,#e7bd74);background: -moz-linear-gradient(right,#c0954b,#e7bd74);background: linear-gradient(to right,#c0954b,#e7bd74);\">\n\t\t<div class=\"edgtf-call-to-action-inset\" style=\"border-color:#ffffff\"><\/div>\n\t\t\t\t<div class=\"edgtf-container-inner\">\n\t\t\n\t\t\t<div class=\"edgtf-call-to-action-together\" style=\"padding: 10px 10px 19px 10px;text-align:center\">\n\t\t\t\t<div class=\"edgtf-text-wrapper edgtf-call-to-action-column1 edgtf-call-to-action-cell\">\n\t\t\t\t\t\t\t\t\t<div class=\"edgtf-call-to-action-text\" style=\"font-size: 24px;color: #ffffff\"><\/div>\n\t\t\t\t<\/div>\n\n\t\t\t\t\t\t\t\t\t<div class=\"edgtf-button-wrapper edgtf-call-to-action-column2 edgtf-call-to-action-cell\" style =\"text-align: right ;\">\n\t\t\t\t\t\t<a href=\"https:\/\/www.doctolib.de\/praxis\/muenchen\/dermatologie-im-isarklinikum\" target=\"_blank\" style=\"color: #ffffff\" class=\"edgtf-btn edgtf-btn-medium edgtf-btn-outline edgtf-has-hover edgtf-btn-custom-hover-color\" data-hover-color=\"#ffffff\" >    <span class=\"edgtf-btn-text\">Termin buchen<\/span>    <span class=\"edgtf-btn-background-holder\" style=\"border: 1px solid #ffffff\"><\/span>    <span class=\"edgtf-btn-background-hover-holder\" style=\"background: none;background-color: #1dbadf;border: 1px solid #ffffff\"><\/span><\/a>\t\t\t\t\t<\/div>\n\t\t\t\t\t\t\t<\/div>\n\t\t\t\t<\/div>\n\t\t\t<\/div>\n[vc_empty_space height=&#8221;50px&#8221;][\/vc_column][\/vc_row]<\/p>\n","protected":false},"excerpt":{"rendered":"<p>[vc_row][vc_column width=&#8221;1\/3&#8243;][vc_empty_space height=&#8221;8&#8243; css=&#8221;.vc_custom_1529658939116{margin-top: -9px !important;}&#8221;][\/vc_column][vc_column width=&#8221;2\/3&#8243;][vc_column_text]Die Akne ist eine entz\u00fcndliche Erkrankung vor allem des Jugend-Alters, die allerdings auch als Acne tarda im Erwachsenenalter Hautprobleme machen kann.[\/vc_column_text][vc_empty_space height=&#8221;20px&#8221;][vc_column_text]Viele Faktoren sind f\u00fcr die Auspr\u00e4gung der Akne verantwortlich, so spielt in erster Linie die hormonelle Umstellung in&#8230;<\/p>\n","protected":false},"author":1,"featured_media":0,"parent":0,"menu_order":0,"comment_status":"closed","ping_status":"closed","template":"","meta":{"footnotes":""},"class_list":["post-6685","page","type-page","status-publish","hentry"],"translation":{"provider":"WPGlobus","version":"3.0.2","language":"ar","enabled_languages":["de","ar","ru"],"languages":{"de":{"title":true,"content":true,"excerpt":false},"ar":{"title":false,"content":false,"excerpt":false},"ru":{"title":false,"content":false,"excerpt":false}}},"aioseo_notices":[],"_links":{"self":[{"href":"https:\/\/dermatologie-isarklinikum.de\/ar\/wp-json\/wp\/v2\/pages\/6685","targetHints":{"allow":["GET"]}}],"collection":[{"href":"https:\/\/dermatologie-isarklinikum.de\/ar\/wp-json\/wp\/v2\/pages"}],"about":[{"href":"https:\/\/dermatologie-isarklinikum.de\/ar\/wp-json\/wp\/v2\/types\/page"}],"author":[{"embeddable":true,"href":"https:\/\/dermatologie-isarklinikum.de\/ar\/wp-json\/wp\/v2\/users\/1"}],"replies":[{"embeddable":true,"href":"https:\/\/dermatologie-isarklinikum.de\/ar\/wp-json\/wp\/v2\/comments?post=6685"}],"version-history":[{"count":34,"href":"https:\/\/dermatologie-isarklinikum.de\/ar\/wp-json\/wp\/v2\/pages\/6685\/revisions"}],"predecessor-version":[{"id":7778,"href":"https:\/\/dermatologie-isarklinikum.de\/ar\/wp-json\/wp\/v2\/pages\/6685\/revisions\/7778"}],"wp:attachment":[{"href":"https:\/\/dermatologie-isarklinikum.de\/ar\/wp-json\/wp\/v2\/media?parent=6685"}],"curies":[{"name":"wp","href":"https:\/\/api.w.org\/{rel}","templated":true}]}}