{"id":6666,"date":"2018-06-19T13:01:21","date_gmt":"2018-06-19T13:01:21","guid":{"rendered":"http:\/\/wpderm.dermatologie-isarklinikum.de\/?page_id=6666"},"modified":"2022-10-22T20:19:41","modified_gmt":"2022-10-22T20:19:41","slug":"dr-med-ilana-goldscheider","status":"publish","type":"page","link":"https:\/\/dermatologie-isarklinikum.de\/ar\/dr-med-ilana-goldscheider\/","title":{"rendered":"\u0627\u0644\u062f\u0643\u062a\u0648\u0631\u0629 \u0627\u064a\u0644\u0627\u0646\u0627 \u063a\u0648\u0644\u062f \u0634\u0627\u064a\u062f\u0631"},"content":{"rendered":"<p>[vc_row content_aligment=&#8221;right&#8221;][vc_column][vc_empty_space height=&#8221;0&#8243; css=&#8221;.vc_custom_1464092997850{margin-top: -9px !important;}&#8221;]\n<h2 class=\"edgtf-custom-font-holder\" style=\"font-size: 33px;font-weight: 400;text-transform: Uppercase;text-align: right\" data-font-size= 33>\n\t\n\t\u0627\u0644\u062f\u0643\u062a\u0648\u0631\u0629 \u0627\u064a\u0644\u0627\u0646\u0627 \u063a\u0648\u0644\u062f \u0634\u0627\u064a\u062f\u0631\n\t\t\n\t<\/h2><div class=\"edgtf-separator-holder clearfix  edgtf-separator-right\">\n\t<div class=\"edgtf-separator\" style=\"border-color: #1dbadf;border-style: solid;width: 75px;border-bottom-width: 2pxpx;margin-top: 22px;margin-bottom: 25px\"><\/div>\n<\/div>\n[\/vc_column][\/vc_row][vc_row content_aligment=&#8221;right&#8221; css=&#8221;.vc_custom_1551707693311{padding-top: 23px !important;padding-bottom: 23px !important;}&#8221;][vc_column width=&#8221;1\/6&#8243;][\/vc_column][vc_column width=&#8221;2\/6&#8243; css=&#8221;.vc_custom_1529392525451{margin-top: -8px !important;}&#8221;][vc_empty_space height=&#8221;10px&#8221;]<div class=\"edgtf-icon-list-item\">\n\t<div class=\"edgtf-icon-list-icon-holder\">\n        <div class=\"edgtf-icon-list-icon-holder-inner clearfix\" style=\"padding-top:8px\">\n\t\t\t<i class=\"edgtf-icon-font-awesome fa fa-check-square-o \" style=\"\" ><\/i>\t\t<\/div>\n\t<\/div>\n\t<p class=\"edgtf-icon-list-text\"  > \u0627\u0644\u0623\u0645\u0631\u0627\u0636 \u0627\u0644\u062c\u0644\u062f\u064a\u0629 \u0627\u0644\u0639\u0627\u0645\u0629<\/p>\n<\/div><div class=\"edgtf-icon-list-item\">\n\t<div class=\"edgtf-icon-list-icon-holder\">\n        <div class=\"edgtf-icon-list-icon-holder-inner clearfix\" style=\"padding-top:8px\">\n\t\t\t<i class=\"edgtf-icon-font-awesome fa fa-check-square-o \" style=\"\" ><\/i>\t\t<\/div>\n\t<\/div>\n\t<p class=\"edgtf-icon-list-text\"  > \u0639\u0644\u0645 \u0627\u0644\u0623\u0648\u0631\u0627\u0645 \u0627\u0644\u062c\u0644\u062f\u064a\u0629<\/p>\n<\/div><div class=\"edgtf-icon-list-item\">\n\t<div class=\"edgtf-icon-list-icon-holder\">\n        <div class=\"edgtf-icon-list-icon-holder-inner clearfix\" style=\"padding-top:8px\">\n\t\t\t<i class=\"edgtf-icon-font-awesome fa fa-check-square-o \" style=\"\" ><\/i>\t\t<\/div>\n\t<\/div>\n\t<p class=\"edgtf-icon-list-text\"  > \u0639\u0644\u0627\u062c \u0627\u0644\u062c\u0644\u062f<\/p>\n<\/div><div class=\"edgtf-icon-list-item\">\n\t<div class=\"edgtf-icon-list-icon-holder\">\n        <div class=\"edgtf-icon-list-icon-holder-inner clearfix\" style=\"padding-top:8px\">\n\t\t\t<i class=\"edgtf-icon-font-awesome fa fa-check-square-o \" style=\"\" ><\/i>\t\t<\/div>\n\t<\/div>\n\t<p class=\"edgtf-icon-list-text\"  > \u0623\u0645\u0631\u0627\u0636 \u0627\u0644\u062c\u0644\u062f \u0627\u0644\u0645\u0631\u062a\u0628\u0637\u0629 \u0628\u0627\u0644\u0627\u0634\u0639\u0629<\/p>\n<\/div><div class=\"edgtf-icon-list-item\">\n\t<div class=\"edgtf-icon-list-icon-holder\">\n        <div class=\"edgtf-icon-list-icon-holder-inner clearfix\" style=\"padding-top:8px\">\n\t\t\t<i class=\"edgtf-icon-font-awesome fa fa-check-square-o \" style=\"\" ><\/i>\t\t<\/div>\n\t<\/div>\n\t<p class=\"edgtf-icon-list-text\"  > \u0639\u0644\u0627\u062c \u0627\u0644\u062d\u0633\u0627\u0633\u064a\u0629<\/p>\n<\/div><div class=\"edgtf-icon-list-item\">\n\t<div class=\"edgtf-icon-list-icon-holder\">\n        <div class=\"edgtf-icon-list-icon-holder-inner clearfix\" style=\"padding-top:8px\">\n\t\t\t<i class=\"edgtf-icon-font-awesome fa fa-check-square-o \" style=\"\" ><\/i>\t\t<\/div>\n\t<\/div>\n\t<p class=\"edgtf-icon-list-text\"  > \u0627\u062c\u0631\u0627\u0621 \u0627\u0644\u0639\u0645\u0644\u064a\u0627\u062a \u0627\u0644\u062c\u0631\u0627\u062d\u064a\u0629<\/p>\n<\/div><div class=\"edgtf-icon-list-item\">\n\t<div class=\"edgtf-icon-list-icon-holder\">\n        <div class=\"edgtf-icon-list-icon-holder-inner clearfix\" style=\"padding-top:8px\">\n\t\t\t<i class=\"edgtf-icon-font-awesome fa fa-check-square-o \" style=\"\" ><\/i>\t\t<\/div>\n\t<\/div>\n\t<p class=\"edgtf-icon-list-text\"  > \u062a\u062c\u0645\u064a\u0644<\/p>\n<\/div><div class=\"edgtf-icon-list-item\">\n\t<div class=\"edgtf-icon-list-icon-holder\">\n        <div class=\"edgtf-icon-list-icon-holder-inner clearfix\" style=\"padding-top:8px\">\n\t\t\t<i class=\"edgtf-icon-font-awesome fa fa-check-square-o \" style=\"\" ><\/i>\t\t<\/div>\n\t<\/div>\n\t<p class=\"edgtf-icon-list-text\"  > \u0627\u0644\u0639\u0644\u0627\u062c \u0628\u0627\u0644\u0644\u064a\u0632\u0631<\/p>\n<\/div>[\/vc_column][vc_column width=&#8221;3\/6&#8243;][vc_single_image image=&#8221;6575&#8243; img_size=&#8221;full&#8221;][vc_empty_space height=&#8221;25px&#8221;][\/vc_column][\/vc_row][vc_row content_aligment=&#8221;right&#8221; css=&#8221;.vc_custom_1551706170600{padding-bottom: 2px !important;}&#8221;][vc_column][vc_column_text]\u062a\u0639\u064a\u0634 \u0627\u0644\u062f\u0643\u062a\u0648\u0631\u0629 \u0625\u064a\u0644\u0627\u0646\u0627 \u063a\u0648\u0644\u062f\u0634\u0627\u064a\u062f\u0631 \u0641\u064a \u0645\u064a\u0648\u0646\u064a\u062e \u0648\u0644\u062f\u064a\u0647\u0627 \u0637\u0641\u0644\u0627\u0646[\/vc_column_text][vc_empty_space height=&#8221;20px&#8221;][vc_column_text]\u0628\u0639\u062f \u062f\u0631\u0627\u0633\u0629 \u0627\u0644\u0637\u0628 \u0641\u064a \u062c\u0627\u0645\u0639\u0629 \u0644\u0648\u062f\u0641\u064a\u063a-\u0645\u0627\u0643\u0633\u064a\u0645\u064a\u0644\u064a\u0627\u0646 \u0641\u064a \u0645\u064a\u0648\u0646\u064a\u062e\u060c \u0645\u0639 \u0627\u0644\u0625\u0642\u0627\u0645\u0627\u062a \u0641\u064a \u0632\u064a\u0648\u0631\u064a\u062e \u0648\u0646\u064a\u0648\u064a\u0648\u0631\u0643 \u0648\u062a\u0644 \u0623\u0628\u064a\u0628\u060c \u062d\u0635\u0644\u062a \u0639\u0644\u0649 \u0634\u0647\u0627\u062f\u0629 \u0627\u0644\u062f\u0643\u062a\u0648\u0631\u0627\u0647 \u0641\u064a \u0645\u0633\u062a\u0634\u0641\u0649 \u0627\u0644\u0623\u0645\u0631\u0627\u0636 \u0627\u0644\u062c\u0644\u062f\u064a\u0629 \u0648\u0627\u0644\u062d\u0633\u0627\u0633\u064a\u0629 \u0641\u064a \u062c\u0627\u0645\u0639\u0629 \u0644\u0648\u062f\u0641\u064a\u063a \u0645\u0627\u0643\u0633\u064a\u0645\u064a\u0644\u064a\u0627\u0646 \u0641\u064a \u0645\u064a\u0648\u0646\u064a\u062e \u0648\u0623\u0646\u0647\u062a \u0627\u062e\u062a\u0635\u0627\u0635\u0647\u0627 \u0641\u064a \u0639\u0644\u0645 \u0627\u0644\u0627\u0645\u0631\u0627\u0636 \u0627\u0644\u062c\u0644\u062f\u064a\u0629 \u0648 \u0627\u0644\u062a\u0646\u0627\u0633\u0644\u064a\u0629 \u0628\u0625\u0634\u0631\u0627\u0641 \u0627\u0644\u0623\u0633\u062a\u0627\u0630 \u0627\u0644\u062f\u0643\u062a\u0648\u0631 \u062a\u0648\u0645\u0627\u0633 \u0631\u0648\u0632\u064a\u0643\u0627\u060c \u0648\u062a\u0644\u0642\u062a \u0647\u0646\u0627\u0643 \u0643\u0637\u0628\u064a\u0628\u0629 \u0645\u0633\u0627\u0639\u062f\u0629 \u0648\u0641\u064a\u0645\u0627 \u0628\u0639\u062f \u0643\u0637\u0628\u064a\u0628\u0629 \u0623\u062e\u0635\u0627\u0626\u064a\u0629 \u062a\u062f\u0631\u064a\u0628 \u0648\u0627\u0633\u0639 \u0627\u0644\u0646\u0637\u0627\u0642 \u0648\u0639\u0645\u064a\u0642.[\/vc_column_text][vc_empty_space height=&#8221;20px&#8221;][vc_column_text]\u062a\u0639\u0645\u0644 \u0627\u0644\u062f\u0643\u062a\u0648\u0631\u0629 \u063a\u0648\u0644\u062f\u0634\u0627\u064a\u062f\u0631 \u0644\u0623\u0643\u062b\u0631 \u0645\u0646 8 \u0633\u0646\u0648\u0627\u062a \u0641\u064a \u062c\u0645\u064a\u0639 \u0627\u0644\u0623\u0642\u0633\u0627\u0645 \u0648\u0627\u0644\u0639\u064a\u0627\u062f\u0627\u062a \u0627\u0644\u062a\u062e\u0635\u0635\u064a\u0629 \u0641\u064a \u0623\u0643\u0628\u0631 \u0645\u0633\u062a\u0634\u0641\u0649 \u0644\u0644\u0623\u0645\u0631\u0627\u0636 \u0627\u0644\u062c\u0644\u062f\u064a\u0629 \u0641\u064a \u0623\u0648\u0631\u0648\u0628\u0627 \u060c \u0648\u0642\u062f \u0627\u0643\u062a\u0633\u0628\u062a \u0645\u0639\u0631\u0641\u0629 \u062c\u064a\u062f\u0629 \u062c\u062f\u0627 \u0641\u064a \u062c\u0645\u064a\u0639 \u0645\u062c\u0627\u0644\u0627\u062a \u0627\u0644\u0623\u0645\u0631\u0627\u0636 \u0627\u0644\u062c\u0644\u062f\u064a\u0629 \u060c\u0648\u0627\u0644\u062a\u0646\u0627\u0633\u0644\u064a\u0629\u060c \u0648\u0627\u0644\u062d\u0633\u0627\u0633\u064a\u0629. \u0631\u0643\u0632\u062a \u0641\u064a \u0645\u062c\u0627\u0644 \u0627\u062e\u062a\u0635\u0627\u0635\u0647\u0627 \u0639\u0644\u0649 \u0627\u0644\u062a\u0634\u062e\u064a\u0635 \u0648\u0627\u0644\u0639\u0644\u0627\u062c \u0645\u0646 \u0623\u0645\u0631\u0627\u0636 \u0627\u0644\u062d\u0633\u0627\u0633\u064a\u0629 \u0648\u0623\u0645\u0631\u0627\u0636 \u0627\u0644\u0645\u0646\u0627\u0639\u0629 \u0627\u0644\u0630\u0627\u062a\u064a\u0629 \u060c \u0648\u0627\u0644\u0639\u0644\u0627\u062c \u0645\u0646 \u0627\u0644\u0635\u062f\u0641\u064a\u0629 \u060c \u0627\u0644\u0623\u0648\u0631\u0627\u0645 \u0627\u0644\u062c\u0644\u062f\u064a\u0629 \u0627\u0644\u0623\u0645\u0631\u0627\u0636 \u0627\u0644\u062c\u0644\u062f\u064a\u0629 \u0648\u0627\u0644\u0639\u064a\u0627\u062f\u0627\u062a \u0627\u0644\u062e\u0627\u0631\u062c\u064a\u0629 \u0627\u0644\u062b\u0627\u0628\u062a\u0629 \u0648\u0627\u0644\u062c\u0631\u0627\u062d\u0629 \u0627\u0644\u062c\u0644\u062f\u064a\u0629.[\/vc_column_text][vc_empty_space height=&#8221;20px&#8221;][vc_column_text]\u0648\u0642\u062f \u0627\u062c\u0631\u062a \u0627\u0644\u062f\u0643\u062a\u0648\u0631\u0629 \u063a\u0648\u0644\u062f\u0634\u0627\u064a\u062f\u0631 \u0627\u0644\u0639\u062f\u064a\u062f \u0645\u0646 \u0627\u0644\u062f\u0631\u0627\u0633\u0627\u062a \u0627\u0644\u0633\u0631\u064a\u0631\u064a\u0629 \u0639\u0644\u0649 \u0627\u0644\u0639\u0644\u0627\u062c\u0627\u062a \u0627\u0644\u0645\u0628\u062a\u0643\u0631\u0629 \u0644\u0644\u0623\u0643\u0632\u064a\u0645\u0627 \u060c \u0627\u0644\u0635\u062f\u0641\u064a\u0629 \u060c \u0623\u0645\u0631\u0627\u0636 \u0627\u0644\u0645\u0646\u0627\u0639\u0629 \u0627\u0644\u0630\u0627\u062a\u064a\u0629 \u0648\u0633\u0631\u0637\u0627\u0646 \u0627\u0644\u062c\u0644\u062f. \u0648\u0647\u064a \u062a\u0642\u0648\u0645 \u0628\u0646\u0634\u0631\u0645\u0646\u0634\u0648\u0631\u0627\u062a \u0641\u064a \u0627\u0644\u0639\u062f\u064a\u062f \u0645\u0646 \u0627\u0644\u062f\u0648\u0631\u064a\u0627\u062a \u0627\u0644\u0648\u0637\u0646\u064a\u0629 \u0648\u0627\u0644\u062f\u0648\u0644\u064a\u0629 \u0648\u0643\u0627\u0646\u062a \u0646\u0627\u0634\u0637\u0629 \u0643\u0645\u062a\u062d\u062f\u062b\u0629 \u0641\u064a \u0627\u0644\u0639\u062f\u064a\u062f \u0645\u0646 \u0627\u0644\u0645\u0624\u062a\u0645\u0631\u0627\u062a \u0627\u0644\u0648\u0637\u0646\u064a\u0629 \u0648\u0627\u0644\u062f\u0648\u0644\u064a\u0629.[\/vc_column_text][vc_empty_space height=&#8221;50px&#8221;][\/vc_column][\/vc_row][vc_row content_aligment=&#8221;right&#8221; css=&#8221;.vc_custom_1551706405060{padding-bottom: 50px !important;}&#8221;][vc_column]<div class=\"edgtf-accordion-holder clearfix edgtf-accordion edgtf-initial \">\n\t<h4 class=\"clearfix edgtf-title-holder\">\n\t<span class=\"edgtf-acc-gradient\"><\/span>\n\t<span class=\"edgtf-tab-title\">\n\t\t<span class=\"edgtf-tab-title-inner\">\n\t\t\t\u0628\u064a\u0627\u0646\u0627\u062a\t\t<\/span>\n\t<\/span>\n\t<span class=\"edgtf-accordion-mark\">\n\t\t<span class=\"edgtf-accordion-mark-icon\">\n\t\t\t<span class=\"icon_plus\"><\/span>\n\t\t\t<span class=\"icon_minus-06\"><\/span>\n\t\t<\/span>\n\t<\/span>\n<\/h4>\n<div class=\"edgtf-accordion-content\">\n\t<div class=\"edgtf-accordion-content-inner\">\n\t\t[vc_column_text]<span style=\"color: #d6ab60;\"><strong>2018<\/strong><\/span> \u0627\u062e\u062a\u0635\u0627\u0635 \u0625\u0636\u0627\u0641\u064a \u0639\u0644\u0627\u062c \u0627\u0644\u0623\u0648\u0631\u0627\u0645 \u0627\u0644\u062f\u0648\u0627\u0626\u064a<br \/>\n<span style=\"color: #d6ab60;\"><strong>2017<\/strong><\/span> \u0627\u0633\u062a\u0634\u0627\u0631\u064a\u0629 \u0641\u064a \u0627\u0644\u0623\u0645\u0631\u0627\u0636 \u0627\u0644\u062c\u0644\u062f\u064a\u0629 \u0641\u064a \u0645\u0633\u062a\u0634\u0641\u0649 \u0627\u0632\u0627\u0631 \u0641\u064a \u0645\u064a\u0648\u0646\u062e<br \/>\n<span style=\"color: #d6ab60;\"><strong>2016<\/strong><\/span> \u062a\u0639\u064a\u064a\u0646\u0647\u0627 \u0643\u0637\u0628\u064a\u0628\u0629 \u0641\u064a \u0627\u0644\u0623\u0645\u0631\u0627\u0636 \u0627\u0644\u062c\u0644\u062f\u064a\u0629 \u0648 \u0627\u0644\u062a\u0646\u0627\u0633\u0644\u064a\u0629<br \/>\n<span style=\"color: #d6ab60;\"><strong>2010 &#8211; 2016<\/strong><\/span> \u0637\u0628\u064a\u0628\u0629 \u0645\u0633\u0627\u0639\u062f\u0629 \u0641\u064a \u0645\u0633\u062a\u0634\u0641\u0649 \u0627\u0644\u0623\u0645\u0631\u0627\u0636 \u0627\u0644\u062c\u0644\u062f\u064a\u0629 \u0648\u0627\u0644\u062d\u0633\u0627\u0633\u064a\u0629 \u0641\u064a \u062c\u0627\u0645\u0639\u0629 \u0644\u0648\u062f\u0641\u064a\u063a \u0645\u0627\u0643\u0633\u064a\u0645\u064a\u0644\u064a\u0627\u0646 \u0645\u064a\u0648\u0646\u064a\u062e<br \/>\n<span style=\"color: #d6ab60;\"><strong>2009<\/strong><\/span> \u062f\u0643\u062a\u0648\u0631\u0627\u0647 \u062d\u0648\u0644 \u0627\u0644\u0641\u062d\u0648\u0635\u0627\u062a \u0627\u0644\u062c\u064a\u0646\u064a\u0629 \u0627\u0644\u0645\u0646\u0627\u0639\u064a\u0629 \u0644\u062a\u0639\u062f\u062f \u0627\u0644\u0623\u0634\u0643\u0627\u0644 \u0641\u064a<br \/>\nMHC-Klasse-Ib-Gen HLA-G \u0627\u0644\u063a\u064a\u0631 \u0643\u0644\u0627\u0633\u064a\u0643\u064a\u0629 \u0645\u0639 \u0627\u0644\u0627\u0645\u0631\u0627\u0636 \u0627\u0644\u062c\u0644\u062f\u064a\u0629 \u0627\u0644\u0641\u0642\u0627\u0639\u0627\u0646\u064a\u0629 \u0627\u0644\u0646\u0627\u062c\u0645\u0629 \u0639\u0646 \u0627\u0644\u062d\u0645\u0644.<br \/>\nImmungenetische Untersuchungen zur Assoziation von Polymorphismen im nicht-klassischen MHC-Klasse-Ib-Gen HLA-G mit der schwangerschaftsinduzierten Autoimmundermatose Pemphigoid gestationis\u201c<br \/>\n<strong><span style=\"color: #d6ab60;\">2009<\/span><\/strong> \u0627\u0644\u062d\u0635\u0648\u0644 \u0639\u0644\u0649 \u062a\u0631\u062e\u064a\u0635 \u0645\u0632\u0627\u0648\u0644\u0629 \u0627\u0644\u0645\u0647\u0646\u0629 \u0627\u0644\u062f\u0627\u0626\u0645<br \/>\n<span style=\"color: #d6ab60;\"><strong>1998 &#8211; 2006<\/strong><\/span> \u062f\u0631\u0627\u0633\u0629 \u0627\u0644\u0637\u0628 \u0627\u0644\u0628\u0634\u0631\u064a \u0641\u064a \u062c\u0627\u0645\u0639\u0629 \u0644\u0648\u062f\u0641\u064a\u063a \u0645\u0627\u0643\u0633\u064a\u0645\u064a\u0644\u064a\u0627\u0646 \u0641\u064a \u0645\u064a\u0648\u0646\u064a\u062e[\/vc_column_text]\t<\/div>\n<\/div><h4 class=\"clearfix edgtf-title-holder\">\n\t<span class=\"edgtf-acc-gradient\"><\/span>\n\t<span class=\"edgtf-tab-title\">\n\t\t<span class=\"edgtf-tab-title-inner\">\n\t\t\tMitgliedschaften\t\t<\/span>\n\t<\/span>\n\t<span class=\"edgtf-accordion-mark\">\n\t\t<span class=\"edgtf-accordion-mark-icon\">\n\t\t\t<span class=\"icon_plus\"><\/span>\n\t\t\t<span class=\"icon_minus-06\"><\/span>\n\t\t<\/span>\n\t<\/span>\n<\/h4>\n<div class=\"edgtf-accordion-content\">\n\t<div class=\"edgtf-accordion-content-inner\">\n\t\t[vc_column_text]<\/p>\n<p style=\"text-align: left;\">Deutsche Dermatologische Gesellschaft (DDG)<br \/>\nDeutsche Gesellschaft f\u00fcr Allergologie und Klinische Immunologie (DGAKI)<br \/>\nM\u00fcnchner Dermatologische Gesellschaft (MDG)<\/p>\n<p>[\/vc_column_text]\t<\/div>\n<\/div><h4 class=\"clearfix edgtf-title-holder\">\n\t<span class=\"edgtf-acc-gradient\"><\/span>\n\t<span class=\"edgtf-tab-title\">\n\t\t<span class=\"edgtf-tab-title-inner\">\n\t\t\tPublikationen\t\t<\/span>\n\t<\/span>\n\t<span class=\"edgtf-accordion-mark\">\n\t\t<span class=\"edgtf-accordion-mark-icon\">\n\t\t\t<span class=\"icon_plus\"><\/span>\n\t\t\t<span class=\"icon_minus-06\"><\/span>\n\t\t<\/span>\n\t<\/span>\n<\/h4>\n<div class=\"edgtf-accordion-content\">\n\t<div class=\"edgtf-accordion-content-inner\">\n\t\t[vc_column_text]<\/p>\n<p style=\"text-align: left;\">Zhang C, Goldscheider I, Ruzicka T, S\u00e1rdy M.<br \/>\n<span style=\"color: #d6ab60;\"><strong>Pemphigus Vulgaris Persistently Localized to the Nose with Local and Systemic Response to Topical Steroids.<\/strong><\/span><br \/>\n<em>Acta Derm Venereol. 2017 Oct 2;97(9):1136-1137. doi: 10.2340\/00015555-2725. PMID: 28597020<div class=\"edgtf-separator-holder clearfix  edgtf-separator-center edgtf-separator-full-width\">\n\t<div class=\"edgtf-separator\" style=\"border-style: dashed;border-bottom-width: 1px;margin-bottom: 5px\"><\/div>\n<\/div>\n<\/em><\/p>\n<p style=\"text-align: left;\">Heppt MV, Goldscheider I, Tietze JK, Berking C.<br \/>\n<span style=\"color: #d6ab60;\"><strong>Intralesional interleukin-2 for unresectable mucosal melanoma refractory to nivolumab.<\/strong><\/span><br \/>\n<em>Cancer Immunol Immunother. 2017 Oct;66(10):1377-1378. doi: 10.1007\/s00262-017-2012-0. Epub 2017 May 11. No abstract available. PMID: 28497158<div class=\"edgtf-separator-holder clearfix  edgtf-separator-center edgtf-separator-full-width\">\n\t<div class=\"edgtf-separator\" style=\"border-style: dashed;border-bottom-width: 1px;margin-bottom: 5px\"><\/div>\n<\/div>\n<\/em><\/p>\n<p style=\"text-align: left;\">N Horv\u00e1th O, Letul\u00e9 V, Ruzicka T, Herzinger T, Goldscheider I, von Braunm\u00fchl T.<br \/>\n<span style=\"color: #d6ab60;\"><strong>Periocular discoloration after using a prostaglandin analog for eyelash enhancement: evaluation with reflectance confocal microscopy.<\/strong><\/span><br \/>\n<em>J Cosmet Dermatol. 2017 Mar;16(1):18-20. doi: 10.1111\/jocd.12281. Epub 2016 Sep 5. PMID: 27595988<div class=\"edgtf-separator-holder clearfix  edgtf-separator-center edgtf-separator-full-width\">\n\t<div class=\"edgtf-separator\" style=\"border-style: dashed;border-bottom-width: 1px;margin-bottom: 5px\"><\/div>\n<\/div>\n<\/em><\/p>\n<p style=\"text-align: left;\">Hermans C, Goldscheider I, Ruzicka T, Rongioletti F.<br \/>\n<span style=\"color: #d6ab60;\"><strong>Atypical discrete papular lichen myxedematosus associated with monoclonal gammopathy: report of four cases and review of the literature.<\/strong><\/span><br \/>\n<em>J Eur Acad Dermatol Venereol. 2016 Dec;30(12):2048-2051. doi: 10.1111\/jdv.13833. Epub 2016 Jul 16. Review.<div class=\"edgtf-separator-holder clearfix  edgtf-separator-center edgtf-separator-full-width\">\n\t<div class=\"edgtf-separator\" style=\"border-style: dashed;border-bottom-width: 1px;margin-bottom: 5px\"><\/div>\n<\/div>\n<\/em><\/p>\n<p style=\"text-align: left;\">Reinholz M, Eder I, Przybilla B, Schauber J, Wollenberg A, Wulffen W, Goldscheider I, Varga R, Ruzicka T, Schaumann A, Ru\u00ebff F.<br \/>\n<span style=\"color: #d6ab60;\"><strong>Photoallergic contact dermatitis due to treatment of pulmonary fibrosis with pirfenidone.<\/strong><\/span><br \/>\n<em>J Eur Acad Dermatol Venereol. 2016 Feb;30(2):370-1. doi: 10.1111\/jdv.12794. Epub 2014 Oct 20. No abstract available.<div class=\"edgtf-separator-holder clearfix  edgtf-separator-center edgtf-separator-full-width\">\n\t<div class=\"edgtf-separator\" style=\"border-style: dashed;border-bottom-width: 1px;margin-bottom: 5px\"><\/div>\n<\/div>\n<\/em><\/p>\n<p style=\"text-align: left;\">Goldscheider I, Herzinger T, Varga R, Eming R, Ruzicka T, Flaig MJ, S\u00e1rdy M.<br \/>\n<span style=\"color: #d6ab60;\"><strong>Childhood lichen planus pemphigoides: report of two cases treated successfully with systemic glucocorticoids and dapsone.<\/strong><\/span><br \/>\n<em>Pediatr Dermatol. 2014 Nov-Dec;31(6):751-3. doi: 10.1111\/pde.12214. Epub 2013 Oct 21. PMID: 24138413<div class=\"edgtf-separator-holder clearfix  edgtf-separator-center edgtf-separator-full-width\">\n\t<div class=\"edgtf-separator\" style=\"border-style: dashed;border-bottom-width: 1px;margin-bottom: 5px\"><\/div>\n<\/div>\n<\/em><\/p>\n<p style=\"text-align: left;\">Borovaya A, Kunte C, Flaig MJ, Albrecht K, Goldscheider I, Korting HC, Ruzicka T, S\u00e1rdy M.<br \/>\n<span style=\"color: #d6ab60;\"><strong>Disseminated cutaneous glomangiomas in an adolescent boy.<\/strong><\/span><br \/>\n<em>Acta Derm Venereol. 2012 May;92(3):324-5. doi: 10.2340\/00015555-1281. No abstract available. PMID: 22294072<\/em><\/p>\n<p>[\/vc_column_text]\t<\/div>\n<\/div><\/div>[\/vc_column][\/vc_row]<\/p>\n","protected":false},"excerpt":{"rendered":"<p>[vc_row content_aligment=&#8221;right&#8221;][vc_column][vc_empty_space height=&#8221;0&#8243; css=&#8221;.vc_custom_1464092997850{margin-top: -9px !important;}&#8221;][\/vc_column][\/vc_row][vc_row content_aligment=&#8221;right&#8221; css=&#8221;.vc_custom_1551707693311{padding-top: 23px !important;padding-bottom: 23px !important;}&#8221;][vc_column width=&#8221;1\/6&#8243;][\/vc_column][vc_column width=&#8221;2\/6&#8243; css=&#8221;.vc_custom_1529392525451{margin-top: -8px !important;}&#8221;][vc_empty_space height=&#8221;10px&#8221;][\/vc_column][vc_column width=&#8221;3\/6&#8243;][vc_single_image image=&#8221;6575&#8243; img_size=&#8221;full&#8221;][vc_empty_space height=&#8221;25px&#8221;][\/vc_column][\/vc_row][vc_row content_aligment=&#8221;right&#8221; css=&#8221;.vc_custom_1551706170600{padding-bottom: 2px !important;}&#8221;][vc_column][vc_column_text]\u062a\u0639\u064a\u0634 \u0627\u0644\u062f\u0643\u062a\u0648\u0631\u0629 \u0625\u064a\u0644\u0627\u0646\u0627 \u063a\u0648\u0644\u062f\u0634\u0627\u064a\u062f\u0631 \u0641\u064a \u0645\u064a\u0648\u0646\u064a\u062e \u0648\u0644\u062f\u064a\u0647\u0627 \u0637\u0641\u0644\u0627\u0646[\/vc_column_text][vc_empty_space height=&#8221;20px&#8221;][vc_column_text]\u0628\u0639\u062f \u062f\u0631\u0627\u0633\u0629 \u0627\u0644\u0637\u0628 \u0641\u064a \u062c\u0627\u0645\u0639\u0629 \u0644\u0648\u062f\u0641\u064a\u063a-\u0645\u0627\u0643\u0633\u064a\u0645\u064a\u0644\u064a\u0627\u0646 \u0641\u064a \u0645\u064a\u0648\u0646\u064a\u062e\u060c \u0645\u0639 \u0627\u0644\u0625\u0642\u0627\u0645\u0627\u062a \u0641\u064a \u0632\u064a\u0648\u0631\u064a\u062e&#8230;<\/p>\n","protected":false},"author":1,"featured_media":0,"parent":0,"menu_order":0,"comment_status":"closed","ping_status":"closed","template":"","meta":{"footnotes":""},"class_list":["post-6666","page","type-page","status-publish","hentry"],"translation":{"provider":"WPGlobus","version":"3.0.2","language":"ar","enabled_languages":["de","ar","ru"],"languages":{"de":{"title":true,"content":true,"excerpt":false},"ar":{"title":true,"content":true,"excerpt":false},"ru":{"title":true,"content":true,"excerpt":false}}},"aioseo_notices":[],"_links":{"self":[{"href":"https:\/\/dermatologie-isarklinikum.de\/ar\/wp-json\/wp\/v2\/pages\/6666","targetHints":{"allow":["GET"]}}],"collection":[{"href":"https:\/\/dermatologie-isarklinikum.de\/ar\/wp-json\/wp\/v2\/pages"}],"about":[{"href":"https:\/\/dermatologie-isarklinikum.de\/ar\/wp-json\/wp\/v2\/types\/page"}],"author":[{"embeddable":true,"href":"https:\/\/dermatologie-isarklinikum.de\/ar\/wp-json\/wp\/v2\/users\/1"}],"replies":[{"embeddable":true,"href":"https:\/\/dermatologie-isarklinikum.de\/ar\/wp-json\/wp\/v2\/comments?post=6666"}],"version-history":[{"count":14,"href":"https:\/\/dermatologie-isarklinikum.de\/ar\/wp-json\/wp\/v2\/pages\/6666\/revisions"}],"predecessor-version":[{"id":7825,"href":"https:\/\/dermatologie-isarklinikum.de\/ar\/wp-json\/wp\/v2\/pages\/6666\/revisions\/7825"}],"wp:attachment":[{"href":"https:\/\/dermatologie-isarklinikum.de\/ar\/wp-json\/wp\/v2\/media?parent=6666"}],"curies":[{"name":"wp","href":"https:\/\/api.w.org\/{rel}","templated":true}]}}